{"id":3512,"date":"2018-10-07T15:06:52","date_gmt":"2018-10-07T15:06:52","guid":{"rendered":"https:\/\/blogsaverroes.juntadeandalucia.es\/ceipcampodelsur\/?page_id=3512"},"modified":"2020-12-07T13:17:28","modified_gmt":"2020-12-07T12:17:28","slug":"proyecto-educativo-2","status":"publish","type":"page","link":"https:\/\/blogsaverroes.juntadeandalucia.es\/ceipcampodelsur\/proyecto-educativo-2\/","title":{"rendered":"Proyecto Educativo"},"content":{"rendered":"<p><a href=\"https:\/\/blogsaverroes.juntadeandalucia.es\/ceipcampodelsur\/files\/2020\/12\/Proyecto-Educativo.pdf\" target=\"_blank\" rel=\"noopener noreferrer\"><strong>VER DOCUMENTO COMPLETO<\/strong><\/a><\/p>\n<p>0.- Introducci\u00f3n.&nbsp;&nbsp;&nbsp;&nbsp;&nbsp;&nbsp;&nbsp;&nbsp;&nbsp;&nbsp;&nbsp;&nbsp;&nbsp;&nbsp;&nbsp;&nbsp;&nbsp;&nbsp;&nbsp;&nbsp;&nbsp;&nbsp;&nbsp;&nbsp;&nbsp;&nbsp;&nbsp;&nbsp;&nbsp;&nbsp;&nbsp;&nbsp;&nbsp;&nbsp;&nbsp;&nbsp;&nbsp;&nbsp;&nbsp;&nbsp;&nbsp;&nbsp;&nbsp;&nbsp;&nbsp;&nbsp;&nbsp;&nbsp;&nbsp;&nbsp;&nbsp;&nbsp;&nbsp;&nbsp;&nbsp;&nbsp;&nbsp;&nbsp;&nbsp;&nbsp;&nbsp;&nbsp;&nbsp;&nbsp;&nbsp;&nbsp;&nbsp; &nbsp;&nbsp;&nbsp;&nbsp;&nbsp;&nbsp;&nbsp;&nbsp;<\/p>\n<p>1.- An\u00e1lisis del contexto.&nbsp;&nbsp;&nbsp;&nbsp;&nbsp;&nbsp;&nbsp;&nbsp;&nbsp;&nbsp;&nbsp;&nbsp;&nbsp;&nbsp;&nbsp;&nbsp;&nbsp;&nbsp;&nbsp;&nbsp;&nbsp;&nbsp;&nbsp;&nbsp;&nbsp;&nbsp;&nbsp;&nbsp;&nbsp;&nbsp;&nbsp;&nbsp;&nbsp;&nbsp;&nbsp;&nbsp;&nbsp;<\/p>\n<p><a href=\"https:\/\/drive.google.com\/open?id=1NfXBAk6H2Fwy5juesPjEmrXw4VRZ6O7XqXm3nygaucI\">2.- Objetivos generales del Centro.<\/a><\/p>\n<p>3.- L\u00edneas generales de actuaci\u00f3n pedag\u00f3gica.<\/p>\n<p>4.- Objetivos generales del centro para la mejora del rendimiento Escolar.<\/p>\n<p>5.- Los contenidos curriculares.<\/p>\n<p>6.- Los criterios pedag\u00f3gicos para la determinaci\u00f3n del horario de dedicaci\u00f3n de las personas responsables de los \u00f3rganos de coordinaci\u00f3n docente,<\/p>\n<p>7.- Procedimientos y criterios comunes de evaluaci\u00f3n.<\/p>\n<p>8.- La forma de atenci\u00f3n a la diversidad del alumnado y la organizaci\u00f3n de las actividades de refuerzo.<\/p>\n<p>9.- Plan de orientaci\u00f3n y acci\u00f3n tutorial.<\/p>\n<p>10.- Procedimiento para suscribir compromisos educativos y de convivencia con las familias.<\/p>\n<p>11.- Plan de convivencia.<\/p>\n<p>12.- Plan de formaci\u00f3n del profesorado.<\/p>\n<p>13.- Criterios para organizar y distribuir el tiempo escolar.<\/p>\n<p>14.- Procedimientos de evaluaci\u00f3n interna.<\/p>\n<p>15.- criterios para establecer los agrupamientos del alumnado y para la asignaci\u00f3n de tutor\u00edas.<\/p>\n<p>16.- Criterios para elaborar las propuestas pedag\u00f3gicas y las programaciones did\u00e1cticas.<\/p>\n<p>17.- Planes estrat\u00e9gicos del centro.<\/p>\n","protected":false},"excerpt":{"rendered":"<p>VER DOCUMENTO COMPLETO 0.- Introducci\u00f3n.&nbsp;&nbsp;&nbsp;&nbsp;&nbsp;&nbsp;&nbsp;&nbsp;&nbsp;&nbsp;&nbsp;&nbsp;&nbsp;&nbsp;&nbsp;&nbsp;&nbsp;&nbsp;&nbsp;&nbsp;&nbsp;&nbsp;&nbsp;&nbsp;&nbsp;&nbsp;&nbsp;&nbsp;&nbsp;&nbsp;&nbsp;&nbsp;&nbsp;&nbsp;&nbsp;&nbsp;&nbsp;&nbsp;&nbsp;&nbsp;&nbsp;&nbsp;&nbsp;&nbsp;&nbsp;&nbsp;&nbsp;&nbsp;&nbsp;&nbsp;&nbsp;&nbsp;&nbsp;&nbsp;&nbsp;&nbsp;&nbsp;&nbsp;&nbsp;&nbsp;&nbsp;&nbsp;&nbsp;&nbsp;&nbsp;&nbsp;&nbsp; &nbsp;&nbsp;&nbsp;&nbsp;&nbsp;&nbsp;&nbsp;&nbsp; 1.- An\u00e1lisis del contexto.&nbsp;&nbsp;&nbsp;&nbsp;&nbsp;&nbsp;&nbsp;&nbsp;&nbsp;&nbsp;&nbsp;&nbsp;&nbsp;&nbsp;&nbsp;&nbsp;&nbsp;&nbsp;&nbsp;&nbsp;&nbsp;&nbsp;&nbsp;&nbsp;&nbsp;&nbsp;&nbsp;&nbsp;&nbsp;&nbsp;&nbsp;&nbsp;&nbsp;&nbsp;&nbsp;&nbsp;&nbsp; 2.- Objetivos generales del Centro. 3.- L\u00edneas generales de actuaci\u00f3n pedag\u00f3gica. 4.- Objetivos generales del centro para la mejora del rendimiento Escolar. 5.- Los&#46;&#46;&#46;<\/p>\n","protected":false},"author":1906,"featured_media":0,"parent":0,"menu_order":0,"comment_status":"closed","ping_status":"closed","template":"","meta":{"ngg_post_thumbnail":0,"footnotes":""},"aioseo_notices":[],"_links":{"self":[{"href":"https:\/\/blogsaverroes.juntadeandalucia.es\/ceipcampodelsur\/wp-json\/wp\/v2\/pages\/3512"}],"collection":[{"href":"https:\/\/blogsaverroes.juntadeandalucia.es\/ceipcampodelsur\/wp-json\/wp\/v2\/pages"}],"about":[{"href":"https:\/\/blogsaverroes.juntadeandalucia.es\/ceipcampodelsur\/wp-json\/wp\/v2\/types\/page"}],"author":[{"embeddable":true,"href":"https:\/\/blogsaverroes.juntadeandalucia.es\/ceipcampodelsur\/wp-json\/wp\/v2\/users\/1906"}],"replies":[{"embeddable":true,"href":"https:\/\/blogsaverroes.juntadeandalucia.es\/ceipcampodelsur\/wp-json\/wp\/v2\/comments?post=3512"}],"version-history":[{"count":7,"href":"https:\/\/blogsaverroes.juntadeandalucia.es\/ceipcampodelsur\/wp-json\/wp\/v2\/pages\/3512\/revisions"}],"predecessor-version":[{"id":4341,"href":"https:\/\/blogsaverroes.juntadeandalucia.es\/ceipcampodelsur\/wp-json\/wp\/v2\/pages\/3512\/revisions\/4341"}],"wp:attachment":[{"href":"https:\/\/blogsaverroes.juntadeandalucia.es\/ceipcampodelsur\/wp-json\/wp\/v2\/media?parent=3512"}],"curies":[{"name":"wp","href":"https:\/\/api.w.org\/{rel}","templated":true}]}}