{"id":3518,"date":"2018-10-07T15:08:09","date_gmt":"2018-10-07T15:08:09","guid":{"rendered":"https:\/\/blogsaverroes.juntadeandalucia.es\/ceipcampodelsur\/?page_id=3518"},"modified":"2020-12-07T13:16:38","modified_gmt":"2020-12-07T12:16:38","slug":"proyecto-de-gestion","status":"publish","type":"page","link":"https:\/\/blogsaverroes.juntadeandalucia.es\/ceipcampodelsur\/proyecto-de-gestion\/","title":{"rendered":"Proyecto de Gesti\u00f3n"},"content":{"rendered":"<p><a href=\"https:\/\/blogsaverroes.juntadeandalucia.es\/ceipcampodelsur\/files\/2020\/12\/Proyecto-de-gesti\u00f3n.pdf\" target=\"_blank\" rel=\"noopener noreferrer\"><strong>VER DOCUMENTO COMPLETO<\/strong><\/a><\/p>\n<p><strong>1. <\/strong>Criterios para la elaboraci\u00f3n del presupuesto anual del centro y para la distribuci\u00f3n de los ingresos entre las distintas partidas del centro.<\/p>\n<p>2. Criterios para la gesti\u00f3n de las sustituciones de las ausencias del profesorado.<\/p>\n<p>3. Medidas para la conservaci\u00f3n y renovaci\u00f3n de las instalaciones y del equipamiento escolar.<\/p>\n<p>4. Criterios para la obtenci\u00f3n de ingresos derivados de la prestaci\u00f3n de servicios distintos de los gravados por tasas, as\u00ed como otros fondos procedentes de entes p\u00fablicos, privados o particulares. Todo ello sin perjuicio de que reciban de la administraci\u00f3n los recursos econ\u00f3micos para el cumplimiento de sus objetivos.<\/p>\n<p>5. Procedimientos para la elaboraci\u00f3n del inventario anual general del centro.<\/p>\n<p>6. Criterios para una gesti\u00f3n sostenible de los recursos del centro y de los residuos que genere, que, en todo caso, ser\u00e1 eficiente y compatible con la conservaci\u00f3n del medio ambiente.<\/p>\n<p>7. Cualesquiera otros aspectos relativos a la gesti\u00f3n econ\u00f3mica del centro no contemplados en la normativa vigente, a la que. En todo caso, debe supeditarse.<\/p>\n","protected":false},"excerpt":{"rendered":"<p>VER DOCUMENTO COMPLETO 1. Criterios para la elaboraci\u00f3n del presupuesto anual del centro y para la distribuci\u00f3n de los ingresos entre las distintas partidas del centro. 2. Criterios para la gesti\u00f3n de las sustituciones&#46;&#46;&#46;<\/p>\n","protected":false},"author":1906,"featured_media":0,"parent":0,"menu_order":0,"comment_status":"closed","ping_status":"closed","template":"","meta":{"ngg_post_thumbnail":0,"footnotes":""},"aioseo_notices":[],"_links":{"self":[{"href":"https:\/\/blogsaverroes.juntadeandalucia.es\/ceipcampodelsur\/wp-json\/wp\/v2\/pages\/3518"}],"collection":[{"href":"https:\/\/blogsaverroes.juntadeandalucia.es\/ceipcampodelsur\/wp-json\/wp\/v2\/pages"}],"about":[{"href":"https:\/\/blogsaverroes.juntadeandalucia.es\/ceipcampodelsur\/wp-json\/wp\/v2\/types\/page"}],"author":[{"embeddable":true,"href":"https:\/\/blogsaverroes.juntadeandalucia.es\/ceipcampodelsur\/wp-json\/wp\/v2\/users\/1906"}],"replies":[{"embeddable":true,"href":"https:\/\/blogsaverroes.juntadeandalucia.es\/ceipcampodelsur\/wp-json\/wp\/v2\/comments?post=3518"}],"version-history":[{"count":5,"href":"https:\/\/blogsaverroes.juntadeandalucia.es\/ceipcampodelsur\/wp-json\/wp\/v2\/pages\/3518\/revisions"}],"predecessor-version":[{"id":4340,"href":"https:\/\/blogsaverroes.juntadeandalucia.es\/ceipcampodelsur\/wp-json\/wp\/v2\/pages\/3518\/revisions\/4340"}],"wp:attachment":[{"href":"https:\/\/blogsaverroes.juntadeandalucia.es\/ceipcampodelsur\/wp-json\/wp\/v2\/media?parent=3518"}],"curies":[{"name":"wp","href":"https:\/\/api.w.org\/{rel}","templated":true}]}}