{"id":3528,"date":"2018-10-07T15:18:23","date_gmt":"2018-10-07T15:18:23","guid":{"rendered":"https:\/\/blogsaverroes.juntadeandalucia.es\/ceipcampodelsur\/?page_id=3528"},"modified":"2020-01-16T11:56:59","modified_gmt":"2020-01-16T11:56:59","slug":"prodig","status":"publish","type":"page","link":"https:\/\/blogsaverroes.juntadeandalucia.es\/ceipcampodelsur\/prodig\/","title":{"rendered":"PRODIG"},"content":{"rendered":"<h3 style=\"text-align: center\"><a href=\"http:\/\/www.juntadeandalucia.es\/educacion\/webportal\/web\/planes-y-programas\/programa-de-digitalizacion-de-centro\">Programa de Digitalizaci\u00f3n de Centro.<\/a><\/h3>\n<p>&nbsp;<\/p>\n<p><strong><span style=\"text-decoration: underline\">SELFIE<\/span><\/strong>.<\/p>\n<p>Vas a realizar un cuestionario sobre utilizaci\u00f3n de las tecnolog\u00edas. Lo va a hacer alumnado de 5\u00ba y 6\u00ba de colegios de toda Andaluc\u00eda.<\/p>\n<p style=\"text-align: center\">Haz clic en la imagen para empezar<\/p>\n<p><a href=\"https:\/\/schools-go-digital.jrc.ec.europa.eu\/self-assessment?s=GwX3613&amp;lang=es\"><img decoding=\"async\" class=\"size-medium wp-image-3782 aligncenter\" src=\"https:\/\/blogsaverroes.juntadeandalucia.es\/ceipcampodelsur\/files\/2019\/11\/selfie-300x162.jpg\" alt=\"\" width=\"300\" height=\"162\" srcset=\"https:\/\/blogsaverroes.juntadeandalucia.es\/ceipcampodelsur\/files\/2019\/11\/selfie-300x162.jpg 300w, https:\/\/blogsaverroes.juntadeandalucia.es\/ceipcampodelsur\/files\/2019\/11\/selfie-24x13.jpg 24w, https:\/\/blogsaverroes.juntadeandalucia.es\/ceipcampodelsur\/files\/2019\/11\/selfie-36x19.jpg 36w, https:\/\/blogsaverroes.juntadeandalucia.es\/ceipcampodelsur\/files\/2019\/11\/selfie-48x26.jpg 48w, https:\/\/blogsaverroes.juntadeandalucia.es\/ceipcampodelsur\/files\/2019\/11\/selfie.jpg 306w\" sizes=\"(max-width: 300px) 100vw, 300px\" \/><\/a><\/p>\n<p><strong><span style=\"text-decoration: underline\">ALUMNADO DE 5\u00ba Y 6\u00ba.<\/span><\/strong><\/p>\n<p>Vamos a hacer un curso <strong>MOOC,&nbsp; <\/strong>que es&nbsp; un curso masivo, abierto y online, no tutorizado. Lo va a realizar alumnado de 5\u00ba y 6\u00ba de muchos colegios e institutos de Andaluc\u00eda. Para poder entrar necesit\u00e1is un usuario y contrase\u00f1a que os facilitamos en el colegio.<\/p>\n<p>Para el <strong>alumnado&nbsp;<\/strong> los contenidos son los correspondientes al <strong>\u00e1rea 1 de la Competencia Digital Ciudadana<\/strong>: identidad y huella digital, seguridad de navegaci\u00f3n en la Red y ciudadan\u00eda digital; estos contenidos son los mismos, pero tratados de diferente manera seg\u00fan la edad.<\/p>\n<ul>\n<li>\u201cDigCompPrimaria\u201d: dirigido a alumnado con edades correspondientes a los niveles educativos de 5\u00ba y 6\u00ba de Primaria.<\/li>\n<\/ul>\n<p>Haz clic para acceder a los cursos&nbsp; haz clic en la imagen<\/p>\n<p><a href=\"https:\/\/moocedu.juntadeandalucia.es\/\"><img decoding=\"async\" class=\"size-medium wp-image-3785 aligncenter\" src=\"https:\/\/blogsaverroes.juntadeandalucia.es\/ceipcampodelsur\/files\/2019\/11\/mooc-300x164.jpg\" alt=\"\" width=\"300\" height=\"164\" srcset=\"https:\/\/blogsaverroes.juntadeandalucia.es\/ceipcampodelsur\/files\/2019\/11\/mooc-300x164.jpg 300w, https:\/\/blogsaverroes.juntadeandalucia.es\/ceipcampodelsur\/files\/2019\/11\/mooc-24x13.jpg 24w, https:\/\/blogsaverroes.juntadeandalucia.es\/ceipcampodelsur\/files\/2019\/11\/mooc-36x20.jpg 36w, https:\/\/blogsaverroes.juntadeandalucia.es\/ceipcampodelsur\/files\/2019\/11\/mooc-48x26.jpg 48w, https:\/\/blogsaverroes.juntadeandalucia.es\/ceipcampodelsur\/files\/2019\/11\/mooc.jpg 303w\" sizes=\"(max-width: 300px) 100vw, 300px\" \/><\/a><\/p>\n<p>&nbsp;<\/p>\n<p>&nbsp;<\/p>\n<p>&nbsp;<\/p>\n","protected":false},"excerpt":{"rendered":"<p>Programa de Digitalizaci\u00f3n de Centro. &nbsp; SELFIE. Vas a realizar un cuestionario sobre utilizaci\u00f3n de las tecnolog\u00edas. Lo va a hacer alumnado de 5\u00ba y 6\u00ba de colegios de toda Andaluc\u00eda. Haz clic en&#46;&#46;&#46;<\/p>\n","protected":false},"author":1906,"featured_media":0,"parent":0,"menu_order":0,"comment_status":"closed","ping_status":"closed","template":"","meta":{"ngg_post_thumbnail":0,"footnotes":""},"aioseo_notices":[],"_links":{"self":[{"href":"https:\/\/blogsaverroes.juntadeandalucia.es\/ceipcampodelsur\/wp-json\/wp\/v2\/pages\/3528"}],"collection":[{"href":"https:\/\/blogsaverroes.juntadeandalucia.es\/ceipcampodelsur\/wp-json\/wp\/v2\/pages"}],"about":[{"href":"https:\/\/blogsaverroes.juntadeandalucia.es\/ceipcampodelsur\/wp-json\/wp\/v2\/types\/page"}],"author":[{"embeddable":true,"href":"https:\/\/blogsaverroes.juntadeandalucia.es\/ceipcampodelsur\/wp-json\/wp\/v2\/users\/1906"}],"replies":[{"embeddable":true,"href":"https:\/\/blogsaverroes.juntadeandalucia.es\/ceipcampodelsur\/wp-json\/wp\/v2\/comments?post=3528"}],"version-history":[{"count":14,"href":"https:\/\/blogsaverroes.juntadeandalucia.es\/ceipcampodelsur\/wp-json\/wp\/v2\/pages\/3528\/revisions"}],"predecessor-version":[{"id":3812,"href":"https:\/\/blogsaverroes.juntadeandalucia.es\/ceipcampodelsur\/wp-json\/wp\/v2\/pages\/3528\/revisions\/3812"}],"wp:attachment":[{"href":"https:\/\/blogsaverroes.juntadeandalucia.es\/ceipcampodelsur\/wp-json\/wp\/v2\/media?parent=3528"}],"curies":[{"name":"wp","href":"https:\/\/api.w.org\/{rel}","templated":true}]}}