{"id":872,"date":"2015-03-16T12:50:42","date_gmt":"2015-03-16T12:50:42","guid":{"rendered":"http:\/\/blogsaverroes.juntadeandalucia.es\/pre\/ceip\/?page_id=120"},"modified":"2024-01-31T10:44:01","modified_gmt":"2024-01-31T09:44:01","slug":"contactar","status":"publish","type":"page","link":"https:\/\/blogsaverroes.juntadeandalucia.es\/ceipcampodelsur\/contactar\/","title":{"rendered":"CONTACTO CON EL CENTRO"},"content":{"rendered":"<table>\n<tbody>\n<tr>\n<td style=\"background-color: #d5f5b8\">\n<h2 style=\"text-align: center\">Para ser atendidos de forma adecuada, soliciten cita previa, a trav\u00e9s del correo electr\u00f3nico o tel\u00e9fono.<\/h2>\n<h2 style=\"text-align: center\"><strong>Tel\u00e9fono:<\/strong> 956243285<\/h2>\n<h2 style=\"text-align: center\"><strong>email:<\/strong>&nbsp;11001178.edu@juntadeandalucia.es<\/h2>\n<h2 style=\"text-align: center\">Las familias del alumnado tambi\u00e9n podr\u00e1n pedir cita utilizando Ipasen y la agenda escolar.<\/h2>\n<\/td>\n<\/tr>\n<\/tbody>\n<\/table>\n","protected":false},"excerpt":{"rendered":"<p>Para ser atendidos de forma adecuada, soliciten cita previa, a trav\u00e9s del correo electr\u00f3nico o tel\u00e9fono. Tel\u00e9fono: 956243285 email:&nbsp;11001178.edu@juntadeandalucia.es Las familias del alumnado tambi\u00e9n podr\u00e1n pedir cita utilizando Ipasen y la agenda escolar.<\/p>\n","protected":false},"author":1,"featured_media":0,"parent":0,"menu_order":0,"comment_status":"closed","ping_status":"open","template":"","meta":{"ngg_post_thumbnail":0,"footnotes":""},"aioseo_notices":[],"_links":{"self":[{"href":"https:\/\/blogsaverroes.juntadeandalucia.es\/ceipcampodelsur\/wp-json\/wp\/v2\/pages\/872"}],"collection":[{"href":"https:\/\/blogsaverroes.juntadeandalucia.es\/ceipcampodelsur\/wp-json\/wp\/v2\/pages"}],"about":[{"href":"https:\/\/blogsaverroes.juntadeandalucia.es\/ceipcampodelsur\/wp-json\/wp\/v2\/types\/page"}],"author":[{"embeddable":true,"href":"https:\/\/blogsaverroes.juntadeandalucia.es\/ceipcampodelsur\/wp-json\/wp\/v2\/users\/1"}],"replies":[{"embeddable":true,"href":"https:\/\/blogsaverroes.juntadeandalucia.es\/ceipcampodelsur\/wp-json\/wp\/v2\/comments?post=872"}],"version-history":[{"count":9,"href":"https:\/\/blogsaverroes.juntadeandalucia.es\/ceipcampodelsur\/wp-json\/wp\/v2\/pages\/872\/revisions"}],"predecessor-version":[{"id":4742,"href":"https:\/\/blogsaverroes.juntadeandalucia.es\/ceipcampodelsur\/wp-json\/wp\/v2\/pages\/872\/revisions\/4742"}],"wp:attachment":[{"href":"https:\/\/blogsaverroes.juntadeandalucia.es\/ceipcampodelsur\/wp-json\/wp\/v2\/media?parent=872"}],"curies":[{"name":"wp","href":"https:\/\/api.w.org\/{rel}","templated":true}]}}