{"id":474,"date":"2020-12-18T08:32:40","date_gmt":"2020-12-18T07:32:40","guid":{"rendered":"https:\/\/blogsaverroes.juntadeandalucia.es\/pre\/plantilla-backbag\/?page_id=474"},"modified":"2023-01-26T13:58:26","modified_gmt":"2023-01-26T12:58:26","slug":"contactar-con-el-centro","status":"publish","type":"page","link":"https:\/\/blogsaverroes.juntadeandalucia.es\/ceipcamposoto\/contactar-con-el-centro\/","title":{"rendered":"Contactar"},"content":{"rendered":"<p><span style=\"font-size: 12pt\"><strong><span style=\"color: #ff0000\">Pueden contactar con el centro por distintos medios<\/span><\/strong><\/span><\/p>\n<p><strong><span style=\"color: #000080\">MAIL:<\/span> <\/strong>11006619.edu@juntadeandalucia.es<\/p>\n<p><strong><span style=\"color: #000080\">CORREO POSTAL:<\/span><\/strong> C\/ Dr. Pedro Gonz\u00e1lez de la Torre s\/n. 11100 San Fernando (C\u00e1diz).<\/p>\n<p><strong><span style=\"color: #000080\">EN EL PROPIO CENTRO:<\/span> <\/strong>Horario de Administraci\u00f3n y Secretar\u00eda, de lunes a viernes de 10:00 a 12:00<\/p>\n<p><strong><span style=\"color: #000080\">UTILIZANDO PLATAFORMAS:<\/span><\/strong> Ipasen&nbsp;<\/p>\n<p><strong><span style=\"color: #000080\">POR TEL\u00c9FONO:<\/span><\/strong> Al n\u00famero 956243442<\/p>\n","protected":false},"excerpt":{"rendered":"<p>Pueden contactar con el centro por distintos medios MAIL: 11006619.edu@juntadeandalucia.es CORREO POSTAL: C\/ Dr. Pedro Gonz\u00e1lez de la Torre s\/n. 11100 San Fernando (C\u00e1diz). EN EL PROPIO CENTRO: Horario de Administraci\u00f3n y Secretar\u00eda, de&#46;&#46;&#46;<\/p>\n","protected":false},"author":15593,"featured_media":0,"parent":0,"menu_order":0,"comment_status":"closed","ping_status":"closed","template":"","meta":{"ngg_post_thumbnail":0,"footnotes":""},"aioseo_notices":[],"_links":{"self":[{"href":"https:\/\/blogsaverroes.juntadeandalucia.es\/ceipcamposoto\/wp-json\/wp\/v2\/pages\/474"}],"collection":[{"href":"https:\/\/blogsaverroes.juntadeandalucia.es\/ceipcamposoto\/wp-json\/wp\/v2\/pages"}],"about":[{"href":"https:\/\/blogsaverroes.juntadeandalucia.es\/ceipcamposoto\/wp-json\/wp\/v2\/types\/page"}],"author":[{"embeddable":true,"href":"https:\/\/blogsaverroes.juntadeandalucia.es\/ceipcamposoto\/wp-json\/wp\/v2\/users\/15593"}],"replies":[{"embeddable":true,"href":"https:\/\/blogsaverroes.juntadeandalucia.es\/ceipcamposoto\/wp-json\/wp\/v2\/comments?post=474"}],"version-history":[{"count":5,"href":"https:\/\/blogsaverroes.juntadeandalucia.es\/ceipcamposoto\/wp-json\/wp\/v2\/pages\/474\/revisions"}],"predecessor-version":[{"id":1378,"href":"https:\/\/blogsaverroes.juntadeandalucia.es\/ceipcamposoto\/wp-json\/wp\/v2\/pages\/474\/revisions\/1378"}],"wp:attachment":[{"href":"https:\/\/blogsaverroes.juntadeandalucia.es\/ceipcamposoto\/wp-json\/wp\/v2\/media?parent=474"}],"curies":[{"name":"wp","href":"https:\/\/api.w.org\/{rel}","templated":true}]}}