{"id":141,"date":"2015-03-17T07:13:24","date_gmt":"2015-03-17T07:13:24","guid":{"rendered":"http:\/\/blogsaverroes.juntadeandalucia.es\/pre\/ceip\/?page_id=141"},"modified":"2016-03-01T01:05:58","modified_gmt":"2016-03-01T00:05:58","slug":"escolarizacion","status":"publish","type":"page","link":"https:\/\/blogsaverroes.juntadeandalucia.es\/ceipcapitancortes\/escolarizacion\/","title":{"rendered":"Escolarizaci\u00f3n"},"content":{"rendered":"<h1 style=\"text-align: justify\"><a href=\"http:\/\/blogsaverroes.juntadeandalucia.es\/ceipcapitancortes\/files\/2015\/03\/logo-esc-y-matri-16-17.png\"><img loading=\"lazy\" decoding=\"async\" class=\"alignnone size-medium wp-image-2157\" src=\"http:\/\/blogsaverroes.juntadeandalucia.es\/ceipcapitancortes\/files\/2015\/03\/logo-esc-y-matri-16-17-300x57.png\" alt=\"logo esc y matri 16-17\" width=\"300\" height=\"57\" srcset=\"https:\/\/blogsaverroes.juntadeandalucia.es\/ceipcapitancortes\/files\/2015\/03\/logo-esc-y-matri-16-17-300x57.png 300w, https:\/\/blogsaverroes.juntadeandalucia.es\/ceipcapitancortes\/files\/2015\/03\/logo-esc-y-matri-16-17.png 625w\" sizes=\"(max-width: 300px) 100vw, 300px\" \/><\/a>\u00a0 \u00a0 \u00a0 \u00a0 \u00a0<em><span style=\"color: #008000\"><strong>\u00abDesde 1943, Equidad y Excelencia Educativas\u00bb<\/strong><\/span><\/em><\/h1>\n<p style=\"text-align: justify\">El plazo para solicitar plaza escolar en nuestro Colegio, tanto para Educaci\u00f3n Infantil como Educaci\u00f3n Primaria, es del 1 al 31 de marzo. Tambi\u00e9n puede consultar el Tabl\u00f3n de anuncios, los enlaces del <a href=\"http:\/\/www.juntadeandalucia.es\/educacion\/webportal\/web\/portal-escolarizacion\/infantil-primaria-eso-bachillerato\" target=\"_blank\">Portal de Escolarizaci\u00f3n<\/a> de la Consejer\u00eda de Educaci\u00f3n de la Junta de Andaluc\u00eda que se ofrecen m\u00e1s abajo, visitarnos en horario de 10:00 a 12:00 h de lunes a jueves, a trav\u00e9s del tel\u00e9fono 953 539 998 en el mismo horario y d\u00edas o por correo electr\u00f3nico 23000453.edu@juntadeandalucia.es<\/p>\n<p style=\"text-align: justify\">Puede descargar el\u00a0<a href=\"http:\/\/blogsaverroes.juntadeandalucia.es\/ceipcapitancortes\/files\/2015\/03\/Impreso_Solicitud_Admision_Anexo_III.pdf\">Impreso_Solicitud_Admision_Anexo_III<\/a>\u00a0o recogerlo en la Secretar\u00eda del Colegio.<\/p>\n<p style=\"text-align: justify\">La <span style=\"text-decoration: underline\">oferta inicial<\/span> es: 50 plazas en Ed. Infantil de 3 a\u00f1os, 5 en\u00a0Ed. Infantil de 4\u00a0a\u00f1os, 1 en 1\u00ba de Educaci\u00f3n Primaria, 1 en 3\u00ba de Educaci\u00f3n Primaria y\u00a01 en 4\u00ba de Educaci\u00f3n Primaria.<\/p>\n<p style=\"text-align: justify\">Para ayudar a conciliar la vida familiar y laboral, <span style=\"text-decoration: underline\">ofrecemos todos los servicios del Plan de Apoyo a las Familias Andaluzas<\/span>:\u00a0<em>Actividades extraescolares<\/em> (Ingl\u00e9s, Nataci\u00f3n, Refuerzo Educativo, Manualidades-Teatro&#8230;), 50 plazas de <em>Comedor Escolar<\/em> en un turno y 30 plazas de <em>Aula Matinal<\/em>, as\u00ed como bonificaciones para quien lo solicite y tenga derecho conforme a baremo. Si se alcanza el n\u00famero m\u00e1ximo de solicitudes en Aula Matinal y Comedor Escolar, se aplicar\u00e1n los criterios establecidos en normativa para adjudicar las plazas, quedando el resto en lista de espera.<\/p>\n<p style=\"text-align: justify\"><a title=\"Procedimiento\" href=\"http:\/\/www.juntadeandalucia.es\/educacion\/portals\/web\/escolarizacion\/infantil-a-bachillerato\/normativa\" target=\"_blank\">Normativa<\/a>\u00a0sobre el proceso de escolarizaci\u00f3n y <a href=\"https:\/\/goo.gl\/llO3Q5\" target=\"_blank\">Calendario<\/a>.<\/p>\n<p style=\"text-align: justify\"><a href=\"http:\/\/goo.gl\/DDwu6Q\" target=\"_blank\">Tr\u00edptico<\/a> y <a href=\"http:\/\/goo.gl\/bJd36X\" target=\"_blank\">Cartel informativo<\/a> en el Portal de Escolarizaci\u00f3n.<\/p>\n<p style=\"text-align: justify\">Puede consultar <a href=\"http:\/\/www.juntadeandalucia.es\/educacion\/portals\/web\/escolarizacion\/consulta-de-centros\" target=\"_blank\">datos del Colegio<\/a>\u00a0introduciendo el c\u00f3digo del Centro (23000453) as\u00ed como su <a href=\"http:\/\/www.juntadeandalucia.es\/educacion\/educasig\/escolarizacion\/?delegacion=23\" target=\"_blank\">zona de influencia<\/a> o <a href=\"https:\/\/goo.gl\/ob54Yo\" target=\"_blank\">callejero<\/a>.<\/p>\n","protected":false},"excerpt":{"rendered":"<p>\u00a0 \u00a0 \u00a0 \u00a0 \u00a0\u00abDesde 1943, Equidad y Excelencia Educativas\u00bb El plazo para solicitar plaza escolar en nuestro Colegio, tanto para Educaci\u00f3n Infantil como Educaci\u00f3n Primaria, es del 1 al 31 de marzo. Tambi\u00e9n puede consultar el Tabl\u00f3n de anuncios, los enlaces del Portal de Escolarizaci\u00f3n de la Consejer\u00eda de Educaci\u00f3n de la Junta de &hellip; <\/p>\n<p class=\"link-more\"><a href=\"https:\/\/blogsaverroes.juntadeandalucia.es\/ceipcapitancortes\/escolarizacion\/\" class=\"more-link\">Continuar leyendo<span class=\"screen-reader-text\"> \u00abEscolarizaci\u00f3n\u00bb<\/span><\/a><\/p>\n","protected":false},"author":1,"featured_media":0,"parent":0,"menu_order":0,"comment_status":"closed","ping_status":"open","template":"page-c.php","meta":{"ngg_post_thumbnail":0,"footnotes":"","_mc_calendar":[]},"aioseo_notices":[],"_links":{"self":[{"href":"https:\/\/blogsaverroes.juntadeandalucia.es\/ceipcapitancortes\/wp-json\/wp\/v2\/pages\/141"}],"collection":[{"href":"https:\/\/blogsaverroes.juntadeandalucia.es\/ceipcapitancortes\/wp-json\/wp\/v2\/pages"}],"about":[{"href":"https:\/\/blogsaverroes.juntadeandalucia.es\/ceipcapitancortes\/wp-json\/wp\/v2\/types\/page"}],"author":[{"embeddable":true,"href":"https:\/\/blogsaverroes.juntadeandalucia.es\/ceipcapitancortes\/wp-json\/wp\/v2\/users\/1"}],"replies":[{"embeddable":true,"href":"https:\/\/blogsaverroes.juntadeandalucia.es\/ceipcapitancortes\/wp-json\/wp\/v2\/comments?post=141"}],"version-history":[{"count":14,"href":"https:\/\/blogsaverroes.juntadeandalucia.es\/ceipcapitancortes\/wp-json\/wp\/v2\/pages\/141\/revisions"}],"predecessor-version":[{"id":2166,"href":"https:\/\/blogsaverroes.juntadeandalucia.es\/ceipcapitancortes\/wp-json\/wp\/v2\/pages\/141\/revisions\/2166"}],"wp:attachment":[{"href":"https:\/\/blogsaverroes.juntadeandalucia.es\/ceipcapitancortes\/wp-json\/wp\/v2\/media?parent=141"}],"curies":[{"name":"wp","href":"https:\/\/api.w.org\/{rel}","templated":true}]}}