{"id":2329,"date":"2016-07-23T10:45:29","date_gmt":"2016-07-23T08:45:29","guid":{"rendered":"http:\/\/blogsaverroes.juntadeandalucia.es\/ceipcapitancortes\/?page_id=2329"},"modified":"2022-02-18T12:11:04","modified_gmt":"2022-02-18T11:11:04","slug":"auxiliar-administrativa","status":"publish","type":"page","link":"https:\/\/blogsaverroes.juntadeandalucia.es\/ceipcapitancortes\/auxiliar-administrativa\/","title":{"rendered":"Auxiliar Administrativa"},"content":{"rendered":"<p style=\"text-align: justify\">La <strong>Auxiliar Administrativa <\/strong>es<strong> D\u00f1a. Clara Garc\u00eda Tard\u00edo<\/strong>. Desarrolla muchas funciones importantes en la vida del Colegio, especialmente en la relaci\u00f3n que mantiene con las familias en los diferentes tr\u00e1mites administrativos a lo largo de la escolarizaci\u00f3n: admisi\u00f3n, matriculaci\u00f3n, Aula Matinal, Comedor Escolar, Actividades Extraescolares, Escuelas Deportivas, reprograf\u00eda, becas&#8230; adem\u00e1s de atender el tel\u00e9fono y acceso al Colegio junto al Equipo Directivo.<\/p>\n<p style=\"text-align: justify\">El horario actual es de 9:30 h a 13:30 h de lunes a viernes, del 1 septiembre al 30 junio.<\/p>\n","protected":false},"excerpt":{"rendered":"<p>La Auxiliar Administrativa es D\u00f1a. Clara Garc\u00eda Tard\u00edo. Desarrolla muchas funciones importantes en la vida del Colegio, especialmente en la relaci\u00f3n que mantiene con las familias en los diferentes tr\u00e1mites administrativos a lo largo de la escolarizaci\u00f3n: admisi\u00f3n, matriculaci\u00f3n, Aula Matinal, Comedor Escolar, Actividades Extraescolares, Escuelas Deportivas, reprograf\u00eda, becas&#8230; adem\u00e1s de atender el tel\u00e9fono y &hellip; <\/p>\n<p class=\"link-more\"><a href=\"https:\/\/blogsaverroes.juntadeandalucia.es\/ceipcapitancortes\/auxiliar-administrativa\/\" class=\"more-link\">Continuar leyendo<span class=\"screen-reader-text\"> \u00abAuxiliar Administrativa\u00bb<\/span><\/a><\/p>\n","protected":false},"author":2591,"featured_media":0,"parent":0,"menu_order":0,"comment_status":"open","ping_status":"open","template":"page-c.php","meta":{"ngg_post_thumbnail":0,"footnotes":"","_mc_calendar":[]},"aioseo_notices":[],"_links":{"self":[{"href":"https:\/\/blogsaverroes.juntadeandalucia.es\/ceipcapitancortes\/wp-json\/wp\/v2\/pages\/2329"}],"collection":[{"href":"https:\/\/blogsaverroes.juntadeandalucia.es\/ceipcapitancortes\/wp-json\/wp\/v2\/pages"}],"about":[{"href":"https:\/\/blogsaverroes.juntadeandalucia.es\/ceipcapitancortes\/wp-json\/wp\/v2\/types\/page"}],"author":[{"embeddable":true,"href":"https:\/\/blogsaverroes.juntadeandalucia.es\/ceipcapitancortes\/wp-json\/wp\/v2\/users\/2591"}],"replies":[{"embeddable":true,"href":"https:\/\/blogsaverroes.juntadeandalucia.es\/ceipcapitancortes\/wp-json\/wp\/v2\/comments?post=2329"}],"version-history":[{"count":2,"href":"https:\/\/blogsaverroes.juntadeandalucia.es\/ceipcapitancortes\/wp-json\/wp\/v2\/pages\/2329\/revisions"}],"predecessor-version":[{"id":2664,"href":"https:\/\/blogsaverroes.juntadeandalucia.es\/ceipcapitancortes\/wp-json\/wp\/v2\/pages\/2329\/revisions\/2664"}],"wp:attachment":[{"href":"https:\/\/blogsaverroes.juntadeandalucia.es\/ceipcapitancortes\/wp-json\/wp\/v2\/media?parent=2329"}],"curies":[{"name":"wp","href":"https:\/\/api.w.org\/{rel}","templated":true}]}}