{"id":2436,"date":"2016-08-28T23:39:36","date_gmt":"2016-08-28T21:39:36","guid":{"rendered":"http:\/\/blogsaverroes.juntadeandalucia.es\/ceipcapitancortes\/?page_id=2436"},"modified":"2016-08-29T22:05:30","modified_gmt":"2016-08-29T20:05:30","slug":"libros-y-materiales","status":"publish","type":"page","link":"https:\/\/blogsaverroes.juntadeandalucia.es\/ceipcapitancortes\/libros-y-materiales\/","title":{"rendered":"Libros de texto y materiales"},"content":{"rendered":"<p style=\"text-align: justify\">Los libros de texto del curso escolar 2016 \/ 2017 son los que exponemos en el siguiente enlace <a href=\"http:\/\/blogsaverroes.juntadeandalucia.es\/ceipcapitancortes\/files\/2016\/08\/Libros-y-mat-curr-2016-17.pdf\" target=\"_blank\">Libros y mat curr 2016-17<\/a>, salvo error u omisi\u00f3n. Las familias adquieren los de Educaci\u00f3n Infantil puesto que los de Primer Ciclo de Educaci\u00f3n Primaria est\u00e1n incluidos en el cheque-libros del Programa de Gratuidad y los de Segundo y Tercer Ciclo se prestan al alumnado.<\/p>\n<p style=\"text-align: justify\">El listado de material de uso personal que utilizar\u00e1 el alumnado est\u00e1 pendiente de publicar, una vez adjudicadas las tutor\u00edas y ense\u00f1anzas al inicio del curso escolar.<\/p>\n","protected":false},"excerpt":{"rendered":"<p>Los libros de texto del curso escolar 2016 \/ 2017 son los que exponemos en el siguiente enlace Libros y mat curr 2016-17, salvo error u omisi\u00f3n. Las familias adquieren los de Educaci\u00f3n Infantil puesto que los de Primer Ciclo de Educaci\u00f3n Primaria est\u00e1n incluidos en el cheque-libros del Programa de Gratuidad y los de &hellip; <\/p>\n<p class=\"link-more\"><a href=\"https:\/\/blogsaverroes.juntadeandalucia.es\/ceipcapitancortes\/libros-y-materiales\/\" class=\"more-link\">Continuar leyendo<span class=\"screen-reader-text\"> \u00abLibros de texto y materiales\u00bb<\/span><\/a><\/p>\n","protected":false},"author":2591,"featured_media":0,"parent":0,"menu_order":0,"comment_status":"open","ping_status":"open","template":"page-c.php","meta":{"ngg_post_thumbnail":0,"footnotes":"","_mc_calendar":[]},"aioseo_notices":[],"_links":{"self":[{"href":"https:\/\/blogsaverroes.juntadeandalucia.es\/ceipcapitancortes\/wp-json\/wp\/v2\/pages\/2436"}],"collection":[{"href":"https:\/\/blogsaverroes.juntadeandalucia.es\/ceipcapitancortes\/wp-json\/wp\/v2\/pages"}],"about":[{"href":"https:\/\/blogsaverroes.juntadeandalucia.es\/ceipcapitancortes\/wp-json\/wp\/v2\/types\/page"}],"author":[{"embeddable":true,"href":"https:\/\/blogsaverroes.juntadeandalucia.es\/ceipcapitancortes\/wp-json\/wp\/v2\/users\/2591"}],"replies":[{"embeddable":true,"href":"https:\/\/blogsaverroes.juntadeandalucia.es\/ceipcapitancortes\/wp-json\/wp\/v2\/comments?post=2436"}],"version-history":[{"count":9,"href":"https:\/\/blogsaverroes.juntadeandalucia.es\/ceipcapitancortes\/wp-json\/wp\/v2\/pages\/2436\/revisions"}],"predecessor-version":[{"id":2467,"href":"https:\/\/blogsaverroes.juntadeandalucia.es\/ceipcapitancortes\/wp-json\/wp\/v2\/pages\/2436\/revisions\/2467"}],"wp:attachment":[{"href":"https:\/\/blogsaverroes.juntadeandalucia.es\/ceipcapitancortes\/wp-json\/wp\/v2\/media?parent=2436"}],"curies":[{"name":"wp","href":"https:\/\/api.w.org\/{rel}","templated":true}]}}