{"id":2481,"date":"2016-08-30T13:05:17","date_gmt":"2016-08-30T11:05:17","guid":{"rendered":"http:\/\/blogsaverroes.juntadeandalucia.es\/ceipcapitancortes\/?page_id=2481"},"modified":"2022-02-18T12:22:30","modified_gmt":"2022-02-18T11:22:30","slug":"consejo-escolar-2014-16","status":"publish","type":"page","link":"https:\/\/blogsaverroes.juntadeandalucia.es\/ceipcapitancortes\/consejo-escolar-2014-16\/","title":{"rendered":"Consejo Escolar 2021 \/ 2022"},"content":{"rendered":"<p><a href=\"https:\/\/blogsaverroes.juntadeandalucia.es\/ceipcapitancortes\/files\/2022\/02\/constituci\u00f3n-actualizada.docx\">Constituci\u00f3n Consejo Escolar 2021 &#8211; 2022<\/a><\/p>\n<p>El Consejo Escolar es el \u00f3rgano colegiado de gobierno a trav\u00e9s del cual participa la comunidad educativa en el gobierno de los centros. Art\u00edculo 47. Decreto 328\/20210, de 13 de julio, por el que se aprueba el Reglamento Org\u00e1nico de las escuelas infantiles de segundo grado, de los colegios de educaci\u00f3n primaria, de los de los colegios de educaci\u00f3n infantil y primaria, y de los centros p\u00fablicos espec\u00edficos de educaci\u00f3n especial.<\/p>\n","protected":false},"excerpt":{"rendered":"<p>Constituci\u00f3n Consejo Escolar 2021 &#8211; 2022 El Consejo Escolar es el \u00f3rgano colegiado de gobierno a trav\u00e9s del cual participa la comunidad educativa en el gobierno de los centros. Art\u00edculo 47. Decreto 328\/20210, de 13 de julio, por el que se aprueba el Reglamento Org\u00e1nico de las escuelas infantiles de segundo grado, de los colegios &hellip; <\/p>\n<p class=\"link-more\"><a href=\"https:\/\/blogsaverroes.juntadeandalucia.es\/ceipcapitancortes\/consejo-escolar-2014-16\/\" class=\"more-link\">Continuar leyendo<span class=\"screen-reader-text\"> \u00abConsejo Escolar 2021 \/ 2022\u00bb<\/span><\/a><\/p>\n","protected":false},"author":2591,"featured_media":0,"parent":0,"menu_order":0,"comment_status":"open","ping_status":"open","template":"page-c.php","meta":{"ngg_post_thumbnail":0,"footnotes":"","_mc_calendar":[]},"aioseo_notices":[],"_links":{"self":[{"href":"https:\/\/blogsaverroes.juntadeandalucia.es\/ceipcapitancortes\/wp-json\/wp\/v2\/pages\/2481"}],"collection":[{"href":"https:\/\/blogsaverroes.juntadeandalucia.es\/ceipcapitancortes\/wp-json\/wp\/v2\/pages"}],"about":[{"href":"https:\/\/blogsaverroes.juntadeandalucia.es\/ceipcapitancortes\/wp-json\/wp\/v2\/types\/page"}],"author":[{"embeddable":true,"href":"https:\/\/blogsaverroes.juntadeandalucia.es\/ceipcapitancortes\/wp-json\/wp\/v2\/users\/2591"}],"replies":[{"embeddable":true,"href":"https:\/\/blogsaverroes.juntadeandalucia.es\/ceipcapitancortes\/wp-json\/wp\/v2\/comments?post=2481"}],"version-history":[{"count":6,"href":"https:\/\/blogsaverroes.juntadeandalucia.es\/ceipcapitancortes\/wp-json\/wp\/v2\/pages\/2481\/revisions"}],"predecessor-version":[{"id":2666,"href":"https:\/\/blogsaverroes.juntadeandalucia.es\/ceipcapitancortes\/wp-json\/wp\/v2\/pages\/2481\/revisions\/2666"}],"wp:attachment":[{"href":"https:\/\/blogsaverroes.juntadeandalucia.es\/ceipcapitancortes\/wp-json\/wp\/v2\/media?parent=2481"}],"curies":[{"name":"wp","href":"https:\/\/api.w.org\/{rel}","templated":true}]}}