{"id":2600,"date":"2021-01-15T10:24:33","date_gmt":"2021-01-15T09:24:33","guid":{"rendered":"https:\/\/blogsaverroes.juntadeandalucia.es\/ceipcapitancortes\/?page_id=2600"},"modified":"2021-01-20T12:59:42","modified_gmt":"2021-01-20T11:59:42","slug":"http-blogptcc-blogspot-com","status":"publish","type":"page","link":"https:\/\/blogsaverroes.juntadeandalucia.es\/ceipcapitancortes\/http-blogptcc-blogspot-com\/","title":{"rendered":"BLOG DEL AULA DE PT"},"content":{"rendered":"<p style=\"text-align: center\"><a title=\"Blog PT\" href=\"http:\/\/blogptcc.blogspot.com\/\" target=\"_blank\" rel=\"noopener noreferrer\">http:\/\/blogptcc.blogspot.com\/<\/a><br \/>\n<a href=\"https:\/\/blogsaverroes.juntadeandalucia.es\/ceipcapitancortes\/files\/2021\/01\/d676fb8c245bfff371c52277bc7750f6.jpg\"><img loading=\"lazy\" decoding=\"async\" class=\" wp-image-2607 aligncenter\" src=\"https:\/\/blogsaverroes.juntadeandalucia.es\/ceipcapitancortes\/files\/2021\/01\/d676fb8c245bfff371c52277bc7750f6.jpg\" alt=\"\" width=\"559\" height=\"505\" srcset=\"https:\/\/blogsaverroes.juntadeandalucia.es\/ceipcapitancortes\/files\/2021\/01\/d676fb8c245bfff371c52277bc7750f6.jpg 300w, https:\/\/blogsaverroes.juntadeandalucia.es\/ceipcapitancortes\/files\/2021\/01\/d676fb8c245bfff371c52277bc7750f6-24x22.jpg 24w, https:\/\/blogsaverroes.juntadeandalucia.es\/ceipcapitancortes\/files\/2021\/01\/d676fb8c245bfff371c52277bc7750f6-36x33.jpg 36w, https:\/\/blogsaverroes.juntadeandalucia.es\/ceipcapitancortes\/files\/2021\/01\/d676fb8c245bfff371c52277bc7750f6-48x43.jpg 48w\" sizes=\"(max-width: 559px) 100vw, 559px\" \/><\/a><\/p>\n<p style=\"text-align: justify\">Blog que recoge todas las actuaciones realizadas con el alumnado del aula de PT y que ha sido creado por la especialista en Pedagog\u00eda Terape\u00fatica D\u00aa Mar\u00eda Isabel Mill\u00e1n Santiago.<\/p>\n<p style=\"text-align: justify\">La atenci\u00f3n a la diversidad se puede realizar bien, utilizando medidas ordinarias o medidas espec\u00edficas, tal y como aparece especificado en las Instrucciones de 8 de marzo de 2017, de la Direcci\u00f3n General de Participaci\u00f3n y Equidad, por las que se actualiza el protocolo de detecci\u00f3n, identificaci\u00f3n del alumnado con necesidades espec\u00edficas de apoyo educativo y organizaci\u00f3n de la respuesta educativa.<\/p>\n<p style=\"text-align: justify\">En nuestro centro hemos elaborado un documento que ayuda al profesorado a especificar qu\u00e9 medidas ordinarias est\u00e1 utilizando para atender dicha diversidad dentro de su aula: medidas para adaptar la programaci\u00f3n did\u00e1ctica, uso de metodolog\u00edas que favorezcan la inclusi\u00f3n, adaptaci\u00f3n de espacios y recursos y adaptaci\u00f3n de los procedimientos e instrumentos de evaluaci\u00f3n.<\/p>\n","protected":false},"excerpt":{"rendered":"<p>http:\/\/blogptcc.blogspot.com\/ Blog que recoge todas las actuaciones realizadas con el alumnado del aula de PT y que ha sido creado por la especialista en Pedagog\u00eda Terape\u00fatica D\u00aa Mar\u00eda Isabel Mill\u00e1n Santiago. La atenci\u00f3n a la diversidad se puede realizar bien, utilizando medidas ordinarias o medidas espec\u00edficas, tal y como aparece especificado en las Instrucciones de &hellip; <\/p>\n<p class=\"link-more\"><a href=\"https:\/\/blogsaverroes.juntadeandalucia.es\/ceipcapitancortes\/http-blogptcc-blogspot-com\/\" class=\"more-link\">Continuar leyendo<span class=\"screen-reader-text\"> \u00abBLOG DEL AULA DE PT\u00bb<\/span><\/a><\/p>\n","protected":false},"author":2591,"featured_media":0,"parent":0,"menu_order":0,"comment_status":"closed","ping_status":"closed","template":"","meta":{"ngg_post_thumbnail":0,"footnotes":"","_mc_calendar":[]},"aioseo_notices":[],"_links":{"self":[{"href":"https:\/\/blogsaverroes.juntadeandalucia.es\/ceipcapitancortes\/wp-json\/wp\/v2\/pages\/2600"}],"collection":[{"href":"https:\/\/blogsaverroes.juntadeandalucia.es\/ceipcapitancortes\/wp-json\/wp\/v2\/pages"}],"about":[{"href":"https:\/\/blogsaverroes.juntadeandalucia.es\/ceipcapitancortes\/wp-json\/wp\/v2\/types\/page"}],"author":[{"embeddable":true,"href":"https:\/\/blogsaverroes.juntadeandalucia.es\/ceipcapitancortes\/wp-json\/wp\/v2\/users\/2591"}],"replies":[{"embeddable":true,"href":"https:\/\/blogsaverroes.juntadeandalucia.es\/ceipcapitancortes\/wp-json\/wp\/v2\/comments?post=2600"}],"version-history":[{"count":11,"href":"https:\/\/blogsaverroes.juntadeandalucia.es\/ceipcapitancortes\/wp-json\/wp\/v2\/pages\/2600\/revisions"}],"predecessor-version":[{"id":2641,"href":"https:\/\/blogsaverroes.juntadeandalucia.es\/ceipcapitancortes\/wp-json\/wp\/v2\/pages\/2600\/revisions\/2641"}],"wp:attachment":[{"href":"https:\/\/blogsaverroes.juntadeandalucia.es\/ceipcapitancortes\/wp-json\/wp\/v2\/media?parent=2600"}],"curies":[{"name":"wp","href":"https:\/\/api.w.org\/{rel}","templated":true}]}}