{"id":2614,"date":"2021-01-20T10:33:51","date_gmt":"2021-01-20T09:33:51","guid":{"rendered":"https:\/\/blogsaverroes.juntadeandalucia.es\/ceipcapitancortes\/?page_id=2614"},"modified":"2021-01-20T10:47:09","modified_gmt":"2021-01-20T09:47:09","slug":"concursos-escolares","status":"publish","type":"page","link":"https:\/\/blogsaverroes.juntadeandalucia.es\/ceipcapitancortes\/concursos-escolares\/","title":{"rendered":"Concursos Escolares"},"content":{"rendered":"<p><strong>XIX CONCURSO MATEM\u00c1TICO SAEM THALES<\/strong><\/p>\n<p><a href=\"https:\/\/blogsaverroes.juntadeandalucia.es\/ceipcapitancortes\/files\/2021\/01\/descarga.jpg\"><img loading=\"lazy\" decoding=\"async\" src=\"https:\/\/blogsaverroes.juntadeandalucia.es\/ceipcapitancortes\/files\/2021\/01\/descarga.jpg\" alt=\"\" width=\"188\" height=\"268\" class=\"aligncenter size-full wp-image-2615\" srcset=\"https:\/\/blogsaverroes.juntadeandalucia.es\/ceipcapitancortes\/files\/2021\/01\/descarga.jpg 188w, https:\/\/blogsaverroes.juntadeandalucia.es\/ceipcapitancortes\/files\/2021\/01\/descarga-17x24.jpg 17w, https:\/\/blogsaverroes.juntadeandalucia.es\/ceipcapitancortes\/files\/2021\/01\/descarga-25x36.jpg 25w, https:\/\/blogsaverroes.juntadeandalucia.es\/ceipcapitancortes\/files\/2021\/01\/descarga-34x48.jpg 34w\" sizes=\"(max-width: 188px) 100vw, 188px\" \/><\/a><\/p>\n<p>Una vez m\u00e1s nuestro Centro participa en el Concurso matem\u00e1tico organizado por el IES J\u00e1ndula de la localidad.<br \/>\nMedio superados los imponderables a los que hemos estado sometidos, la comisi\u00f3n organizadora del concurso matem\u00e1tico ha considerado necesario ,para volver a la normalidad,  organizar  su decimonovena edici\u00f3n. L\u00f3gicamente las circunstancias obligan a hacer cambios en su formato pero siguiendo la esencia del mismo. Contamos con vuestra fidelidad y ganas de volver a la normalidad aludida. Os invitamos, pues, a la participaci\u00f3n en este consagrado concurso que tanto prestigio est\u00e1 dando al alumnado, a las familias, al profesorado y a las matem\u00e1ticas. <\/p>\n<p>XIX CONCURSO<br \/>\nMATEM\u00c1TICO<br \/>\nIES \u201cJ\u00c1NDULA\u201d \u2013 SAEM THALES<br \/>\nEl IES J\u00c1NDULA de And\u00fajar y la Sociedad Andaluza de Educaci\u00f3n Matem\u00e1tica THALES<br \/>\nconvocan el XIX CONCURSO MATEM\u00c1TICO de acuerdo con las siguientes<br \/>\nB A S E S<\/p>\n<p><strong>1.<\/strong> El CONCURSO MATEM\u00c1TICO IES J\u00c1NDULA \u2013 SAEM THALES est\u00e1 dirigido al<br \/>\nalumnado de Centros p\u00fablicos o privados concertados de la provincia de Ja\u00e9n que<br \/>\ncursen 6\u00ba de Educaci\u00f3n Primaria durante el curso escolar 2020-21.<br \/>\n<strong>2.<\/strong> El concurso constar\u00e1 de dos fases, una primera fase clasificatoria a realizar en los<br \/>\ncentros inscritos, y una segunda fase final que se realizar\u00e1 de forma virtual.<br \/>\n<strong>3.<\/strong> Los centros podr\u00e1n inscribir un m\u00e1ximo de DIEZ alumnos\/as, previamente<br \/>\nseleccionados a criterio del Equipo Docente de dicho Nivel.<br \/>\n<strong>4.<\/strong> La participaci\u00f3n ser\u00e1 siempre en representaci\u00f3n del Centro.<br \/>\n<strong>5.<\/strong> El plazo de inscripci\u00f3n estar\u00e1 abierto entre el 11 y el 21 de enero de 2021.<br \/>\n<strong>6.<\/strong> Los centros deber\u00e1n inscribirse en el concurso a trav\u00e9s del formulario de inscripci\u00f3n.<br \/>\n<strong>7.<\/strong> El CONCURSO MATEM\u00c1TICO IES J\u00c1NDULA \u2013 SAEM THALES se celebrar\u00e1 el su<br \/>\nfase previa entre los d\u00edas 25 y 29 de enero de 2021 y en su fase final el s\u00e1bado 17<br \/>\nde abril de 2021 a las 10:00 horas, y se realizar\u00e1 de forma virtual.<br \/>\n<strong>8.<\/strong> Los centros tras la fase previa deber\u00e1n rellenar un segundo formulario con los datos<br \/>\nde los DOS alumnos\/as, que presentan a la fase final.<br \/>\n<strong>9.<\/strong> La fase previa constar\u00e1 de una bater\u00eda de problemas que el Departamento de<br \/>\nMatem\u00e1ticas del IES J\u00e1ndula junto a miembros de la SAEM Thales proporcionar\u00e1 a<br \/>\nlos centros. La fase final consistir\u00e1 en la resoluci\u00f3n de ejercicios de conocimiento<br \/>\nb\u00e1sico matem\u00e1tico y de problemas de ingenio y razonamiento l\u00f3gico y matem\u00e1tico.<br \/>\n<strong>10.<\/strong> El alumnado podr\u00e1 utilizar todo tipo de material de dibujo, siendo recomendable el<br \/>\nuso de la calculadora cient\u00edfica.<br \/>\n<strong>11.<\/strong> El alumnado participante, y los Centros a los que pertenezcan, recibir\u00e1n diplomas<br \/>\nacreditativos de participaci\u00f3n.<br \/>\n<strong>12.<\/strong> Los seis mejores clasificados\/as podr\u00e1n participar en una fase regional, organizada<br \/>\npor la SAEM Thales, que se celebrar\u00e1 un s\u00e1bado de mayo de forma virtual.<br \/>\n<strong>13.<\/strong> Toda la informaci\u00f3n sobre este CONCURSO aparecer\u00e1 en la Web del IES J\u00e1ndula y<br \/>\nen la de la SAEM THALES http:\/\/www.iesjandula.es ; http:\/\/thales.cica.es\/jaen.<\/p>\n<p><strong>XVI CONCURSO RELATO CORTO IES J\u00c1NDULA<\/p>\n<p><a href=\"https:\/\/blogsaverroes.juntadeandalucia.es\/ceipcapitancortes\/files\/2021\/01\/descarga-1.jpg\"><img loading=\"lazy\" decoding=\"async\" src=\"https:\/\/blogsaverroes.juntadeandalucia.es\/ceipcapitancortes\/files\/2021\/01\/descarga-1.jpg\" alt=\"\" width=\"318\" height=\"159\" class=\"aligncenter size-full wp-image-2620\" srcset=\"https:\/\/blogsaverroes.juntadeandalucia.es\/ceipcapitancortes\/files\/2021\/01\/descarga-1.jpg 318w, https:\/\/blogsaverroes.juntadeandalucia.es\/ceipcapitancortes\/files\/2021\/01\/descarga-1-300x150.jpg 300w, https:\/\/blogsaverroes.juntadeandalucia.es\/ceipcapitancortes\/files\/2021\/01\/descarga-1-24x12.jpg 24w, https:\/\/blogsaverroes.juntadeandalucia.es\/ceipcapitancortes\/files\/2021\/01\/descarga-1-36x18.jpg 36w, https:\/\/blogsaverroes.juntadeandalucia.es\/ceipcapitancortes\/files\/2021\/01\/descarga-1-48x24.jpg 48w\" sizes=\"(max-width: 318px) 100vw, 318px\" \/><\/a><\/p>\n<p>Estimados\/as profesores\/as, alumnos y alumnas:<\/p>\n<p>En primer lugar pedirles disculpas en nombre de toda la organizaci\u00f3n del<br \/>\nConcurso de Relato Corto del IES \u201cJ\u00e1ndula\u201d y en el m\u00edo propio por todo este<br \/>\nlargo tiempo de silencio.<br \/>\nLa pandemia nos sorprendi\u00f3 a todos y cambi\u00f3 el ritmo de los<br \/>\nacontecimientos. Como ustedes saben, la situaci\u00f3n sanitaria provoc\u00f3 en el mes<br \/>\nde febrero el cierre total de los centros educativos de Andaluc\u00eda y de toda<br \/>\nEspa\u00f1a, dejando aparcados muchos de los proyectos iniciados. Entre ellos<br \/>\nnuestro concurso de relato corto.<br \/>\nLa imposibilidad de volver al centro y reunirnos nos oblig\u00f3 a suspender<br \/>\ntoda actividad relacionada con el certamen literario hasta que la situaci\u00f3n se<br \/>\nnormalizara. Es nuestra intenci\u00f3n, una vez reanudado el curso escolar,<br \/>\nretomar, como hemos hecho, el desarrollo del concurso justo en el punto en<br \/>\nque lo dejamos el pasado curso, seleccionando los mejores trabajos,<br \/>\npreparando la edici\u00f3n del libro y organizando aspectos relacionados con la<br \/>\nentrega. Creemos que la mejor opci\u00f3n para participantes y centros es hacer<br \/>\ncoincidir el acto de entrega de premios de la edici\u00f3n anterior con los actos<br \/>\nprogramados para la presente.<br \/>\nPor todo lo anterior, adjunto remito las bases del <strong>XIV Concurso de<br \/>\nRelato Corto IES J\u00e1ndula.<\/strong> La situaci\u00f3n sanitaria y la exigencia del cumplimiento<br \/>\nriguroso de las medidas de seguridad nos obligan tambi\u00e9n a variar ligeramente<br \/>\nalgunos aspectos del certamen, sobre todo en lo que se refiere al modo de<br \/>\nenviar los originales y al desarrollo del acto de entrega de premios. Aunque<br \/>\nestos aspectos est\u00e1n detallados en las bases reguladoras, os anticipo que,<br \/>\ncomo novedad m\u00e1s destacada y para evitar cualquier tipo de contacto, hemos<br \/>\ndecidido solicitar los trabajos por correo electr\u00f3nico y requerir que aparezcan<br \/>\nfirmados por el autor con un seud\u00f3nimo. Esta circunstancia aconseja que un<br \/>\nprofesor sea el responsable de enviar por categor\u00edas dichos trabajos.<br \/>\nEsa ser\u00e1 la v\u00eda de identificar despu\u00e9s a los escritores.<br \/>\nA la espera de que la actividad sea de vuestro agrado y deseando contar<br \/>\ncon vosotros un a\u00f1o m\u00e1s, aprovecho para saludaros atentamente quedando a<br \/>\nvuestra entera disposici\u00f3n.<br \/>\nDepartamento de Lengua y Literatura<br \/>\nManuela Gonz\u00e1lez Fuentes<br \/>\nCoordinadora del Concurso de Relato Corto IES J\u00e1ndula<\/p>\n<p>En nuestro Centro participan los alumnos de Tercer Ciclo cada a\u00f1o, fomentando el h\u00e1bito lecto escritor y desarrollando la creatividad en el \u00e1mbito literario. <\/p>\n","protected":false},"excerpt":{"rendered":"<p>XIX CONCURSO MATEM\u00c1TICO SAEM THALES Una vez m\u00e1s nuestro Centro participa en el Concurso matem\u00e1tico organizado por el IES J\u00e1ndula de la localidad. Medio superados los imponderables a los que hemos estado sometidos, la comisi\u00f3n organizadora del concurso matem\u00e1tico ha considerado necesario ,para volver a la normalidad, organizar su decimonovena edici\u00f3n. L\u00f3gicamente las circunstancias obligan &hellip; <\/p>\n<p class=\"link-more\"><a href=\"https:\/\/blogsaverroes.juntadeandalucia.es\/ceipcapitancortes\/concursos-escolares\/\" class=\"more-link\">Continuar leyendo<span class=\"screen-reader-text\"> \u00abConcursos Escolares\u00bb<\/span><\/a><\/p>\n","protected":false},"author":2591,"featured_media":0,"parent":0,"menu_order":0,"comment_status":"closed","ping_status":"closed","template":"","meta":{"ngg_post_thumbnail":0,"footnotes":"","_mc_calendar":[]},"aioseo_notices":[],"_links":{"self":[{"href":"https:\/\/blogsaverroes.juntadeandalucia.es\/ceipcapitancortes\/wp-json\/wp\/v2\/pages\/2614"}],"collection":[{"href":"https:\/\/blogsaverroes.juntadeandalucia.es\/ceipcapitancortes\/wp-json\/wp\/v2\/pages"}],"about":[{"href":"https:\/\/blogsaverroes.juntadeandalucia.es\/ceipcapitancortes\/wp-json\/wp\/v2\/types\/page"}],"author":[{"embeddable":true,"href":"https:\/\/blogsaverroes.juntadeandalucia.es\/ceipcapitancortes\/wp-json\/wp\/v2\/users\/2591"}],"replies":[{"embeddable":true,"href":"https:\/\/blogsaverroes.juntadeandalucia.es\/ceipcapitancortes\/wp-json\/wp\/v2\/comments?post=2614"}],"version-history":[{"count":4,"href":"https:\/\/blogsaverroes.juntadeandalucia.es\/ceipcapitancortes\/wp-json\/wp\/v2\/pages\/2614\/revisions"}],"predecessor-version":[{"id":2621,"href":"https:\/\/blogsaverroes.juntadeandalucia.es\/ceipcapitancortes\/wp-json\/wp\/v2\/pages\/2614\/revisions\/2621"}],"wp:attachment":[{"href":"https:\/\/blogsaverroes.juntadeandalucia.es\/ceipcapitancortes\/wp-json\/wp\/v2\/media?parent=2614"}],"curies":[{"name":"wp","href":"https:\/\/api.w.org\/{rel}","templated":true}]}}