{"id":2627,"date":"2021-01-20T11:12:35","date_gmt":"2021-01-20T10:12:35","guid":{"rendered":"https:\/\/blogsaverroes.juntadeandalucia.es\/ceipcapitancortes\/?page_id=2627"},"modified":"2021-01-20T13:05:14","modified_gmt":"2021-01-20T12:05:14","slug":"75-aniversario","status":"publish","type":"page","link":"https:\/\/blogsaverroes.juntadeandalucia.es\/ceipcapitancortes\/75-aniversario\/","title":{"rendered":"75\u00ba ANIVERSARIO"},"content":{"rendered":"<p style=\"text-align: justify\">En el a\u00f1o 2018 celebramos el 75\u00ba Aniversario de la creaci\u00f3n de nuestro Centro. Fue llamado en su origen Colegio P\u00fablico Capit\u00e1n Cort\u00e9s, cambiando su denominaci\u00f3n posteriormente a la actual CEIP CAPIT\u00c1N CORT\u00c9S.<\/p>\n<p style=\"text-align: justify\">Para conmemorar tan importante fecha el Colegio cre\u00f3 una Comisi\u00f3n, integrada por miembros de la Comunidad Educativa: maestros, padres, antiguos alumnos y maestros jubilados.<\/p>\n<p style=\"text-align: justify\">La prensa de la localidad se hizo eco de la conmemoraci\u00f3n y recogi\u00f3 en sus editoriales todos los actos que se hab\u00edan preparado a tal efecto.<\/p>\n<p style=\"text-align: justify\">Se celebr\u00f3 en el Teatro Principal de And\u00fajar, el d\u00eda 7 de junio de 2019. Asistieron por invitaci\u00f3n, que se recog\u00eda en el propio centro, antiguos alumnos, todos los maestros en plantilla actual del Colegio, AMPA Bartolom\u00e9 Herrera y todas las familias que han formado parte de la historia de nuestro Colegio y que deseaban con mucho inter\u00e9s asistir.<\/p>\n<p style=\"text-align: justify\">Vivencias, reencuentros, emoci\u00f3n y satisfacci\u00f3n por toda una vida dedicada a la educaci\u00f3n andujare\u00f1a. De ese modo se podr\u00eda resumir un d\u00eda para la historia de la ciudad, pues el Colegio P\u00fablico \u201cCapit\u00e1n Cort\u00e9s\u201d, que se localiza en plena plaza de Espa\u00f1a, celebr\u00f3 su septuag\u00e9simo quinto aniversario fundacional por todo lo alto para disfrute de todos los presentes.<\/p>\n<p style=\"text-align: justify\">Los actos se resumieron en una gala en el Teatro Principal y una posterior fiesta en el patio del centro. Durante la primera cita, las tablas fueron testigo de reconocimientos a antiguos y actuales docentes del centro y de la presentaci\u00f3n del nuevo himno del colegio, escrito por D. Ernesto G\u00f3mez Menor e interpretado por la Asociaci\u00f3n Musical \u201cMaestro Amador\u201d. Asimismo, la gala cont\u00f3 con la presencia de Flora Gonz\u00e1lez, presentadora televisiva, que tambi\u00e9n es antigua alumna del centro y que en esta ocasi\u00f3n particip\u00f3 de la celebraci\u00f3n como maestra de ceremonias. Por otro lado, se present\u00f3 la bandera conmemorativa, confeccionada por la Asociaci\u00f3n de Padres y Madres \u201cBartolom\u00e9 Herrera\u201d, as\u00ed como otras intervenciones de gran calidad de invitados al acto.<\/p>\n<p style=\"text-align: justify\">La segunda parte de la noche se disfrut\u00f3 una convivencia en el patio principal del centro, donde el grupo \u201cVersionados\u201d hizo vibrar al innumerable p\u00fablico que abarrotaba el lugar. La Cofrad\u00eda de la Esperanza colabor\u00f3 con la celebraci\u00f3n, ya que el servicio de barra y cocina fue a cargo de la corporaci\u00f3n cofrade. Por otro lado, las puertas del colegio y todas sus aulas estuvieron abiertas durante la velada, exponiendo tambi\u00e9n mobiliario escolar antiguo.<\/p>\n<p style=\"text-align: justify\">Mar\u00eda Jes\u00fas Galisteo, directora en funciones, explic\u00f3 que, tras el trabajo de docentes y personas cercanas al centro, se hizo realidad un d\u00eda grande que quedar\u00e1 en la memoria colectiva. Adem\u00e1s, destac\u00f3 que \u201cla idea de celebrar el 75 aniversario, es de Manuel Tito Mart\u00ednez Peinado, actual director. Se lo debemos a \u00e9l.\u201d<\/p>\n<p><a href=\"https:\/\/blogsaverroes.juntadeandalucia.es\/ceipcapitancortes\/files\/2021\/01\/fiesta-capitan-cortes_13977983_20190609114004.jpg\"><img loading=\"lazy\" decoding=\"async\" class=\"aligncenter size-full wp-image-2628\" src=\"https:\/\/blogsaverroes.juntadeandalucia.es\/ceipcapitancortes\/files\/2021\/01\/fiesta-capitan-cortes_13977983_20190609114004.jpg\" alt=\"\" width=\"768\" height=\"432\" srcset=\"https:\/\/blogsaverroes.juntadeandalucia.es\/ceipcapitancortes\/files\/2021\/01\/fiesta-capitan-cortes_13977983_20190609114004.jpg 768w, https:\/\/blogsaverroes.juntadeandalucia.es\/ceipcapitancortes\/files\/2021\/01\/fiesta-capitan-cortes_13977983_20190609114004-300x169.jpg 300w, https:\/\/blogsaverroes.juntadeandalucia.es\/ceipcapitancortes\/files\/2021\/01\/fiesta-capitan-cortes_13977983_20190609114004-24x14.jpg 24w, https:\/\/blogsaverroes.juntadeandalucia.es\/ceipcapitancortes\/files\/2021\/01\/fiesta-capitan-cortes_13977983_20190609114004-36x20.jpg 36w, https:\/\/blogsaverroes.juntadeandalucia.es\/ceipcapitancortes\/files\/2021\/01\/fiesta-capitan-cortes_13977983_20190609114004-48x27.jpg 48w\" sizes=\"(max-width: 767px) 89vw, (max-width: 1000px) 54vw, (max-width: 1071px) 543px, 580px\" \/><\/a><\/p>\n<p>Enlace a la p\u00e1gina de Facebook del grupo: Antiguos alumnos y maestros de Capit\u00e1n Cort\u00e9s:<\/p>\n<p>https:\/\/www.facebook.com\/groups\/365085096868839<\/p>\n<p><iframe loading=\"lazy\" title=\"75\u00ba Aniversario\" width=\"525\" height=\"295\" src=\"https:\/\/www.youtube.com\/embed\/KUt9GVTulKg?feature=oembed\" frameborder=\"0\" allow=\"accelerometer; autoplay; clipboard-write; encrypted-media; gyroscope; picture-in-picture\" allowfullscreen><\/iframe><\/p>\n","protected":false},"excerpt":{"rendered":"<p>En el a\u00f1o 2018 celebramos el 75\u00ba Aniversario de la creaci\u00f3n de nuestro Centro. Fue llamado en su origen Colegio P\u00fablico Capit\u00e1n Cort\u00e9s, cambiando su denominaci\u00f3n posteriormente a la actual CEIP CAPIT\u00c1N CORT\u00c9S. Para conmemorar tan importante fecha el Colegio cre\u00f3 una Comisi\u00f3n, integrada por miembros de la Comunidad Educativa: maestros, padres, antiguos alumnos y &hellip; <\/p>\n<p class=\"link-more\"><a href=\"https:\/\/blogsaverroes.juntadeandalucia.es\/ceipcapitancortes\/75-aniversario\/\" class=\"more-link\">Continuar leyendo<span class=\"screen-reader-text\"> \u00ab75\u00ba ANIVERSARIO\u00bb<\/span><\/a><\/p>\n","protected":false},"author":2591,"featured_media":0,"parent":0,"menu_order":0,"comment_status":"closed","ping_status":"closed","template":"","meta":{"ngg_post_thumbnail":0,"footnotes":"","_mc_calendar":[]},"aioseo_notices":[],"_links":{"self":[{"href":"https:\/\/blogsaverroes.juntadeandalucia.es\/ceipcapitancortes\/wp-json\/wp\/v2\/pages\/2627"}],"collection":[{"href":"https:\/\/blogsaverroes.juntadeandalucia.es\/ceipcapitancortes\/wp-json\/wp\/v2\/pages"}],"about":[{"href":"https:\/\/blogsaverroes.juntadeandalucia.es\/ceipcapitancortes\/wp-json\/wp\/v2\/types\/page"}],"author":[{"embeddable":true,"href":"https:\/\/blogsaverroes.juntadeandalucia.es\/ceipcapitancortes\/wp-json\/wp\/v2\/users\/2591"}],"replies":[{"embeddable":true,"href":"https:\/\/blogsaverroes.juntadeandalucia.es\/ceipcapitancortes\/wp-json\/wp\/v2\/comments?post=2627"}],"version-history":[{"count":8,"href":"https:\/\/blogsaverroes.juntadeandalucia.es\/ceipcapitancortes\/wp-json\/wp\/v2\/pages\/2627\/revisions"}],"predecessor-version":[{"id":2643,"href":"https:\/\/blogsaverroes.juntadeandalucia.es\/ceipcapitancortes\/wp-json\/wp\/v2\/pages\/2627\/revisions\/2643"}],"wp:attachment":[{"href":"https:\/\/blogsaverroes.juntadeandalucia.es\/ceipcapitancortes\/wp-json\/wp\/v2\/media?parent=2627"}],"curies":[{"name":"wp","href":"https:\/\/api.w.org\/{rel}","templated":true}]}}