{"id":35,"date":"2015-03-13T08:21:43","date_gmt":"2015-03-13T08:21:43","guid":{"rendered":"http:\/\/blogsaverroes.juntadeandalucia.es\/pre\/ceip\/?page_id=35"},"modified":"2020-11-20T10:39:51","modified_gmt":"2020-11-20T09:39:51","slug":"el-centro-2","status":"publish","type":"page","link":"https:\/\/blogsaverroes.juntadeandalucia.es\/ceipcapitancortes\/el-centro-2\/","title":{"rendered":"Datos del Colegio"},"content":{"rendered":"<h4><strong>Datos de contacto<\/strong><\/h4>\n<p><strong>Denominaci\u00f3n:<\/strong>\u00a0C.E.I.P. Capit\u00e1n Cort\u00e9s<\/p>\n<p style=\"padding-left: 30px\"><strong>\u00a0 \u00a0 \u00a0 \u00a0 \u00a0 Direcci\u00f3n:<\/strong><strong>\u00a0 \u00a0 \u00a0 \u00a0 \u00a0 \u00a0\u00a0<\/strong><\/p>\n<p><img loading=\"lazy\" decoding=\"async\" class=\"size-full wp-image-2138 alignleft\" src=\"http:\/\/blogsaverroes.juntadeandalucia.es\/ceipcapitancortes\/files\/2016\/02\/buzoncon.gif\" alt=\"buz\u00f3n postal\" width=\"50\" height=\"50\" \/>\u00a0 \u00a0 \u00a0Plaza de Espa\u00f1a, 2<\/p>\n<p style=\"padding-left: 90px\">23740 AND\u00daJAR (Ja\u00e9n) (Andaluc\u00eda &#8211; Espa\u00f1a &#8211; Europa)<\/p>\n<p><img loading=\"lazy\" decoding=\"async\" class=\" size-full wp-image-2131 alignnone\" src=\"http:\/\/blogsaverroes.juntadeandalucia.es\/ceipcapitancortes\/files\/2016\/02\/correo-e.gif\" alt=\"Correo e.\" width=\"107\" height=\"35\" \/>\u00a0<strong>Correo e.:<\/strong>\u00a023000453.edu@juntadeandalucia.es<\/p>\n<p style=\"text-align: justify\"><img loading=\"lazy\" decoding=\"async\" class=\" size-full wp-image-2129 alignnone\" src=\"http:\/\/blogsaverroes.juntadeandalucia.es\/ceipcapitancortes\/files\/2016\/02\/i_tlno.gif\" alt=\"tel\u00e9fono\" width=\"33\" height=\"25\" \/>\u00a0\u00a0<strong>Tel\u00e9fono: <\/strong>(+34) 953 539 998\u00a0\u00a0\u00a0<strong>\/<\/strong> \u00a0<strong>\u00a0<img loading=\"lazy\" decoding=\"async\" class=\"alignnone size-full wp-image-2128\" src=\"http:\/\/blogsaverroes.juntadeandalucia.es\/ceipcapitancortes\/files\/2016\/02\/i_fax.gif\" alt=\"Fax\" width=\"39\" height=\"33\" \/>\u00a0<strong>Fax:<\/strong><\/strong>\u00a0(+34)\u00a0953 539 999<\/p>\n<h4 style=\"text-align: justify\"><strong>Situaci\u00f3n<\/strong><\/h4>\n<p>&nbsp;<\/p>\n<p>[googlemaps https:\/\/www.google.com\/maps\/embed?pb=!1m18!1m12!1m3!1d3142.424746919582!2d-4.056782248780463!3d38.037188304690915!2m3!1f0!2f0!3f0!3m2!1i1024!2i768!4f13.1!3m3!1m2!1s0xd6c37cc98b1ba9b%3A0xa7abeb151f068665!2zQ29sZWdpbyBQw7pibGljbyBDYXBpdMOhbiBDb3J0w6lz!5e0!3m2!1ses!2ses!4v1473327802945&amp;w=600&amp;h=450]<\/p>\n<h4 style=\"text-align: justify\"><strong>Oferta educativa<\/strong><\/h4>\n<p style=\"text-align: justify\">El Colegio de Educaci\u00f3n Infantil y Primaria (C.E.I.P.), de titularidad p\u00fablica, inici\u00f3 su actividad en el a\u00f1o 1943. En la actualidad es un centro educativo que imparte ense\u00f1anzas a alumnado de segundo ciclo de Educaci\u00f3n Infantil (edad: tres a cinco a\u00f1os) y de Educaci\u00f3n Primaria (seis a once a\u00f1os) en doble l\u00ednea educativa, lo cual significa que en cada nivel educativo hay dos grupos de alumnado, desde la unidad de 3\u00ba Ed. Infantil &#8216;A&#8217; y unidad de 3\u00ba Ed. Infantil &#8216;B&#8217; hasta 6\u00ba Ed. Primaria &#8216;A&#8217; y 6\u00ba Ed. Primaria &#8216;B&#8217;, con un total de veinte unidades, desglosadas en seis unidades de Educaci\u00f3n Infantil, doce de Educaci\u00f3n Primaria y dos de Apoyo a la Integraci\u00f3n &#8211; Pedagog\u00eda Terap\u00e9utica. Dado que la ratio establecida en ambas etapas educativas es de veinticinco alumnos-as por unidad, ciento cincuenta en Educaci\u00f3n Infantil y trescientos en Educaci\u00f3n Primaria, la capacidad del Centro es de trescientos noventa y nueve alumnas y alumnos. En el actual curso escolar hay ciento dieciocho en Educaci\u00f3n Infantil y doscientas ochenta y una en Educaci\u00f3n Primaria.<\/p>\n<h4><\/h4>\n<p>&nbsp;<\/p>\n<p><strong style=\"font-family: 'Roboto Condensed', sans-serif;font-size: 18px;line-height: 1.5\">Horario general del Centro<\/strong><\/p>\n<p>El horario general del Centro (art. 11 Orden 20\/08\/2010) abarca el horario y condiciones en las que el Centro permanecer\u00e1 abierto fuera del horario lectivo; el horario lectivo de cada curso y el horario y las condiciones en las que estar\u00e1n disponibles cada uno de los servicios complementarios, actividades e instalaciones del Centro.<\/p>\n<p>Reflejar el horario de apertura del centro: aula matinal, actividades lectivas, Plan de Acompa\u00f1amiento, talleres extraescolares organizados desde el AMPA, etc.<\/p>\n<h4><strong>Oferta educativa<\/strong><\/h4>\n<p>Una breve descripci\u00f3n de las ense\u00f1anzas ofrecidas en el centro, con posibilidad de <a title=\"Educaci\u00f3n infantil\" href=\"http:\/\/blogsaverroes.juntadeandalucia.es\/ceipcapitancortes\/educacion-infantil\/\">enlazar <\/a>a otras secciones informativas de la web.<\/p>\n<h4>Instalaciones<\/h4>\n<p><!-- default-view.php -->\n<div\n\tclass=\"ngg-galleryoverview default-view\n\t ngg-ajax-pagination-none\t\"\n\tid=\"ngg-gallery-7bd57b0a1e84a07a972d91eb4118437e-1\">\n\n\t\t<!-- Thumbnails -->\n\t\t\t\t<div id=\"ngg-image-0\" class=\"ngg-gallery-thumbnail-box\n\t\t\t\t\t\t\t\t\t\t\t\"\n\t\t\t>\n\t\t\t\t\t\t<div class=\"ngg-gallery-thumbnail\">\n\t\t\t<a href=\"https:\/\/blogsaverroes.juntadeandalucia.es\/ceipcapitancortes\/wp-content\/uploads\/sites\/797\/nggallery\/el-centro\/instalacion01.jpg\"\n\t\t\t\ttitle=\"Aulario\"\n\t\t\t\tdata-src=\"https:\/\/blogsaverroes.juntadeandalucia.es\/ceipcapitancortes\/wp-content\/uploads\/sites\/797\/nggallery\/el-centro\/instalacion01.jpg\"\n\t\t\t\tdata-thumbnail=\"https:\/\/blogsaverroes.juntadeandalucia.es\/ceipcapitancortes\/wp-content\/uploads\/sites\/797\/nggallery\/el-centro\/thumbs\/thumbs_instalacion01.jpg\"\n\t\t\t\tdata-image-id=\"10\"\n\t\t\t\tdata-title=\"instalacion01\"\n\t\t\t\tdata-description=\"Aulario\"\n\t\t\t\tdata-image-slug=\"instalacion01-1\"\n\t\t\t\tclass=\"ngg-fancybox\" rel=\"7bd57b0a1e84a07a972d91eb4118437e\">\n\t\t\t\t<img\n\t\t\t\t\ttitle=\"instalacion01\"\n\t\t\t\t\talt=\"instalacion01\"\n\t\t\t\t\tsrc=\"https:\/\/blogsaverroes.juntadeandalucia.es\/ceipcapitancortes\/wp-content\/uploads\/sites\/797\/nggallery\/el-centro\/thumbs\/thumbs_instalacion01.jpg\"\n\t\t\t\t\twidth=\"120\"\n\t\t\t\t\theight=\"90\"\n\t\t\t\t\tstyle=\"max-width:100%;\"\n\t\t\t\t\/>\n\t\t\t<\/a>\n\t\t<\/div>\n\t\t\t\t\t\t\t<\/div>\n\t\t\t\n\t\t\t\t<div id=\"ngg-image-1\" class=\"ngg-gallery-thumbnail-box\n\t\t\t\t\t\t\t\t\t\t\t\"\n\t\t\t>\n\t\t\t\t\t\t<div class=\"ngg-gallery-thumbnail\">\n\t\t\t<a href=\"https:\/\/blogsaverroes.juntadeandalucia.es\/ceipcapitancortes\/wp-content\/uploads\/sites\/797\/nggallery\/el-centro\/instalacion02.jpg\"\n\t\t\t\ttitle=\"Gimnasio\"\n\t\t\t\tdata-src=\"https:\/\/blogsaverroes.juntadeandalucia.es\/ceipcapitancortes\/wp-content\/uploads\/sites\/797\/nggallery\/el-centro\/instalacion02.jpg\"\n\t\t\t\tdata-thumbnail=\"https:\/\/blogsaverroes.juntadeandalucia.es\/ceipcapitancortes\/wp-content\/uploads\/sites\/797\/nggallery\/el-centro\/thumbs\/thumbs_instalacion02.jpg\"\n\t\t\t\tdata-image-id=\"11\"\n\t\t\t\tdata-title=\"instalacion02\"\n\t\t\t\tdata-description=\"Gimnasio\"\n\t\t\t\tdata-image-slug=\"instalacion02-1\"\n\t\t\t\tclass=\"ngg-fancybox\" rel=\"7bd57b0a1e84a07a972d91eb4118437e\">\n\t\t\t\t<img\n\t\t\t\t\ttitle=\"instalacion02\"\n\t\t\t\t\talt=\"instalacion02\"\n\t\t\t\t\tsrc=\"https:\/\/blogsaverroes.juntadeandalucia.es\/ceipcapitancortes\/wp-content\/uploads\/sites\/797\/nggallery\/el-centro\/thumbs\/thumbs_instalacion02.jpg\"\n\t\t\t\t\twidth=\"120\"\n\t\t\t\t\theight=\"90\"\n\t\t\t\t\tstyle=\"max-width:100%;\"\n\t\t\t\t\/>\n\t\t\t<\/a>\n\t\t<\/div>\n\t\t\t\t\t\t\t<\/div>\n\t\t\t\n\t\t\t\t<div id=\"ngg-image-2\" class=\"ngg-gallery-thumbnail-box\n\t\t\t\t\t\t\t\t\t\t\t\"\n\t\t\t>\n\t\t\t\t\t\t<div class=\"ngg-gallery-thumbnail\">\n\t\t\t<a href=\"https:\/\/blogsaverroes.juntadeandalucia.es\/ceipcapitancortes\/wp-content\/uploads\/sites\/797\/nggallery\/el-centro\/instalacion03.jpg\"\n\t\t\t\ttitle=\"Sala de presentaciones\"\n\t\t\t\tdata-src=\"https:\/\/blogsaverroes.juntadeandalucia.es\/ceipcapitancortes\/wp-content\/uploads\/sites\/797\/nggallery\/el-centro\/instalacion03.jpg\"\n\t\t\t\tdata-thumbnail=\"https:\/\/blogsaverroes.juntadeandalucia.es\/ceipcapitancortes\/wp-content\/uploads\/sites\/797\/nggallery\/el-centro\/thumbs\/thumbs_instalacion03.jpg\"\n\t\t\t\tdata-image-id=\"12\"\n\t\t\t\tdata-title=\"instalacion03\"\n\t\t\t\tdata-description=\"Sala de presentaciones\"\n\t\t\t\tdata-image-slug=\"instalacion03-1\"\n\t\t\t\tclass=\"ngg-fancybox\" rel=\"7bd57b0a1e84a07a972d91eb4118437e\">\n\t\t\t\t<img\n\t\t\t\t\ttitle=\"instalacion03\"\n\t\t\t\t\talt=\"instalacion03\"\n\t\t\t\t\tsrc=\"https:\/\/blogsaverroes.juntadeandalucia.es\/ceipcapitancortes\/wp-content\/uploads\/sites\/797\/nggallery\/el-centro\/thumbs\/thumbs_instalacion03.jpg\"\n\t\t\t\t\twidth=\"120\"\n\t\t\t\t\theight=\"90\"\n\t\t\t\t\tstyle=\"max-width:100%;\"\n\t\t\t\t\/>\n\t\t\t<\/a>\n\t\t<\/div>\n\t\t\t\t\t\t\t<\/div>\n\t\t\t\n\t\t\t\t<div id=\"ngg-image-3\" class=\"ngg-gallery-thumbnail-box\n\t\t\t\t\t\t\t\t\t\t\t\"\n\t\t\t>\n\t\t\t\t\t\t<div class=\"ngg-gallery-thumbnail\">\n\t\t\t<a href=\"https:\/\/blogsaverroes.juntadeandalucia.es\/ceipcapitancortes\/wp-content\/uploads\/sites\/797\/nggallery\/el-centro\/instalacion04.jpg\"\n\t\t\t\ttitle=\"Taquillas\"\n\t\t\t\tdata-src=\"https:\/\/blogsaverroes.juntadeandalucia.es\/ceipcapitancortes\/wp-content\/uploads\/sites\/797\/nggallery\/el-centro\/instalacion04.jpg\"\n\t\t\t\tdata-thumbnail=\"https:\/\/blogsaverroes.juntadeandalucia.es\/ceipcapitancortes\/wp-content\/uploads\/sites\/797\/nggallery\/el-centro\/thumbs\/thumbs_instalacion04.jpg\"\n\t\t\t\tdata-image-id=\"13\"\n\t\t\t\tdata-title=\"instalacion04\"\n\t\t\t\tdata-description=\"Taquillas\"\n\t\t\t\tdata-image-slug=\"instalacion04-1\"\n\t\t\t\tclass=\"ngg-fancybox\" rel=\"7bd57b0a1e84a07a972d91eb4118437e\">\n\t\t\t\t<img\n\t\t\t\t\ttitle=\"instalacion04\"\n\t\t\t\t\talt=\"instalacion04\"\n\t\t\t\t\tsrc=\"https:\/\/blogsaverroes.juntadeandalucia.es\/ceipcapitancortes\/wp-content\/uploads\/sites\/797\/nggallery\/el-centro\/thumbs\/thumbs_instalacion04.jpg\"\n\t\t\t\t\twidth=\"120\"\n\t\t\t\t\theight=\"90\"\n\t\t\t\t\tstyle=\"max-width:100%;\"\n\t\t\t\t\/>\n\t\t\t<\/a>\n\t\t<\/div>\n\t\t\t\t\t\t\t<\/div>\n\t\t\t\n\t\t\t\t<div id=\"ngg-image-4\" class=\"ngg-gallery-thumbnail-box\n\t\t\t\t\t\t\t\t\t\t\t\"\n\t\t\t>\n\t\t\t\t\t\t<div class=\"ngg-gallery-thumbnail\">\n\t\t\t<a href=\"https:\/\/blogsaverroes.juntadeandalucia.es\/ceipcapitancortes\/wp-content\/uploads\/sites\/797\/nggallery\/el-centro\/WhatsApp-Image-2020-10-30-at-10.18.10.jpeg\"\n\t\t\t\ttitle=\"\"\n\t\t\t\tdata-src=\"https:\/\/blogsaverroes.juntadeandalucia.es\/ceipcapitancortes\/wp-content\/uploads\/sites\/797\/nggallery\/el-centro\/WhatsApp-Image-2020-10-30-at-10.18.10.jpeg\"\n\t\t\t\tdata-thumbnail=\"https:\/\/blogsaverroes.juntadeandalucia.es\/ceipcapitancortes\/wp-content\/uploads\/sites\/797\/nggallery\/el-centro\/thumbs\/thumbs_WhatsApp-Image-2020-10-30-at-10.18.10.jpeg\"\n\t\t\t\tdata-image-id=\"14\"\n\t\t\t\tdata-title=\"WhatsApp-Image-2020-10-30-at-10.18.10\"\n\t\t\t\tdata-description=\"\"\n\t\t\t\tdata-image-slug=\"whatsapp-image-2020-10-30-at-10-18-10\"\n\t\t\t\tclass=\"ngg-fancybox\" rel=\"7bd57b0a1e84a07a972d91eb4118437e\">\n\t\t\t\t<img\n\t\t\t\t\ttitle=\"WhatsApp-Image-2020-10-30-at-10.18.10\"\n\t\t\t\t\talt=\"WhatsApp-Image-2020-10-30-at-10.18.10\"\n\t\t\t\t\tsrc=\"https:\/\/blogsaverroes.juntadeandalucia.es\/ceipcapitancortes\/wp-content\/uploads\/sites\/797\/nggallery\/el-centro\/thumbs\/thumbs_WhatsApp-Image-2020-10-30-at-10.18.10.jpeg\"\n\t\t\t\t\twidth=\"120\"\n\t\t\t\t\theight=\"90\"\n\t\t\t\t\tstyle=\"max-width:100%;\"\n\t\t\t\t\/>\n\t\t\t<\/a>\n\t\t<\/div>\n\t\t\t\t\t\t\t<\/div>\n\t\t\t\n\t\n\t<br style=\"clear: both\" \/>\n\n\t\t<div class=\"slideshowlink\">\n\t\t<a href='https:\/\/blogsaverroes.juntadeandalucia.es\/ceipcapitancortes\/el-centro-2\/nggallery\/slideshow'>[Mostrar presentaci\u00f3n de diapositivas]<\/a>\n\n\t<\/div>\n\t\n\t\t<!-- Pagination -->\n\t\t<div class='ngg-clear'><\/div>\t<\/div>\n<\/p>\n","protected":false},"excerpt":{"rendered":"<p>Datos de contacto Denominaci\u00f3n:\u00a0C.E.I.P. Capit\u00e1n Cort\u00e9s \u00a0 \u00a0 \u00a0 \u00a0 \u00a0 Direcci\u00f3n:\u00a0 \u00a0 \u00a0 \u00a0 \u00a0 \u00a0\u00a0 \u00a0 \u00a0 \u00a0Plaza de Espa\u00f1a, 2 23740 AND\u00daJAR (Ja\u00e9n) (Andaluc\u00eda &#8211; Espa\u00f1a &#8211; Europa) \u00a0Correo e.:\u00a023000453.edu@juntadeandalucia.es \u00a0\u00a0Tel\u00e9fono: (+34) 953 539 998\u00a0\u00a0\u00a0\/ \u00a0\u00a0\u00a0Fax:\u00a0(+34)\u00a0953 539 999 Situaci\u00f3n &nbsp; [googlemaps https:\/\/www.google.com\/maps\/embed?pb=!1m18!1m12!1m3!1d3142.424746919582!2d-4.056782248780463!3d38.037188304690915!2m3!1f0!2f0!3f0!3m2!1i1024!2i768!4f13.1!3m3!1m2!1s0xd6c37cc98b1ba9b%3A0xa7abeb151f068665!2zQ29sZWdpbyBQw7pibGljbyBDYXBpdMOhbiBDb3J0w6lz!5e0!3m2!1ses!2ses!4v1473327802945&amp;w=600&amp;h=450] Oferta educativa El Colegio de Educaci\u00f3n Infantil y Primaria (C.E.I.P.), &hellip; <\/p>\n<p class=\"link-more\"><a href=\"https:\/\/blogsaverroes.juntadeandalucia.es\/ceipcapitancortes\/el-centro-2\/\" class=\"more-link\">Continuar leyendo<span class=\"screen-reader-text\"> \u00abDatos del Colegio\u00bb<\/span><\/a><\/p>\n","protected":false},"author":1,"featured_media":0,"parent":0,"menu_order":0,"comment_status":"closed","ping_status":"open","template":"page-c.php","meta":{"ngg_post_thumbnail":0,"footnotes":"","_mc_calendar":[]},"aioseo_notices":[],"_links":{"self":[{"href":"https:\/\/blogsaverroes.juntadeandalucia.es\/ceipcapitancortes\/wp-json\/wp\/v2\/pages\/35"}],"collection":[{"href":"https:\/\/blogsaverroes.juntadeandalucia.es\/ceipcapitancortes\/wp-json\/wp\/v2\/pages"}],"about":[{"href":"https:\/\/blogsaverroes.juntadeandalucia.es\/ceipcapitancortes\/wp-json\/wp\/v2\/types\/page"}],"author":[{"embeddable":true,"href":"https:\/\/blogsaverroes.juntadeandalucia.es\/ceipcapitancortes\/wp-json\/wp\/v2\/users\/1"}],"replies":[{"embeddable":true,"href":"https:\/\/blogsaverroes.juntadeandalucia.es\/ceipcapitancortes\/wp-json\/wp\/v2\/comments?post=35"}],"version-history":[{"count":71,"href":"https:\/\/blogsaverroes.juntadeandalucia.es\/ceipcapitancortes\/wp-json\/wp\/v2\/pages\/35\/revisions"}],"predecessor-version":[{"id":2579,"href":"https:\/\/blogsaverroes.juntadeandalucia.es\/ceipcapitancortes\/wp-json\/wp\/v2\/pages\/35\/revisions\/2579"}],"wp:attachment":[{"href":"https:\/\/blogsaverroes.juntadeandalucia.es\/ceipcapitancortes\/wp-json\/wp\/v2\/media?parent=35"}],"curies":[{"name":"wp","href":"https:\/\/api.w.org\/{rel}","templated":true}]}}