{"id":42,"date":"2015-03-13T08:40:47","date_gmt":"2015-03-13T08:40:47","guid":{"rendered":"http:\/\/blogsaverroes.juntadeandalucia.es\/pre\/ceip\/?page_id=42"},"modified":"2020-10-29T13:39:40","modified_gmt":"2020-10-29T12:39:40","slug":"equipo-directivo","status":"publish","type":"page","link":"https:\/\/blogsaverroes.juntadeandalucia.es\/ceipcapitancortes\/equipo-directivo\/","title":{"rendered":"Equipo Directivo"},"content":{"rendered":"<p style=\"text-align: justify\">El Equipo Directivo est\u00e1 formado por:<\/p>\n<p style=\"text-align: justify\"><strong>Direcci\u00f3n: <\/strong>D\u00f1a. Mar\u00eda Jes\u00fas Galisteo Quesada, maestra de M\u00fasica.<\/p>\n<p style=\"text-align: justify\"><strong>Jefatura de estudios: <\/strong>D. Antonio Sim\u00f3n Calzado, maestro Lengua Extranjera-Franc\u00e9s.<\/p>\n<p style=\"text-align: justify\"><strong>Secretar\u00eda: <\/strong>D. Antonio Javier Bueno Heredia, maestro de Educaci\u00f3n F\u00edsica.<\/p>\n<p style=\"text-align: justify\">La definici\u00f3n y funciones est\u00e1n recogidas en el art\u00edculo 68 del&nbsp;<em>DECRETO 328\/2010, de 13 de julio, por el que se aprueba el Reglamento Orga\u0301nico de las escuelas infantiles de segundo grado, de los colegios de educacio\u0301n primaria, de los colegios de educacio\u0301n infantil y primaria, y de los centros pu\u0301blicos especi\u0301ficos de educacio\u0301n especial<\/em> (BOJA n\u00fam. 139 de 16\/07\/2010) <a href=\"http:\/\/blogsaverroes.juntadeandalucia.es\/ceipcapitancortes\/files\/2016\/07\/D_328-2010_ROC_BOJA_Inf-Prim-EE.pdf\">D_328-2010_ROC_BOJA_Inf-Prim-EE<\/a>:<\/p>\n<ol style=\"text-align: justify\">\n<li>El equipo directivo de las escuelas infantiles de segundo ciclo, de los colegios de educaci\u00f3n primaria, de los colegios de educaci\u00f3n infantil y primaria y de los centros p\u00fablicos espec\u00edficos de educaci\u00f3n especial es el \u00f3rgano ejecutivo de gobierno de dichos centros y trabajar\u00e1 de forma coordinada en el desempe\u00f1o de las funciones que tiene encomendadas, conforme a las instrucciones de la persona que ocupe la direcci\u00f3n y a las funciones espec\u00edficas legalmente establecidas.<\/li>\n<li>El equipo directivo tendr\u00e1 las siguientes funciones:<\/li>\n<\/ol>\n<p style=\"padding-left: 60px;text-align: justify\">a) Velar por el buen funcionamiento del centro.<\/p>\n<p style=\"padding-left: 60px;text-align: justify\">b) Establecer el horario que corresponde a cada \u00e1rea y, en general, el de cualquier otra actividad docente y no docente.<\/p>\n<p style=\"padding-left: 60px;text-align: justify\">c) Adoptar las medidas necesarias para la ejecuci\u00f3n coordinada de los acuerdos adoptados por el Consejo Escolar y el Claustro de Profesorado, as\u00ed como velar por el cumplimiento de las decisiones de los \u00f3rganos de coordinaci\u00f3n docente, en el \u00e1mbito de sus respectivas competencias.<\/p>\n<p style=\"padding-left: 60px;text-align: justify\">d) Elaborar el Plan de Centro y la memoria de autoevaluaci\u00f3n, de conformidad con lo establecido en los art\u00edculos 20.2 y 3 y 26.5.<\/p>\n<p style=\"padding-left: 60px;text-align: justify\">e) Impulsar la actuaci\u00f3n coordinada del centro con el resto de centros docentes de su zona educativa, especialmente con el instituto de educaci\u00f3n secundaria al que est\u00e9 adscrito.<\/p>\n<p style=\"padding-left: 60px;text-align: justify\">f) Favorecer la participaci\u00f3n del centro en redes de centros que promuevan planes y proyectos educativos para la mejora permanente de la ense\u00f1anza.<\/p>\n<p style=\"padding-left: 60px;text-align: justify\">g) Colaborar con la Consejer\u00eda competente en materia de educaci\u00f3n en aquellos \u00f3rganos de participaci\u00f3n que, a tales efectos, se establezcan.<\/p>\n<p style=\"padding-left: 60px;text-align: justify\">h) Cumplimentar la documentaci\u00f3n solicitada por los \u00f3rganos y entidades dependientes de la Consejer\u00eda competente en materia de educaci\u00f3n.<\/p>\n<p style=\"padding-left: 60px;text-align: justify\">i) Cualesquiera otras que le sean atribuidas por Orden de la persona titular de la Consejer\u00eda competente en materia de educaci\u00f3n.<\/p>\n","protected":false},"excerpt":{"rendered":"<p>El Equipo Directivo est\u00e1 formado por: Direcci\u00f3n: D\u00f1a. Mar\u00eda Jes\u00fas Galisteo Quesada, maestra de M\u00fasica. Jefatura de estudios: D. Antonio Sim\u00f3n Calzado, maestro Lengua Extranjera-Franc\u00e9s. Secretar\u00eda: D. Antonio Javier Bueno Heredia, maestro de Educaci\u00f3n F\u00edsica. La definici\u00f3n y funciones est\u00e1n recogidas en el art\u00edculo 68 del&nbsp;DECRETO 328\/2010, de 13 de julio, por el que se &hellip; <\/p>\n<p class=\"link-more\"><a href=\"https:\/\/blogsaverroes.juntadeandalucia.es\/ceipcapitancortes\/equipo-directivo\/\" class=\"more-link\">Continuar leyendo<span class=\"screen-reader-text\"> \u00abEquipo Directivo\u00bb<\/span><\/a><\/p>\n","protected":false},"author":1,"featured_media":0,"parent":0,"menu_order":0,"comment_status":"closed","ping_status":"open","template":"page-c.php","meta":{"ngg_post_thumbnail":0,"footnotes":"","_mc_calendar":[]},"aioseo_notices":[],"_links":{"self":[{"href":"https:\/\/blogsaverroes.juntadeandalucia.es\/ceipcapitancortes\/wp-json\/wp\/v2\/pages\/42"}],"collection":[{"href":"https:\/\/blogsaverroes.juntadeandalucia.es\/ceipcapitancortes\/wp-json\/wp\/v2\/pages"}],"about":[{"href":"https:\/\/blogsaverroes.juntadeandalucia.es\/ceipcapitancortes\/wp-json\/wp\/v2\/types\/page"}],"author":[{"embeddable":true,"href":"https:\/\/blogsaverroes.juntadeandalucia.es\/ceipcapitancortes\/wp-json\/wp\/v2\/users\/1"}],"replies":[{"embeddable":true,"href":"https:\/\/blogsaverroes.juntadeandalucia.es\/ceipcapitancortes\/wp-json\/wp\/v2\/comments?post=42"}],"version-history":[{"count":15,"href":"https:\/\/blogsaverroes.juntadeandalucia.es\/ceipcapitancortes\/wp-json\/wp\/v2\/pages\/42\/revisions"}],"predecessor-version":[{"id":2540,"href":"https:\/\/blogsaverroes.juntadeandalucia.es\/ceipcapitancortes\/wp-json\/wp\/v2\/pages\/42\/revisions\/2540"}],"wp:attachment":[{"href":"https:\/\/blogsaverroes.juntadeandalucia.es\/ceipcapitancortes\/wp-json\/wp\/v2\/media?parent=42"}],"curies":[{"name":"wp","href":"https:\/\/api.w.org\/{rel}","templated":true}]}}