{"id":869,"date":"2015-03-16T07:03:52","date_gmt":"2015-03-16T07:03:52","guid":{"rendered":"http:\/\/blogsaverroes.juntadeandalucia.es\/pre\/ceip\/?page_id=84"},"modified":"2016-07-21T01:20:45","modified_gmt":"2016-07-20T23:20:45","slug":"calendario-escolar","status":"publish","type":"page","link":"https:\/\/blogsaverroes.juntadeandalucia.es\/ceipcapitancortes\/calendario-escolar\/","title":{"rendered":"Calendario escolar"},"content":{"rendered":"<h4><strong>Calendario del curso escolar<\/strong><\/h4>\n<p>Art\u00edculo 2.b) del <em>Decreto 301\/2009, de 14 de julio, por el que se regula el calendario y la jornada escolar en los centros docentes, a excepci\u00f3n de los universitarios<\/em> (BOJA n\u00fam. 139 de 20\/07\/2009), define el curso acad\u00e9mico o curso escolar, como el per\u00edodo comprendido entre el 1 de septiembre de cada a\u00f1o y el 30 de junio del siguiente.<\/p>\n<p>Calendario Escolar propuesto a la Delegada Territorial por el Consejo Escolar Municipal para su aprobaci\u00f3n, tras la sesi\u00f3n ordinaria de 28 de junio de 2016.<\/p>\n<p><a href=\"http:\/\/blogsaverroes.juntadeandalucia.es\/ceipcapitancortes\/files\/2016\/07\/Calendario_Escolar-2016-17.jpg\"><img loading=\"lazy\" decoding=\"async\" class=\" wp-image-2232 size-large aligncenter\" src=\"http:\/\/blogsaverroes.juntadeandalucia.es\/ceipcapitancortes\/files\/2016\/07\/Calendario_Escolar-2016-17-724x1024.jpg\" alt=\"Calendario_Escolar 2016-17\" width=\"724\" height=\"1024\" srcset=\"https:\/\/blogsaverroes.juntadeandalucia.es\/ceipcapitancortes\/files\/2016\/07\/Calendario_Escolar-2016-17-724x1024.jpg 724w, https:\/\/blogsaverroes.juntadeandalucia.es\/ceipcapitancortes\/files\/2016\/07\/Calendario_Escolar-2016-17-212x300.jpg 212w, https:\/\/blogsaverroes.juntadeandalucia.es\/ceipcapitancortes\/files\/2016\/07\/Calendario_Escolar-2016-17.jpg 899w\" sizes=\"(max-width: 724px) 100vw, 724px\" \/><\/a><\/p>\n<p>Puede descargarlo en formato .PDF\u00a0<a href=\"http:\/\/blogsaverroes.juntadeandalucia.es\/ceipcapitancortes\/files\/2016\/07\/Calendario_Escolar-2016-17.pdf\">Calendario_Escolar 2016-17<\/a>\u00a0as\u00ed como la <em>Resoluci\u00f3n de 17 de mayo de 2016 de la Delegaci\u00f3n Territorial de Educaci\u00f3n en Ja\u00e9n por la que se dictan las normas que han de regir el calendario escolar para el curso 2016\/2017 en todos los centros docentes de la provincia, a excepci\u00f3n de los universitarios<\/em>\u00a0<a href=\"http:\/\/blogsaverroes.juntadeandalucia.es\/ceipcapitancortes\/files\/2016\/07\/Resolucio\u0301n-Calendario-16_171.pdf\">Resolucio\u0301n Calendario 2016_17<\/a>.<\/p>\n<p>&nbsp;<\/p>\n<p style=\"text-align: center\">\n","protected":false},"excerpt":{"rendered":"<p>Calendario del curso escolar Art\u00edculo 2.b) del Decreto 301\/2009, de 14 de julio, por el que se regula el calendario y la jornada escolar en los centros docentes, a excepci\u00f3n de los universitarios (BOJA n\u00fam. 139 de 20\/07\/2009), define el curso acad\u00e9mico o curso escolar, como el per\u00edodo comprendido entre el 1 de septiembre de &hellip; <\/p>\n<p class=\"link-more\"><a href=\"https:\/\/blogsaverroes.juntadeandalucia.es\/ceipcapitancortes\/calendario-escolar\/\" class=\"more-link\">Continuar leyendo<span class=\"screen-reader-text\"> \u00abCalendario escolar\u00bb<\/span><\/a><\/p>\n","protected":false},"author":1,"featured_media":0,"parent":0,"menu_order":0,"comment_status":"closed","ping_status":"open","template":"page-c.php","meta":{"ngg_post_thumbnail":0,"footnotes":"","_mc_calendar":[]},"aioseo_notices":[],"_links":{"self":[{"href":"https:\/\/blogsaverroes.juntadeandalucia.es\/ceipcapitancortes\/wp-json\/wp\/v2\/pages\/869"}],"collection":[{"href":"https:\/\/blogsaverroes.juntadeandalucia.es\/ceipcapitancortes\/wp-json\/wp\/v2\/pages"}],"about":[{"href":"https:\/\/blogsaverroes.juntadeandalucia.es\/ceipcapitancortes\/wp-json\/wp\/v2\/types\/page"}],"author":[{"embeddable":true,"href":"https:\/\/blogsaverroes.juntadeandalucia.es\/ceipcapitancortes\/wp-json\/wp\/v2\/users\/1"}],"replies":[{"embeddable":true,"href":"https:\/\/blogsaverroes.juntadeandalucia.es\/ceipcapitancortes\/wp-json\/wp\/v2\/comments?post=869"}],"version-history":[{"count":10,"href":"https:\/\/blogsaverroes.juntadeandalucia.es\/ceipcapitancortes\/wp-json\/wp\/v2\/pages\/869\/revisions"}],"predecessor-version":[{"id":2236,"href":"https:\/\/blogsaverroes.juntadeandalucia.es\/ceipcapitancortes\/wp-json\/wp\/v2\/pages\/869\/revisions\/2236"}],"wp:attachment":[{"href":"https:\/\/blogsaverroes.juntadeandalucia.es\/ceipcapitancortes\/wp-json\/wp\/v2\/media?parent=869"}],"curies":[{"name":"wp","href":"https:\/\/api.w.org\/{rel}","templated":true}]}}