{"id":870,"date":"2015-03-16T07:24:27","date_gmt":"2015-03-16T07:24:27","guid":{"rendered":"http:\/\/blogsaverroes.juntadeandalucia.es\/pre\/ceip\/?page_id=103"},"modified":"2016-07-23T00:07:31","modified_gmt":"2016-07-22T22:07:31","slug":"aula-matinal","status":"publish","type":"page","link":"https:\/\/blogsaverroes.juntadeandalucia.es\/ceipcapitancortes\/aula-matinal\/","title":{"rendered":"Aula Matinal"},"content":{"rendered":"<figure id=\"attachment_2255\" aria-describedby=\"caption-attachment-2255\" style=\"width: 1400px\" class=\"wp-caption aligncenter\"><a href=\"http:\/\/blogsaverroes.juntadeandalucia.es\/ceipcapitancortes\/files\/2016\/07\/20160623-j-u\u0301ltima-aula-matinal.jpeg\"><img loading=\"lazy\" decoding=\"async\" class=\"wp-image-2255 size-full\" src=\"http:\/\/blogsaverroes.juntadeandalucia.es\/ceipcapitancortes\/files\/2016\/07\/20160623-j-u\u0301ltima-aula-matinal.jpeg\" alt=\"aula_matinal\" width=\"1400\" height=\"589\" srcset=\"https:\/\/blogsaverroes.juntadeandalucia.es\/ceipcapitancortes\/files\/2016\/07\/20160623-j-u\u0301ltima-aula-matinal.jpeg 1400w, https:\/\/blogsaverroes.juntadeandalucia.es\/ceipcapitancortes\/files\/2016\/07\/20160623-j-u\u0301ltima-aula-matinal-300x126.jpeg 300w, https:\/\/blogsaverroes.juntadeandalucia.es\/ceipcapitancortes\/files\/2016\/07\/20160623-j-u\u0301ltima-aula-matinal-1024x431.jpeg 1024w\" sizes=\"(max-width: 767px) 89vw, (max-width: 1000px) 54vw, (max-width: 1071px) 543px, 580px\" \/><\/a><figcaption id=\"caption-attachment-2255\" class=\"wp-caption-text\">\u00daltimo d\u00eda de Aula Matinal del curso 2015 &#8211; 2016 (23 junio 2016).<\/figcaption><\/figure>\n<h4><\/h4>\n<p>&nbsp;<\/p>\n<p style=\"text-align: justify\">El <strong>Aula Matinal<\/strong> abre a las 7:30 h de lunes a viernes durante todo el curso escolar, ofreciendo actividades diversas a las ni\u00f1as y ni\u00f1os hasta las 9:00 h, hora de comienzo de las clases.<\/p>\n<p style=\"text-align: justify\">Puede\u00a0utilizarse\u00a0cualquier d\u00eda previa inscripci\u00f3n cumplimentando el\u00a0<a href=\"http:\/\/blogsaverroes.juntadeandalucia.es\/ceipcapitancortes\/files\/2016\/07\/Anexo_II_Inscripcion_en_Servicios_AM_CE_y_AAEX.pdf\">Anexo_II_Inscripcion_en_Servicios_AM_CE_y_AAEX<\/a>, considerando que existe un n\u00famero concreto de plazas (TREINTA para 2016-2017), inferior al de solicitudes por lo que es necesario aplicar un baremo para la admisi\u00f3n que vienen recogidos en la normativa de referencia. Por decisi\u00f3n del Consejo Escolar, dada la importancia de este servicio para las familias del Colegio, intentaremos atender todas las necesidades mediante acuerdo con la empresa proveedora del servicio y el visto bueno de la Delegaci\u00f3n Territorial.<\/p>\n<p>Una vez cumplimentado el Anexo II debe entregarlo en la Secretar\u00eda del Colegio en horario de 9:30 h a 12:30 h de lunes a jueves.<\/p>\n<p>La normativa de referencia es la siguiente:<\/p>\n<ol>\n<li>ORDEN de 3 de agosto de 2010, por la que se regulan los servicios complementarios de la ense\u00f1anza de aula matinal, comedor escolar y actividades extraescolares en los centros docentes p\u00fablicos, as\u00ed como la ampliaci\u00f3n de horario (BOJA n\u00fam. 158 de 12\/08\/2010).\u00a0<a href=\"http:\/\/blogsaverroes.juntadeandalucia.es\/ceipcapitancortes\/files\/2016\/07\/O-03ago10-PAFA.pdf\">O 03ago10 PAFA<\/a><\/li>\n<li>\n<p class=\"p1\">Orden de 31 de julio de 2012, por la que se modifica la Orden de 3 de agosto de 2010, por la que se regulan los servicios complementarios de la ense\u00f1anza de aula matinal, comedor escolar y actividades extraescolares en los centros docentes p\u00fablicos, as\u00ed como la ampliaci\u00f3n de horario (BOJA n\u00fam. 156 de 09\/08\/2012).\u00a0<a href=\"http:\/\/blogsaverroes.juntadeandalucia.es\/ceipcapitancortes\/files\/2016\/07\/O-31jul12-PAFA.pdf\">O 31jul12 PAFA<\/a><\/p>\n<\/li>\n<li>\n<div class=\"page\" title=\"Page 1\">\n<div class=\"section\">\n<div class=\"layoutArea\">\n<div class=\"column\">\n<p>Orden de 5 de noviembre de 2014, por la que se modifica la de 3 de agosto de 2010, por la que se regulan los servicios complementarios de la ensen\u0303anza de aula matinal, comedor escolar y actividades extraescolares en los centros docentes pu\u0301blicos, asi\u0301 como la ampliacio\u0301n de horario(BOJA n\u00fam. 233 de 28\/11\/2014).\u00a0<a href=\"http:\/\/blogsaverroes.juntadeandalucia.es\/ceipcapitancortes\/files\/2016\/07\/O-05nov14-PAFA.pdf\">O 05nov14 PAFA<\/a><\/p>\n<\/div>\n<\/div>\n<\/div>\n<\/div>\n<\/li>\n<\/ol>\n<p>&nbsp;<\/p>\n","protected":false},"excerpt":{"rendered":"<p>&nbsp; El Aula Matinal abre a las 7:30 h de lunes a viernes durante todo el curso escolar, ofreciendo actividades diversas a las ni\u00f1as y ni\u00f1os hasta las 9:00 h, hora de comienzo de las clases. Puede\u00a0utilizarse\u00a0cualquier d\u00eda previa inscripci\u00f3n cumplimentando el\u00a0Anexo_II_Inscripcion_en_Servicios_AM_CE_y_AAEX, considerando que existe un n\u00famero concreto de plazas (TREINTA para 2016-2017), inferior al &hellip; <\/p>\n<p class=\"link-more\"><a href=\"https:\/\/blogsaverroes.juntadeandalucia.es\/ceipcapitancortes\/aula-matinal\/\" class=\"more-link\">Continuar leyendo<span class=\"screen-reader-text\"> \u00abAula Matinal\u00bb<\/span><\/a><\/p>\n","protected":false},"author":1,"featured_media":0,"parent":0,"menu_order":0,"comment_status":"closed","ping_status":"open","template":"page-c.php","meta":{"ngg_post_thumbnail":0,"footnotes":"","_mc_calendar":[]},"aioseo_notices":[],"_links":{"self":[{"href":"https:\/\/blogsaverroes.juntadeandalucia.es\/ceipcapitancortes\/wp-json\/wp\/v2\/pages\/870"}],"collection":[{"href":"https:\/\/blogsaverroes.juntadeandalucia.es\/ceipcapitancortes\/wp-json\/wp\/v2\/pages"}],"about":[{"href":"https:\/\/blogsaverroes.juntadeandalucia.es\/ceipcapitancortes\/wp-json\/wp\/v2\/types\/page"}],"author":[{"embeddable":true,"href":"https:\/\/blogsaverroes.juntadeandalucia.es\/ceipcapitancortes\/wp-json\/wp\/v2\/users\/1"}],"replies":[{"embeddable":true,"href":"https:\/\/blogsaverroes.juntadeandalucia.es\/ceipcapitancortes\/wp-json\/wp\/v2\/comments?post=870"}],"version-history":[{"count":13,"href":"https:\/\/blogsaverroes.juntadeandalucia.es\/ceipcapitancortes\/wp-json\/wp\/v2\/pages\/870\/revisions"}],"predecessor-version":[{"id":2309,"href":"https:\/\/blogsaverroes.juntadeandalucia.es\/ceipcapitancortes\/wp-json\/wp\/v2\/pages\/870\/revisions\/2309"}],"wp:attachment":[{"href":"https:\/\/blogsaverroes.juntadeandalucia.es\/ceipcapitancortes\/wp-json\/wp\/v2\/media?parent=870"}],"curies":[{"name":"wp","href":"https:\/\/api.w.org\/{rel}","templated":true}]}}