{"id":871,"date":"2015-03-16T07:25:46","date_gmt":"2015-03-16T07:25:46","guid":{"rendered":"http:\/\/blogsaverroes.juntadeandalucia.es\/pre\/ceip\/?page_id=106"},"modified":"2020-11-20T11:31:37","modified_gmt":"2020-11-20T10:31:37","slug":"escuelas-deportivas","status":"publish","type":"page","link":"https:\/\/blogsaverroes.juntadeandalucia.es\/ceipcapitancortes\/escuelas-deportivas\/","title":{"rendered":"Escuelas Deportivas"},"content":{"rendered":"<p>href=\u00bbhttp:\/\/blogsaverroes.juntadeandalucia.es\/ceipcapitancortes\/files\/2016\/07\/EscuelasDeportivasyJunta.jpg\u00bb&gt;<img loading=\"lazy\" decoding=\"async\" class=\" size-medium wp-image-2244 aligncenter\" src=\"http:\/\/blogsaverroes.juntadeandalucia.es\/ceipcapitancortes\/files\/2016\/07\/EscuelasDeportivasyJunta-300x107.jpg\" alt=\"EscuelasDeportivasyJunta\" width=\"300\" height=\"107\" srcset=\"https:\/\/blogsaverroes.juntadeandalucia.es\/ceipcapitancortes\/files\/2016\/07\/EscuelasDeportivasyJunta-300x107.jpg 300w, https:\/\/blogsaverroes.juntadeandalucia.es\/ceipcapitancortes\/files\/2016\/07\/EscuelasDeportivasyJunta.jpg 678w\" sizes=\"(max-width: 300px) 100vw, 300px\" \/><\/a><\/p>\n<p style=\"text-align: justify\">El Programa ESCUELAS DEPORTIVAS se desarrolla en el Colegio desde 2012\/13. Est\u00e1 destinado a alumnas y alumnos de Educaci\u00f3n Primaria, es gratuito y el n\u00famero m\u00ednimo de participantes para que pueda iniciarse por cada deporte es de TREINTA, por lo que aconsejamos que animen a familias de su curso a participar en las mismas modalidades deportivas.<\/p>\n<p style=\"text-align: justify\">Las modalidades ofertadas son F\u00fatbol, Baloncesto y Ajedrez, del que celebramos el I Torneo Escolar en junio de 2016 con la participaci\u00f3n del Ayuntamiento, AMPA Bartolom\u00e9 Herrera, Federaci\u00f3n Andaluza de Ajedrez y empresas patrocinadoras.<\/p>\n<p style=\"text-align: justify\">El inicio probable ser\u00e1 en diciembre, aunque les informaremos a trav\u00e9s del tabl\u00f3n de anuncios, en la web, Junta de Delegadas-os de Madres\/Padres (WhatsApp), Twitter o Facebook<\/p>\n<p style=\"text-align: justify\">La propuesta inicial de horarios y deportes\u00a0para el curso 2020 &#8211; 2021 es la siguiente:<\/p>\n<h4 style=\"text-align: center\"><strong>Programa Escuelas Deportivas del CEIP Capit\u00e1n Cort\u00e9s<\/strong><\/h4>\n<p style=\"text-align: justify\"><a href=\"http:\/\/blogsaverroes.juntadeandalucia.es\/ceipcapitancortes\/files\/2016\/08\/Deca\u0301logo-alum-deportista-andaluz.jpg\" target=\"_blank\" rel=\"noopener noreferrer\">DEC\u00c1LOGO PARA EL ALUMNADO DEPORTISTA ANDALUZ<\/a>.<\/p>\n<p><a href=\"http:\/\/blogsaverroes.juntadeandalucia.es\/ceipcapitancortes\/files\/2016\/08\/manual_buenas_practs_deport.pdf\" target=\"_blank\" rel=\"noopener noreferrer\">MANUAL PARA LAS BUENAS PR\u00c1CTICAS DEPORTIVAS<\/a>.<\/p>\n<p><a href=\"http:\/\/blogsaverroes.juntadeandalucia.es\/ceipcapitancortes\/files\/2016\/08\/MJordan.jpg\"><img loading=\"lazy\" decoding=\"async\" class=\" size-full wp-image-2391 aligncenter\" src=\"http:\/\/blogsaverroes.juntadeandalucia.es\/ceipcapitancortes\/files\/2016\/08\/MJordan.jpg\" alt=\"Michael Jordan\" width=\"719\" height=\"722\" srcset=\"https:\/\/blogsaverroes.juntadeandalucia.es\/ceipcapitancortes\/files\/2016\/08\/MJordan.jpg 719w, https:\/\/blogsaverroes.juntadeandalucia.es\/ceipcapitancortes\/files\/2016\/08\/MJordan-150x150.jpg 150w, https:\/\/blogsaverroes.juntadeandalucia.es\/ceipcapitancortes\/files\/2016\/08\/MJordan-300x300.jpg 300w, https:\/\/blogsaverroes.juntadeandalucia.es\/ceipcapitancortes\/files\/2016\/08\/MJordan-100x100.jpg 100w\" sizes=\"(max-width: 719px) 100vw, 719px\" \/><\/a><\/p>\n<p>&nbsp;<\/p>\n","protected":false},"excerpt":{"rendered":"<p>href=\u00bbhttp:\/\/blogsaverroes.juntadeandalucia.es\/ceipcapitancortes\/files\/2016\/07\/EscuelasDeportivasyJunta.jpg\u00bb&gt; El Programa ESCUELAS DEPORTIVAS se desarrolla en el Colegio desde 2012\/13. Est\u00e1 destinado a alumnas y alumnos de Educaci\u00f3n Primaria, es gratuito y el n\u00famero m\u00ednimo de participantes para que pueda iniciarse por cada deporte es de TREINTA, por lo que aconsejamos que animen a familias de su curso a participar en las mismas &hellip; <\/p>\n<p class=\"link-more\"><a href=\"https:\/\/blogsaverroes.juntadeandalucia.es\/ceipcapitancortes\/escuelas-deportivas\/\" class=\"more-link\">Continuar leyendo<span class=\"screen-reader-text\"> \u00abEscuelas Deportivas\u00bb<\/span><\/a><\/p>\n","protected":false},"author":1,"featured_media":0,"parent":0,"menu_order":0,"comment_status":"closed","ping_status":"open","template":"page-c.php","meta":{"ngg_post_thumbnail":0,"footnotes":"","_mc_calendar":[]},"aioseo_notices":[],"_links":{"self":[{"href":"https:\/\/blogsaverroes.juntadeandalucia.es\/ceipcapitancortes\/wp-json\/wp\/v2\/pages\/871"}],"collection":[{"href":"https:\/\/blogsaverroes.juntadeandalucia.es\/ceipcapitancortes\/wp-json\/wp\/v2\/pages"}],"about":[{"href":"https:\/\/blogsaverroes.juntadeandalucia.es\/ceipcapitancortes\/wp-json\/wp\/v2\/types\/page"}],"author":[{"embeddable":true,"href":"https:\/\/blogsaverroes.juntadeandalucia.es\/ceipcapitancortes\/wp-json\/wp\/v2\/users\/1"}],"replies":[{"embeddable":true,"href":"https:\/\/blogsaverroes.juntadeandalucia.es\/ceipcapitancortes\/wp-json\/wp\/v2\/comments?post=871"}],"version-history":[{"count":28,"href":"https:\/\/blogsaverroes.juntadeandalucia.es\/ceipcapitancortes\/wp-json\/wp\/v2\/pages\/871\/revisions"}],"predecessor-version":[{"id":2592,"href":"https:\/\/blogsaverroes.juntadeandalucia.es\/ceipcapitancortes\/wp-json\/wp\/v2\/pages\/871\/revisions\/2592"}],"wp:attachment":[{"href":"https:\/\/blogsaverroes.juntadeandalucia.es\/ceipcapitancortes\/wp-json\/wp\/v2\/media?parent=871"}],"curies":[{"name":"wp","href":"https:\/\/api.w.org\/{rel}","templated":true}]}}