{"id":330,"date":"2020-02-11T13:07:32","date_gmt":"2020-02-11T12:07:32","guid":{"rendered":"http:\/\/blogsaverroes.juntadeandalucia.es\/pre\/nuevoceipv2\/?page_id=330"},"modified":"2022-09-18T13:58:35","modified_gmt":"2022-09-18T11:58:35","slug":"novedades","status":"publish","type":"page","link":"https:\/\/blogsaverroes.juntadeandalucia.es\/ceipcarlosiii\/novedades\/","title":{"rendered":"Novedades"},"content":{"rendered":"<p>El <strong>Consejo Escolar<\/strong> de nuestro centro est\u00e1 formado por:<\/p>\n<p>&nbsp;<\/p>\n<p><strong>Equipo Directivo<\/strong><\/p>\n<p>Directora: Eva Mar\u00eda Trujillo Garc\u00eda<\/p>\n<p>Jefe de Estudios: Pablo Beltr\u00e1n Guti\u00e9rrez<\/p>\n<p>Secretario: Rafael S\u00e1nchez-Ferragut Soto<\/p>\n<p>&nbsp;<\/p>\n<p><strong>Sector Profesorado<\/strong><\/p>\n<p>Mar\u00eda Jos\u00e9 Calvino Fatou<\/p>\n<p>Patricia Cid Guerra<\/p>\n<p>Pedro Garc\u00eda G\u00e1mez<\/p>\n<p>Mar\u00eda Remedios Ru\u00edz Blanco<\/p>\n<p>&nbsp;<\/p>\n<p><strong>Sector Familias<\/strong><\/p>\n<p>Manuel Barqu\u00edn Lande<\/p>\n<p>Virginia del Castillo Marrero<\/p>\n<p>Mar\u00eda Gallego Loro\u00f1o<\/p>\n<p>Ram\u00f3n Guti\u00e9rrez S\u00e1nchez<\/p>\n<p>Lidia Pecino Naranjo<\/p>\n<p>Laura Del R\u00edo Rodr\u00edguez<\/p>\n<p>Macarena Medina D\u00e1vila (Representate de la A.M.P.A)<\/p>\n<p>&nbsp;<\/p>\n<p><strong>Sector Administraci\u00f3n y Servicios<\/strong><\/p>\n<p>Mar\u00eda Carmen Arag\u00f3n Blandino<\/p>\n<p>&nbsp;<\/p>\n<p><strong>Sector Ayuntamiento<\/strong><\/p>\n<p>Javier L\u00f3pez Camarena<\/p>\n<p>&nbsp;<\/p>\n<p><strong>Sector Fomento Igualdad<\/strong><\/p>\n<p>Pablo Beltr\u00e1n Guti\u00e9rrez<\/p>\n<p>&nbsp;<\/p>\n","protected":false},"excerpt":{"rendered":"<p>El Consejo Escolar de nuestro centro est\u00e1 formado por: &nbsp; Equipo Directivo Directora: Eva Mar\u00eda Trujillo Garc\u00eda Jefe de Estudios: Pablo Beltr\u00e1n Guti\u00e9rrez Secretario: Rafael S\u00e1nchez-Ferragut Soto &nbsp; Sector Profesorado Mar\u00eda Jos\u00e9 Calvino Fatou&#46;&#46;&#46;<\/p>\n","protected":false},"author":14282,"featured_media":0,"parent":0,"menu_order":0,"comment_status":"closed","ping_status":"closed","template":"","meta":{"ngg_post_thumbnail":0,"footnotes":""},"aioseo_notices":[],"_links":{"self":[{"href":"https:\/\/blogsaverroes.juntadeandalucia.es\/ceipcarlosiii\/wp-json\/wp\/v2\/pages\/330"}],"collection":[{"href":"https:\/\/blogsaverroes.juntadeandalucia.es\/ceipcarlosiii\/wp-json\/wp\/v2\/pages"}],"about":[{"href":"https:\/\/blogsaverroes.juntadeandalucia.es\/ceipcarlosiii\/wp-json\/wp\/v2\/types\/page"}],"author":[{"embeddable":true,"href":"https:\/\/blogsaverroes.juntadeandalucia.es\/ceipcarlosiii\/wp-json\/wp\/v2\/users\/14282"}],"replies":[{"embeddable":true,"href":"https:\/\/blogsaverroes.juntadeandalucia.es\/ceipcarlosiii\/wp-json\/wp\/v2\/comments?post=330"}],"version-history":[{"count":3,"href":"https:\/\/blogsaverroes.juntadeandalucia.es\/ceipcarlosiii\/wp-json\/wp\/v2\/pages\/330\/revisions"}],"predecessor-version":[{"id":1193,"href":"https:\/\/blogsaverroes.juntadeandalucia.es\/ceipcarlosiii\/wp-json\/wp\/v2\/pages\/330\/revisions\/1193"}],"wp:attachment":[{"href":"https:\/\/blogsaverroes.juntadeandalucia.es\/ceipcarlosiii\/wp-json\/wp\/v2\/media?parent=330"}],"curies":[{"name":"wp","href":"https:\/\/api.w.org\/{rel}","templated":true}]}}