{"id":452,"date":"2020-03-04T08:34:09","date_gmt":"2020-03-04T07:34:09","guid":{"rendered":"http:\/\/blogsaverroes.juntadeandalucia.es\/pre\/nuevoceipv2\/?page_id=452"},"modified":"2022-09-17T18:53:00","modified_gmt":"2022-09-17T16:53:00","slug":"calendario","status":"publish","type":"page","link":"https:\/\/blogsaverroes.juntadeandalucia.es\/ceipcarlosiii\/calendario\/","title":{"rendered":"Equipo"},"content":{"rendered":"<header class=\"entry-header cf\">\n<h1 class=\"entry-title\"><strong style=\"font-size: 16px\">EQUIPO DIRECTIVO<\/strong><\/h1>\n<\/header>\n<div class=\"entry-content cf\">\n<p><strong>Directora:<\/strong>&nbsp;Eva Mar\u00eda Trujillo Garc\u00eda<\/p>\n<p><strong>Jefe de Estudios:<\/strong>&nbsp;Pablo Beltr\u00e1n Guti\u00e9rrez<\/p>\n<p><strong>Secretaria:<\/strong> Rafael S\u00e1nchez-Ferragut Soto<\/p>\n<\/div>\n","protected":false},"excerpt":{"rendered":"<p>EQUIPO DIRECTIVO Directora:&nbsp;Eva Mar\u00eda Trujillo Garc\u00eda Jefe de Estudios:&nbsp;Pablo Beltr\u00e1n Guti\u00e9rrez Secretaria: Rafael S\u00e1nchez-Ferragut Soto<\/p>\n","protected":false},"author":14282,"featured_media":0,"parent":0,"menu_order":0,"comment_status":"closed","ping_status":"closed","template":"","meta":{"ngg_post_thumbnail":0,"footnotes":""},"aioseo_notices":[],"_links":{"self":[{"href":"https:\/\/blogsaverroes.juntadeandalucia.es\/ceipcarlosiii\/wp-json\/wp\/v2\/pages\/452"}],"collection":[{"href":"https:\/\/blogsaverroes.juntadeandalucia.es\/ceipcarlosiii\/wp-json\/wp\/v2\/pages"}],"about":[{"href":"https:\/\/blogsaverroes.juntadeandalucia.es\/ceipcarlosiii\/wp-json\/wp\/v2\/types\/page"}],"author":[{"embeddable":true,"href":"https:\/\/blogsaverroes.juntadeandalucia.es\/ceipcarlosiii\/wp-json\/wp\/v2\/users\/14282"}],"replies":[{"embeddable":true,"href":"https:\/\/blogsaverroes.juntadeandalucia.es\/ceipcarlosiii\/wp-json\/wp\/v2\/comments?post=452"}],"version-history":[{"count":5,"href":"https:\/\/blogsaverroes.juntadeandalucia.es\/ceipcarlosiii\/wp-json\/wp\/v2\/pages\/452\/revisions"}],"predecessor-version":[{"id":1171,"href":"https:\/\/blogsaverroes.juntadeandalucia.es\/ceipcarlosiii\/wp-json\/wp\/v2\/pages\/452\/revisions\/1171"}],"wp:attachment":[{"href":"https:\/\/blogsaverroes.juntadeandalucia.es\/ceipcarlosiii\/wp-json\/wp\/v2\/media?parent=452"}],"curies":[{"name":"wp","href":"https:\/\/api.w.org\/{rel}","templated":true}]}}