{"id":64,"date":"2020-01-09T11:41:42","date_gmt":"2020-01-09T10:41:42","guid":{"rendered":"http:\/\/blogsaverroes.juntadeandalucia.es\/pre\/nuevoceipv2\/?page_id=64"},"modified":"2022-09-17T19:23:29","modified_gmt":"2022-09-17T17:23:29","slug":"equipodocente","status":"publish","type":"page","link":"https:\/\/blogsaverroes.juntadeandalucia.es\/ceipcarlosiii\/equipodocente\/","title":{"rendered":"Equipo Docente"},"content":{"rendered":"<p><span style=\"font-family: helvetica, arial, sans-serif;color: #0000ff\"><strong>EDUCACI\u00d3N INFANTIL<\/strong><\/span><\/p>\n<p><span style=\"font-family: helvetica, arial, sans-serif\"><strong>3 a\u00f1os:<\/strong> Mar\u00eda Villalba Lavandeira<\/span><\/p>\n<p><span style=\"font-family: helvetica, arial, sans-serif\"><strong>4 a\u00f1os:<\/strong> Mar\u00eda Jos\u00e9 Calvino Fatou<\/span><\/p>\n<p><span style=\"font-family: helvetica, arial, sans-serif\"><strong>5 a\u00f1os A:<\/strong> Esther \u00c1ngeles Abreu Carrillo<\/span><\/p>\n<p><span style=\"font-family: helvetica, arial, sans-serif\"><strong>5 a\u00f1os B:<\/strong> Paloma Bartolom\u00e9 Calvo<\/span><\/p>\n<p><span style=\"font-family: helvetica, arial, sans-serif\"><strong>Apoyo Covid:<\/strong> Adelaida Mart\u00edn Huerta<\/span><\/p>\n<p>&nbsp;<\/p>\n<p><span style=\"font-family: helvetica, arial, sans-serif;color: #0000ff\"><strong>EDUCACI\u00d3N PRIMARIA<\/strong><\/span><\/p>\n<p><span style=\"font-family: helvetica, arial, sans-serif\"><strong>1\u00baA:<\/strong> Filomena Galv\u00edn Sousa<\/span><\/p>\n<p><span style=\"font-family: helvetica, arial, sans-serif\"><strong>1\u00baB:<\/strong> Mar\u00eda Jos\u00e9 Caballero Ru\u00edz<\/span><\/p>\n<p><span style=\"font-family: helvetica, arial, sans-serif\"><strong>2\u00baA:<\/strong> Mar\u00eda Dolores Granado Barea<\/span><\/p>\n<p><span style=\"font-family: helvetica, arial, sans-serif\"><strong>2\u00baB:<\/strong> Esther Casaos Patr\u00f3n<\/span><\/p>\n<p><span style=\"font-family: helvetica, arial, sans-serif\"><strong>3\u00baA:<\/strong> Mar\u00eda Remedios Ru\u00edz Blanco<\/span><\/p>\n<p><span style=\"font-family: helvetica, arial, sans-serif\"><strong>3\u00baB:<\/strong> Pedro Garc\u00eda G\u00e1mez<\/span><\/p>\n<p><span style=\"font-family: helvetica, arial, sans-serif\"><strong>4\u00baA:<\/strong> Sara Castro P\u00e9rez<\/span><\/p>\n<p><span style=\"font-family: helvetica, arial, sans-serif\"><strong>4\u00baB:<\/strong> Diego S\u00e1nchez Quintero<\/span><\/p>\n<p><span style=\"font-family: helvetica, arial, sans-serif\"><strong>5\u00baA:<\/strong> Lourdes Maline Jim\u00e9nez<\/span><\/p>\n<p><span style=\"font-family: helvetica, arial, sans-serif\"><strong>5\u00baB:<\/strong> Manuel Pecci Piniella<\/span><\/p>\n<p><span style=\"font-family: helvetica, arial, sans-serif\"><strong>6\u00baA:<\/strong> Eva Mar\u00eda Trujillo Garc\u00eda<\/span><\/p>\n<p><span style=\"font-family: helvetica, arial, sans-serif\"><strong>6\u00baB:<\/strong> Jos\u00e9 Luis Cabeza Gallego<\/span><\/p>\n<p>&nbsp;<\/p>\n<p><span style=\"font-family: helvetica, arial, sans-serif;color: #0000ff\"><strong>ESPECIALISTAS<\/strong><\/span><\/p>\n<p><span style=\"font-family: helvetica, arial, sans-serif\"><strong>Educaci\u00f3n F\u00edsica:<\/strong> Rafael S\u00e1nchez-Ferragut Soto<\/span><\/p>\n<p><span style=\"font-family: helvetica, arial, sans-serif\"><strong>Educaci\u00f3n F\u00edsica:<\/strong> Rosa Mar\u00eda Rodr\u00edguez Santiago<\/span><\/p>\n<p><span style=\"font-family: helvetica, arial, sans-serif\"><strong>Franc\u00e9s:<\/strong> Pablo Beltr\u00e1n Guti\u00e9rrez<\/span><\/p>\n<p><span style=\"font-family: helvetica, arial, sans-serif\"><strong>Ingl\u00e9s:<\/strong> Cristina S\u00e1nchez Garc\u00eda<\/span><\/p>\n<p><span style=\"font-family: helvetica, arial, sans-serif\"><strong>Pedagog\u00eda Terap\u00e9utica:<\/strong> Patricia Cid Guerra<\/span><\/p>\n<p><span style=\"font-family: helvetica, arial, sans-serif\"><strong>Pedagog\u00eda Terap\u00e9utica &#8211; Apoyo Covid:<\/strong> Milagros Calder\u00f3n Rico<\/span><\/p>\n<p><span style=\"font-family: helvetica, arial, sans-serif\"><strong>Audici\u00f3n y Lenguaje:<\/strong> Javier Mart\u00edn Flores<\/span><\/p>\n<p><span style=\"font-family: helvetica, arial, sans-serif\"><strong>A.T.A.L:<\/strong> Mar\u00eda Victoria S\u00e1nchez Calleja<\/span><\/p>\n<p><span style=\"font-family: helvetica, arial, sans-serif\"><strong>Religi\u00f3n:<\/strong> Mar\u00eda Dolores Hern\u00e1ndez Delgado<\/span><\/p>\n<p><span style=\"font-family: helvetica, arial, sans-serif\"><strong>Religi\u00f3n:<\/strong> Magdalena Rodr\u00edguez Torres<\/span><\/p>\n<p>&nbsp;<\/p>\n","protected":false},"excerpt":{"rendered":"<p>EDUCACI\u00d3N INFANTIL 3 a\u00f1os: Mar\u00eda Villalba Lavandeira 4 a\u00f1os: Mar\u00eda Jos\u00e9 Calvino Fatou 5 a\u00f1os A: Esther \u00c1ngeles Abreu Carrillo 5 a\u00f1os B: Paloma Bartolom\u00e9 Calvo Apoyo Covid: Adelaida Mart\u00edn Huerta &nbsp; EDUCACI\u00d3N PRIMARIA&#46;&#46;&#46;<\/p>\n","protected":false},"author":14282,"featured_media":0,"parent":0,"menu_order":0,"comment_status":"closed","ping_status":"closed","template":"","meta":{"ngg_post_thumbnail":0,"footnotes":""},"aioseo_notices":[],"_links":{"self":[{"href":"https:\/\/blogsaverroes.juntadeandalucia.es\/ceipcarlosiii\/wp-json\/wp\/v2\/pages\/64"}],"collection":[{"href":"https:\/\/blogsaverroes.juntadeandalucia.es\/ceipcarlosiii\/wp-json\/wp\/v2\/pages"}],"about":[{"href":"https:\/\/blogsaverroes.juntadeandalucia.es\/ceipcarlosiii\/wp-json\/wp\/v2\/types\/page"}],"author":[{"embeddable":true,"href":"https:\/\/blogsaverroes.juntadeandalucia.es\/ceipcarlosiii\/wp-json\/wp\/v2\/users\/14282"}],"replies":[{"embeddable":true,"href":"https:\/\/blogsaverroes.juntadeandalucia.es\/ceipcarlosiii\/wp-json\/wp\/v2\/comments?post=64"}],"version-history":[{"count":4,"href":"https:\/\/blogsaverroes.juntadeandalucia.es\/ceipcarlosiii\/wp-json\/wp\/v2\/pages\/64\/revisions"}],"predecessor-version":[{"id":1179,"href":"https:\/\/blogsaverroes.juntadeandalucia.es\/ceipcarlosiii\/wp-json\/wp\/v2\/pages\/64\/revisions\/1179"}],"wp:attachment":[{"href":"https:\/\/blogsaverroes.juntadeandalucia.es\/ceipcarlosiii\/wp-json\/wp\/v2\/media?parent=64"}],"curies":[{"name":"wp","href":"https:\/\/api.w.org\/{rel}","templated":true}]}}