{"id":853,"date":"2020-12-18T08:50:47","date_gmt":"2020-12-18T07:50:47","guid":{"rendered":"https:\/\/blogsaverroes.juntadeandalucia.es\/pre\/plantilla-pencil\/?page_id=853"},"modified":"2022-09-17T19:16:07","modified_gmt":"2022-09-17T17:16:07","slug":"nuestra-historia","status":"publish","type":"page","link":"https:\/\/blogsaverroes.juntadeandalucia.es\/ceipcarlosiii\/nuestra-historia\/","title":{"rendered":"Nuestra Historia"},"content":{"rendered":"<p><span style=\"font-family: helvetica, arial, sans-serif\">El <strong>Colegio P\u00fablico \u00abCarlos III\u00bb<\/strong> de C\u00e1diz se encuentra&nbsp;ubicado en&nbsp;el barrio de <strong>El Mentidero<\/strong>, muy cerca de la Universidad,&nbsp;frente a los Jardines&nbsp;de Carlos III y en las proximidades del Parque&nbsp;Genov\u00e9s y la Alameda.<\/span><\/p>\n<p><img loading=\"lazy\" decoding=\"async\" class=\" wp-image-1175 aligncenter\" src=\"https:\/\/blogsaverroes.juntadeandalucia.es\/ceipcarlosiii\/files\/2022\/09\/Captura-de-pantalla-2022-09-17-a-las-19.14.36-300x223.png\" alt=\"\" width=\"378\" height=\"281\" srcset=\"https:\/\/blogsaverroes.juntadeandalucia.es\/ceipcarlosiii\/files\/2022\/09\/Captura-de-pantalla-2022-09-17-a-las-19.14.36-300x223.png 300w, https:\/\/blogsaverroes.juntadeandalucia.es\/ceipcarlosiii\/files\/2022\/09\/Captura-de-pantalla-2022-09-17-a-las-19.14.36-768x571.png 768w, https:\/\/blogsaverroes.juntadeandalucia.es\/ceipcarlosiii\/files\/2022\/09\/Captura-de-pantalla-2022-09-17-a-las-19.14.36.png 974w\" sizes=\"(max-width: 378px) 100vw, 378px\" \/><\/p>\n<p>&nbsp;<\/p>\n<p><span style=\"font-family: helvetica, arial, sans-serif\">Llevamos una trayectoria hist\u00f3rica de 30 a\u00f1os en la educaci\u00f3n, donde concebimos la educaci\u00f3n como un&nbsp; servicio a la sociedad, como elemento compensador de desigualdades sociales y de servicio p\u00fablico, asumiendo los principios b\u00e1sicos de participaci\u00f3n y gesti\u00f3n democr\u00e1tica de los centros.<\/span><\/p>\n<p>&nbsp;<\/p>\n<p><span style=\"font-family: helvetica, arial, sans-serif\">Por ello, como objetivos m\u00e1s relevantes que se pretenden conseguir tenemos los&nbsp;siguientes:<\/span><\/p>\n<div class=\"cntDescripcion\">\n<ul>\n<li class=\"PCC\"><span style=\"font-family: helvetica, arial, sans-serif\">Propiciar una convivencia que se desarrolle dentro de las pr\u00e1cticas democr\u00e1ticas de tolerancia y solidaridad, intentando conseguir actitudes&nbsp;de respeto a las personas, a los medios materiales y al Medio Ambiente.<\/span><\/li>\n<li class=\"PCC\"><span style=\"font-family: helvetica, arial, sans-serif\">Conseguir una educaci\u00f3n de calidad procurando que la planificaci\u00f3n de la&nbsp;tarea escolar vaya ligada \u00edntimamente a la tarea educativa.<\/span><\/li>\n<li><span style=\"font-family: helvetica, arial, sans-serif\">Conseguir que toda la Comunidad Escolar (padres\/madres, profesores\/as y&nbsp;alumnos\/as) participe activamente en la gesti\u00f3n del Centro estableciendo&nbsp;para ello los sistemas necesarios de colaboraci\u00f3n y coordinaci\u00f3n.<\/span><\/li>\n<\/ul>\n<p>&nbsp;<\/p>\n<\/div>\n","protected":false},"excerpt":{"rendered":"<p>El Colegio P\u00fablico \u00abCarlos III\u00bb de C\u00e1diz se encuentra&nbsp;ubicado en&nbsp;el barrio de El Mentidero, muy cerca de la Universidad,&nbsp;frente a los Jardines&nbsp;de Carlos III y en las proximidades del Parque&nbsp;Genov\u00e9s y la Alameda. &nbsp;&#46;&#46;&#46;<\/p>\n","protected":false},"author":14282,"featured_media":0,"parent":0,"menu_order":0,"comment_status":"closed","ping_status":"closed","template":"","meta":{"ngg_post_thumbnail":0,"footnotes":""},"aioseo_notices":[],"_links":{"self":[{"href":"https:\/\/blogsaverroes.juntadeandalucia.es\/ceipcarlosiii\/wp-json\/wp\/v2\/pages\/853"}],"collection":[{"href":"https:\/\/blogsaverroes.juntadeandalucia.es\/ceipcarlosiii\/wp-json\/wp\/v2\/pages"}],"about":[{"href":"https:\/\/blogsaverroes.juntadeandalucia.es\/ceipcarlosiii\/wp-json\/wp\/v2\/types\/page"}],"author":[{"embeddable":true,"href":"https:\/\/blogsaverroes.juntadeandalucia.es\/ceipcarlosiii\/wp-json\/wp\/v2\/users\/14282"}],"replies":[{"embeddable":true,"href":"https:\/\/blogsaverroes.juntadeandalucia.es\/ceipcarlosiii\/wp-json\/wp\/v2\/comments?post=853"}],"version-history":[{"count":3,"href":"https:\/\/blogsaverroes.juntadeandalucia.es\/ceipcarlosiii\/wp-json\/wp\/v2\/pages\/853\/revisions"}],"predecessor-version":[{"id":1176,"href":"https:\/\/blogsaverroes.juntadeandalucia.es\/ceipcarlosiii\/wp-json\/wp\/v2\/pages\/853\/revisions\/1176"}],"wp:attachment":[{"href":"https:\/\/blogsaverroes.juntadeandalucia.es\/ceipcarlosiii\/wp-json\/wp\/v2\/media?parent=853"}],"curies":[{"name":"wp","href":"https:\/\/api.w.org\/{rel}","templated":true}]}}