{"id":1806,"date":"2025-11-10T20:03:01","date_gmt":"2025-11-10T19:03:01","guid":{"rendered":"https:\/\/blogsaverroes.juntadeandalucia.es\/ceipcarmenarevalo\/?page_id=1806"},"modified":"2025-11-10T20:03:01","modified_gmt":"2025-11-10T19:03:01","slug":"3o-de-educacion-primaria-programaciones","status":"publish","type":"page","link":"https:\/\/blogsaverroes.juntadeandalucia.es\/ceipcarmenarevalo\/3o-de-educacion-primaria-programaciones\/","title":{"rendered":"3\u00ba de Educaci\u00f3n Primaria-Programaciones"},"content":{"rendered":"<p>LENGUA<\/p>\n<p><embed src=\"https:\/\/blogsaverroes.juntadeandalucia.es\/ceipcarmenarevalo\/files\/2025\/11\/LENGUA-CASTELLANA.pdf\" type=\"application\/pdf\" width=\"100%\" height=\"800px\"><\/p>\n<p>MATEM\u00c1TICAS<\/p>\n<p><embed src=\"https:\/\/blogsaverroes.juntadeandalucia.es\/ceipcarmenarevalo\/files\/2025\/11\/MATEMATICAS.pdf\" type=\"application\/pdf\" width=\"100%\" height=\"800px\"><\/p>\n<p>INGL\u00c9S<\/p>\n<p><embed src=\"https:\/\/blogsaverroes.juntadeandalucia.es\/ceipcarmenarevalo\/files\/2025\/11\/INGLES.pdf\" type=\"application\/pdf\" width=\"100%\" height=\"800px\"><\/p>\n<p>CONOCIMIENTO<\/p>\n<p><embed src=\"https:\/\/blogsaverroes.juntadeandalucia.es\/ceipcarmenarevalo\/files\/2025\/11\/CONOCIMIENTO-DEL-MEDIO.pdf\" type=\"application\/pdf\" width=\"100%\" height=\"800px\"><\/p>\n<p>RELIGI\u00d3N<\/p>\n<p><embed src=\"https:\/\/blogsaverroes.juntadeandalucia.es\/ceipcarmenarevalo\/files\/2025\/11\/RELIGION.pdf\" type=\"application\/pdf\" width=\"100%\" height=\"800px\"><\/p>\n<p>EDUCACI\u00d3N F\u00cdSICA<\/p>\n<p><embed src=\"https:\/\/blogsaverroes.juntadeandalucia.es\/ceipcarmenarevalo\/files\/2025\/11\/EDUCACION-FISICA.pdf\" type=\"application\/pdf\" width=\"100%\" height=\"800px\"><\/p>\n<p>EDUCACI\u00d3N ART\u00cdSTICA<\/p>\n<p><embed src=\"https:\/\/blogsaverroes.juntadeandalucia.es\/ceipcarmenarevalo\/files\/2025\/11\/EDUCACION-ARTISTICA.pdf\" type=\"application\/pdf\" width=\"100%\" height=\"800px\"><\/p>\n","protected":false},"excerpt":{"rendered":"<p>LENGUA MATEM\u00c1TICAS INGL\u00c9S CONOCIMIENTO RELIGI\u00d3N EDUCACI\u00d3N F\u00cdSICA EDUCACI\u00d3N ART\u00cdSTICA<\/p>\n","protected":false},"author":21243,"featured_media":0,"parent":0,"menu_order":0,"comment_status":"closed","ping_status":"closed","template":"","meta":{"_et_pb_use_builder":"","_et_pb_old_content":"","_et_gb_content_width":"","ngg_post_thumbnail":0,"footnotes":""},"aioseo_notices":[],"_links":{"self":[{"href":"https:\/\/blogsaverroes.juntadeandalucia.es\/ceipcarmenarevalo\/wp-json\/wp\/v2\/pages\/1806"}],"collection":[{"href":"https:\/\/blogsaverroes.juntadeandalucia.es\/ceipcarmenarevalo\/wp-json\/wp\/v2\/pages"}],"about":[{"href":"https:\/\/blogsaverroes.juntadeandalucia.es\/ceipcarmenarevalo\/wp-json\/wp\/v2\/types\/page"}],"author":[{"embeddable":true,"href":"https:\/\/blogsaverroes.juntadeandalucia.es\/ceipcarmenarevalo\/wp-json\/wp\/v2\/users\/21243"}],"replies":[{"embeddable":true,"href":"https:\/\/blogsaverroes.juntadeandalucia.es\/ceipcarmenarevalo\/wp-json\/wp\/v2\/comments?post=1806"}],"version-history":[{"count":1,"href":"https:\/\/blogsaverroes.juntadeandalucia.es\/ceipcarmenarevalo\/wp-json\/wp\/v2\/pages\/1806\/revisions"}],"predecessor-version":[{"id":1807,"href":"https:\/\/blogsaverroes.juntadeandalucia.es\/ceipcarmenarevalo\/wp-json\/wp\/v2\/pages\/1806\/revisions\/1807"}],"wp:attachment":[{"href":"https:\/\/blogsaverroes.juntadeandalucia.es\/ceipcarmenarevalo\/wp-json\/wp\/v2\/media?parent=1806"}],"curies":[{"name":"wp","href":"https:\/\/api.w.org\/{rel}","templated":true}]}}