{"id":1842,"date":"2025-11-11T10:04:13","date_gmt":"2025-11-11T09:04:13","guid":{"rendered":"https:\/\/blogsaverroes.juntadeandalucia.es\/ceipcarmenarevalo\/?page_id=1842"},"modified":"2025-11-11T10:04:13","modified_gmt":"2025-11-11T09:04:13","slug":"6o-de-educacion-primaria-programaciones","status":"publish","type":"page","link":"https:\/\/blogsaverroes.juntadeandalucia.es\/ceipcarmenarevalo\/6o-de-educacion-primaria-programaciones\/","title":{"rendered":"6\u00ba de Educaci\u00f3n Primaria-Programaciones"},"content":{"rendered":"<p>LENGUA<\/p>\n<p><iframe src=\"https:\/\/blogsaverroes.juntadeandalucia.es\/ceipcarmenarevalo\/files\/2025\/11\/LENGUA-CASTELLANA-3.pdf\" width=\"100%\" height=\"600px\"><br \/>\n<\/iframe><\/p>\n<p>MATEM\u00c1TICAS<\/p>\n<p><iframe src=\"https:\/\/blogsaverroes.juntadeandalucia.es\/ceipcarmenarevalo\/files\/2025\/11\/MATEMATICAS-3.pdf\" width=\"100%\" height=\"600px\"><br \/>\n<\/iframe><\/p>\n<p>INGL\u00c9S<\/p>\n<p><iframe src=\"https:\/\/blogsaverroes.juntadeandalucia.es\/ceipcarmenarevalo\/files\/2025\/11\/INGLES-3.pdf\" width=\"100%\" height=\"600px\"><br \/>\n<\/iframe><\/p>\n<p>FRANC\u00c9S<\/p>\n<p><iframe src=\"https:\/\/blogsaverroes.juntadeandalucia.es\/ceipcarmenarevalo\/files\/2025\/11\/FRANCES-1.pdf\" width=\"100%\" height=\"600px\"><br \/>\n<\/iframe><\/p>\n<p>CONOCIMIENTO<\/p>\n<p><iframe src=\"https:\/\/blogsaverroes.juntadeandalucia.es\/ceipcarmenarevalo\/files\/2025\/11\/CONOCIMIENTO-DEL-MEDIO-2.pdf\" width=\"100%\" height=\"600px\"><br \/>\n<\/iframe><\/p>\n<p>RELIGI\u00d3N<\/p>\n<p><iframe src=\"https:\/\/blogsaverroes.juntadeandalucia.es\/ceipcarmenarevalo\/files\/2025\/11\/RELIGION-3.pdf\" width=\"100%\" height=\"600px\"><br \/>\n<\/iframe><\/p>\n<p>EDUCACI\u00d3N ART\u00cdSTICA<\/p>\n<p><iframe src=\"https:\/\/blogsaverroes.juntadeandalucia.es\/ceipcarmenarevalo\/files\/2025\/11\/EDUCACION-ARTISTICA-2.pdf\" width=\"100%\" height=\"600px\"><br \/>\n<\/iframe><\/p>\n<p>EDUCACI\u00d3N F\u00cdSICA<\/p>\n<p><iframe src=\"https:\/\/blogsaverroes.juntadeandalucia.es\/ceipcarmenarevalo\/files\/2025\/11\/EDUCACION-FISICA-3.pdf\" width=\"100%\" height=\"600px\"><br \/>\n<\/iframe><\/p>\n<p>VALORES C\u00cdVICOS Y \u00c9TICOS<\/p>\n<p><iframe src=\"https:\/\/blogsaverroes.juntadeandalucia.es\/ceipcarmenarevalo\/files\/2025\/11\/VALORES-CIVICOS-Y-ETICOS.pdf\" width=\"100%\" height=\"600px\"><br \/>\n<\/iframe><\/p>\n","protected":false},"excerpt":{"rendered":"<p>LENGUA MATEM\u00c1TICAS INGL\u00c9S FRANC\u00c9S CONOCIMIENTO RELIGI\u00d3N EDUCACI\u00d3N ART\u00cdSTICA EDUCACI\u00d3N F\u00cdSICA VALORES C\u00cdVICOS Y \u00c9TICOS<\/p>\n","protected":false},"author":21243,"featured_media":0,"parent":0,"menu_order":0,"comment_status":"closed","ping_status":"closed","template":"","meta":{"_et_pb_use_builder":"","_et_pb_old_content":"","_et_gb_content_width":"","ngg_post_thumbnail":0,"footnotes":""},"aioseo_notices":[],"_links":{"self":[{"href":"https:\/\/blogsaverroes.juntadeandalucia.es\/ceipcarmenarevalo\/wp-json\/wp\/v2\/pages\/1842"}],"collection":[{"href":"https:\/\/blogsaverroes.juntadeandalucia.es\/ceipcarmenarevalo\/wp-json\/wp\/v2\/pages"}],"about":[{"href":"https:\/\/blogsaverroes.juntadeandalucia.es\/ceipcarmenarevalo\/wp-json\/wp\/v2\/types\/page"}],"author":[{"embeddable":true,"href":"https:\/\/blogsaverroes.juntadeandalucia.es\/ceipcarmenarevalo\/wp-json\/wp\/v2\/users\/21243"}],"replies":[{"embeddable":true,"href":"https:\/\/blogsaverroes.juntadeandalucia.es\/ceipcarmenarevalo\/wp-json\/wp\/v2\/comments?post=1842"}],"version-history":[{"count":1,"href":"https:\/\/blogsaverroes.juntadeandalucia.es\/ceipcarmenarevalo\/wp-json\/wp\/v2\/pages\/1842\/revisions"}],"predecessor-version":[{"id":1843,"href":"https:\/\/blogsaverroes.juntadeandalucia.es\/ceipcarmenarevalo\/wp-json\/wp\/v2\/pages\/1842\/revisions\/1843"}],"wp:attachment":[{"href":"https:\/\/blogsaverroes.juntadeandalucia.es\/ceipcarmenarevalo\/wp-json\/wp\/v2\/media?parent=1842"}],"curies":[{"name":"wp","href":"https:\/\/api.w.org\/{rel}","templated":true}]}}