{"id":1851,"date":"2025-11-11T10:09:37","date_gmt":"2025-11-11T09:09:37","guid":{"rendered":"https:\/\/blogsaverroes.juntadeandalucia.es\/ceipcarmenarevalo\/?page_id=1851"},"modified":"2025-11-11T10:29:24","modified_gmt":"2025-11-11T09:29:24","slug":"1o-de-eso-programaciones","status":"publish","type":"page","link":"https:\/\/blogsaverroes.juntadeandalucia.es\/ceipcarmenarevalo\/1o-de-eso-programaciones\/","title":{"rendered":"1\u00ba de ESO &#8211; Programaciones"},"content":{"rendered":"<p>LENGUA<\/p>\n<p><iframe src=\"https:\/\/blogsaverroes.juntadeandalucia.es\/ceipcarmenarevalo\/files\/2025\/11\/LENGUA-CASTELLANA-Y-LITERATURA.pdf\" width=\"100%\" height=\"600px\"><br \/>\n<\/iframe><\/p>\n<p>MATEM\u00c1TICAS<\/p>\n<p><iframe src=\"https:\/\/blogsaverroes.juntadeandalucia.es\/ceipcarmenarevalo\/files\/2025\/11\/MATEMATICAS-4.pdf\" width=\"100%\" height=\"600px\"><br \/>\n<\/iframe><\/p>\n<p>INGL\u00c9S<\/p>\n<p><iframe src=\"https:\/\/blogsaverroes.juntadeandalucia.es\/ceipcarmenarevalo\/files\/2025\/11\/INGLES-4.pdf\" width=\"100%\" height=\"600px\"><br \/>\n<\/iframe><\/p>\n<p>BIOLOG\u00cdA Y GEOLOG\u00cdA<\/p>\n<p><iframe src=\"https:\/\/blogsaverroes.juntadeandalucia.es\/ceipcarmenarevalo\/files\/2025\/11\/BIOLOGIA-Y-GEOLOGIA.pdf\" width=\"100%\" height=\"600px\"><br \/>\n<\/iframe><\/p>\n<p>GEOGRAF\u00cdA E HISTORIA<\/p>\n<p><iframe src=\"https:\/\/blogsaverroes.juntadeandalucia.es\/ceipcarmenarevalo\/files\/2025\/11\/GEOGRAFIA-E-HISTORIA.pdf\" width=\"100%\" height=\"600px\"><br \/>\n<\/iframe><\/p>\n<p>ORATORIA Y DEBATE<\/p>\n<p><iframe src=\"https:\/\/blogsaverroes.juntadeandalucia.es\/ceipcarmenarevalo\/files\/2025\/11\/ORATORIA-Y-DEBATE.pdf\" width=\"100%\" height=\"600px\"><br \/>\n<\/iframe><\/p>\n<p>EDUCACI\u00d3N F\u00cdSICA<\/p>\n<p><iframe src=\"https:\/\/blogsaverroes.juntadeandalucia.es\/ceipcarmenarevalo\/files\/2025\/11\/EDUCACION-FISICA-4.pdf\" width=\"100%\" height=\"600px\"><br \/>\n<\/iframe><\/p>\n<p>EDUCACI\u00d3N PL\u00c1STICA Y AUDIOVISUAL<\/p>\n<p><iframe src=\"https:\/\/blogsaverroes.juntadeandalucia.es\/ceipcarmenarevalo\/files\/2025\/11\/EDUCACION-PLASTICA-VISUAL-Y-AUDIOVISUAL.pdf\" width=\"100%\" height=\"600px\"><br \/>\n<\/iframe><\/p>\n<p>FRANC\u00c9S<\/p>\n<p><iframe src=\"https:\/\/blogsaverroes.juntadeandalucia.es\/ceipcarmenarevalo\/files\/2025\/11\/FRANCES-2.pdf\" width=\"100%\" height=\"600px\"><br \/>\n<\/iframe><\/p>\n<p>M\u00daSICA<\/p>\n<p><iframe src=\"https:\/\/blogsaverroes.juntadeandalucia.es\/ceipcarmenarevalo\/files\/2025\/11\/MUSICA.pdf\" width=\"100%\" height=\"600px\"><br \/>\n<\/iframe><\/p>\n","protected":false},"excerpt":{"rendered":"<p>LENGUA MATEM\u00c1TICAS INGL\u00c9S BIOLOG\u00cdA Y GEOLOG\u00cdA GEOGRAF\u00cdA E HISTORIA ORATORIA Y DEBATE EDUCACI\u00d3N F\u00cdSICA EDUCACI\u00d3N PL\u00c1STICA Y AUDIOVISUAL FRANC\u00c9S M\u00daSICA<\/p>\n","protected":false},"author":21243,"featured_media":0,"parent":0,"menu_order":0,"comment_status":"closed","ping_status":"closed","template":"","meta":{"_et_pb_use_builder":"","_et_pb_old_content":"","_et_gb_content_width":"","ngg_post_thumbnail":0,"footnotes":""},"aioseo_notices":[],"_links":{"self":[{"href":"https:\/\/blogsaverroes.juntadeandalucia.es\/ceipcarmenarevalo\/wp-json\/wp\/v2\/pages\/1851"}],"collection":[{"href":"https:\/\/blogsaverroes.juntadeandalucia.es\/ceipcarmenarevalo\/wp-json\/wp\/v2\/pages"}],"about":[{"href":"https:\/\/blogsaverroes.juntadeandalucia.es\/ceipcarmenarevalo\/wp-json\/wp\/v2\/types\/page"}],"author":[{"embeddable":true,"href":"https:\/\/blogsaverroes.juntadeandalucia.es\/ceipcarmenarevalo\/wp-json\/wp\/v2\/users\/21243"}],"replies":[{"embeddable":true,"href":"https:\/\/blogsaverroes.juntadeandalucia.es\/ceipcarmenarevalo\/wp-json\/wp\/v2\/comments?post=1851"}],"version-history":[{"count":3,"href":"https:\/\/blogsaverroes.juntadeandalucia.es\/ceipcarmenarevalo\/wp-json\/wp\/v2\/pages\/1851\/revisions"}],"predecessor-version":[{"id":1864,"href":"https:\/\/blogsaverroes.juntadeandalucia.es\/ceipcarmenarevalo\/wp-json\/wp\/v2\/pages\/1851\/revisions\/1864"}],"wp:attachment":[{"href":"https:\/\/blogsaverroes.juntadeandalucia.es\/ceipcarmenarevalo\/wp-json\/wp\/v2\/media?parent=1851"}],"curies":[{"name":"wp","href":"https:\/\/api.w.org\/{rel}","templated":true}]}}