{"id":1865,"date":"2025-11-11T10:29:59","date_gmt":"2025-11-11T09:29:59","guid":{"rendered":"https:\/\/blogsaverroes.juntadeandalucia.es\/ceipcarmenarevalo\/?page_id=1865"},"modified":"2025-11-11T11:00:53","modified_gmt":"2025-11-11T10:00:53","slug":"2o-de-eso-programaciones","status":"publish","type":"page","link":"https:\/\/blogsaverroes.juntadeandalucia.es\/ceipcarmenarevalo\/2o-de-eso-programaciones\/","title":{"rendered":"2\u00ba de ESO &#8211; Programaciones"},"content":{"rendered":"<p>LENGUA<\/p>\n<p><iframe src=\"https:\/\/blogsaverroes.juntadeandalucia.es\/ceipcarmenarevalo\/files\/2025\/11\/LENGUA-CASTELLANA-4.pdf\" width=\"100%\" height=\"600px\"><br \/>\n<\/iframe><\/p>\n<p>MATEM\u00c1TICAS<\/p>\n<p><iframe src=\"https:\/\/blogsaverroes.juntadeandalucia.es\/ceipcarmenarevalo\/files\/2025\/11\/MATEMATICAS-5.pdf\" width=\"100%\" height=\"600px\"><br \/>\n<\/iframe><\/p>\n<p>INGL\u00c9S<\/p>\n<p><iframe src=\"https:\/\/blogsaverroes.juntadeandalucia.es\/ceipcarmenarevalo\/files\/2025\/11\/INGLES-5.pdf\" width=\"100%\" height=\"600px\"><br \/>\n<\/iframe><\/p>\n<p>FRANC\u00c9S<\/p>\n<p><iframe src=\"https:\/\/blogsaverroes.juntadeandalucia.es\/ceipcarmenarevalo\/files\/2025\/11\/FRANCES-3.pdf\" width=\"100%\" height=\"600px\"><br \/>\n<\/iframe><\/p>\n<p>F\u00cdSICA Y QU\u00cdMICA<\/p>\n<p><iframe src=\"https:\/\/blogsaverroes.juntadeandalucia.es\/ceipcarmenarevalo\/files\/2025\/11\/FISICA-Y-QUIMICA.pdf\" width=\"100%\" height=\"600px\"><br \/>\n<\/iframe><\/p>\n<p>GEOGRAF\u00cdA E HISTORIA<\/p>\n<p><iframe src=\"https:\/\/blogsaverroes.juntadeandalucia.es\/ceipcarmenarevalo\/files\/2025\/11\/GEOGRAFIA-E-HISTORIA-1.pdf\" width=\"100%\" height=\"600px\"><br \/>\n<\/iframe><\/p>\n<p>EDUCACI\u00d3N F\u00cdSICA<\/p>\n<p><iframe src=\"https:\/\/blogsaverroes.juntadeandalucia.es\/ceipcarmenarevalo\/files\/2025\/11\/EDUCACION-FISICA-5.pdf\" width=\"100%\" height=\"600px\"><br \/>\n<\/iframe><\/p>\n<p>M\u00daSICA<\/p>\n<p><iframe src=\"https:\/\/blogsaverroes.juntadeandalucia.es\/ceipcarmenarevalo\/files\/2025\/11\/MUSICA-1.pdf\" width=\"100%\" height=\"600px\"><br \/>\n<\/iframe><\/p>\n<p>TECNOLOG\u00cdA Y DIGITALIZACI\u00d3N<\/p>\n<p><iframe src=\"https:\/\/blogsaverroes.juntadeandalucia.es\/ceipcarmenarevalo\/files\/2025\/11\/TECNOLOGIA-Y-DIGITALIZACION.pdf\" width=\"100%\" height=\"600px\"><br \/>\n<\/iframe><\/p>\n<p>VALORES C\u00cdVICOS Y \u00c9TICOS<\/p>\n<p><iframe src=\"https:\/\/blogsaverroes.juntadeandalucia.es\/ceipcarmenarevalo\/files\/2025\/11\/VALORES-CIVICOS-Y-ETICOS-1.pdf\" width=\"100%\" height=\"600px\"><br \/>\n<\/iframe><\/p>\n","protected":false},"excerpt":{"rendered":"<p>LENGUA MATEM\u00c1TICAS INGL\u00c9S FRANC\u00c9S F\u00cdSICA Y QU\u00cdMICA GEOGRAF\u00cdA E HISTORIA EDUCACI\u00d3N F\u00cdSICA M\u00daSICA TECNOLOG\u00cdA Y DIGITALIZACI\u00d3N VALORES C\u00cdVICOS Y \u00c9TICOS<\/p>\n","protected":false},"author":21243,"featured_media":0,"parent":0,"menu_order":0,"comment_status":"closed","ping_status":"closed","template":"","meta":{"_et_pb_use_builder":"","_et_pb_old_content":"","_et_gb_content_width":"","ngg_post_thumbnail":0,"footnotes":""},"aioseo_notices":[],"_links":{"self":[{"href":"https:\/\/blogsaverroes.juntadeandalucia.es\/ceipcarmenarevalo\/wp-json\/wp\/v2\/pages\/1865"}],"collection":[{"href":"https:\/\/blogsaverroes.juntadeandalucia.es\/ceipcarmenarevalo\/wp-json\/wp\/v2\/pages"}],"about":[{"href":"https:\/\/blogsaverroes.juntadeandalucia.es\/ceipcarmenarevalo\/wp-json\/wp\/v2\/types\/page"}],"author":[{"embeddable":true,"href":"https:\/\/blogsaverroes.juntadeandalucia.es\/ceipcarmenarevalo\/wp-json\/wp\/v2\/users\/21243"}],"replies":[{"embeddable":true,"href":"https:\/\/blogsaverroes.juntadeandalucia.es\/ceipcarmenarevalo\/wp-json\/wp\/v2\/comments?post=1865"}],"version-history":[{"count":3,"href":"https:\/\/blogsaverroes.juntadeandalucia.es\/ceipcarmenarevalo\/wp-json\/wp\/v2\/pages\/1865\/revisions"}],"predecessor-version":[{"id":1879,"href":"https:\/\/blogsaverroes.juntadeandalucia.es\/ceipcarmenarevalo\/wp-json\/wp\/v2\/pages\/1865\/revisions\/1879"}],"wp:attachment":[{"href":"https:\/\/blogsaverroes.juntadeandalucia.es\/ceipcarmenarevalo\/wp-json\/wp\/v2\/media?parent=1865"}],"curies":[{"name":"wp","href":"https:\/\/api.w.org\/{rel}","templated":true}]}}