{"id":840,"date":"2020-12-18T08:38:52","date_gmt":"2020-12-18T07:38:52","guid":{"rendered":"https:\/\/blogsaverroes.juntadeandalucia.es\/pre\/plantilla-pencil\/?page_id=840"},"modified":"2025-10-22T13:07:34","modified_gmt":"2025-10-22T12:07:34","slug":"ampa","status":"publish","type":"page","link":"https:\/\/blogsaverroes.juntadeandalucia.es\/ceipcarmenarevalo\/ampa\/","title":{"rendered":"AMPA"},"content":{"rendered":"<p>[et_pb_section fb_built=&#8221;1&#8243; _builder_version=&#8221;4.16&#8243; custom_padding=&#8221;0px||0px|&#8221; z_index_tablet=&#8221;500&#8243; box_shadow_horizontal_tablet=&#8221;0px&#8221; box_shadow_vertical_tablet=&#8221;0px&#8221; box_shadow_blur_tablet=&#8221;40px&#8221; box_shadow_spread_tablet=&#8221;0px&#8221; global_colors_info=&#8221;{}&#8221;][et_pb_row _builder_version=&#8221;4.16&#8243; background_size=&#8221;initial&#8221; background_position=&#8221;top_left&#8221; background_repeat=&#8221;repeat&#8221; global_colors_info=&#8221;{}&#8221;][et_pb_column type=&#8221;4_4&#8243; _builder_version=&#8221;4.16&#8243; custom_padding=&#8221;|||&#8221; global_colors_info=&#8221;{}&#8221; custom_padding__hover=&#8221;|||&#8221;][et_pb_image src=&#8221;https:\/\/blogsaverroes.juntadeandalucia.es\/ceipcarmenarevalo\/files\/2025\/10\/Cartel-horizontal-cerrado-por-vacaciones-minimalista-blanco-y-negro.png&#8221; title_text=&#8221;Cartel horizontal cerrado por vacaciones minimalista blanco y negro&#8221; align=&#8221;center&#8221; force_fullwidth=&#8221;on&#8221; admin_label=&#8221;Imagen de la portada&#8221; _builder_version=&#8221;4.24.2&#8243; z_index_tablet=&#8221;500&#8243; box_shadow_horizontal_tablet=&#8221;0px&#8221; box_shadow_vertical_tablet=&#8221;0px&#8221; box_shadow_blur_tablet=&#8221;40px&#8221; box_shadow_spread_tablet=&#8221;0px&#8221; global_colors_info=&#8221;{}&#8221;][\/et_pb_image][et_pb_text admin_label=&#8221;Texto descriptivo&#8221; _builder_version=&#8221;4.24.2&#8243; z_index_tablet=&#8221;500&#8243; text_text_shadow_horizontal_length_tablet=&#8221;0px&#8221; text_text_shadow_vertical_length_tablet=&#8221;0px&#8221; text_text_shadow_blur_strength_tablet=&#8221;1px&#8221; link_text_shadow_horizontal_length_tablet=&#8221;0px&#8221; link_text_shadow_vertical_length_tablet=&#8221;0px&#8221; link_text_shadow_blur_strength_tablet=&#8221;1px&#8221; ul_text_shadow_horizontal_length_tablet=&#8221;0px&#8221; ul_text_shadow_vertical_length_tablet=&#8221;0px&#8221; ul_text_shadow_blur_strength_tablet=&#8221;1px&#8221; ol_text_shadow_horizontal_length_tablet=&#8221;0px&#8221; ol_text_shadow_vertical_length_tablet=&#8221;0px&#8221; ol_text_shadow_blur_strength_tablet=&#8221;1px&#8221; quote_text_shadow_horizontal_length_tablet=&#8221;0px&#8221; quote_text_shadow_vertical_length_tablet=&#8221;0px&#8221; quote_text_shadow_blur_strength_tablet=&#8221;1px&#8221; header_text_shadow_horizontal_length_tablet=&#8221;0px&#8221; header_text_shadow_vertical_length_tablet=&#8221;0px&#8221; header_text_shadow_blur_strength_tablet=&#8221;1px&#8221; header_2_text_shadow_horizontal_length_tablet=&#8221;0px&#8221; header_2_text_shadow_vertical_length_tablet=&#8221;0px&#8221; header_2_text_shadow_blur_strength_tablet=&#8221;1px&#8221; header_3_text_shadow_horizontal_length_tablet=&#8221;0px&#8221; header_3_text_shadow_vertical_length_tablet=&#8221;0px&#8221; header_3_text_shadow_blur_strength_tablet=&#8221;1px&#8221; header_4_text_shadow_horizontal_length_tablet=&#8221;0px&#8221; header_4_text_shadow_vertical_length_tablet=&#8221;0px&#8221; header_4_text_shadow_blur_strength_tablet=&#8221;1px&#8221; header_5_text_shadow_horizontal_length_tablet=&#8221;0px&#8221; header_5_text_shadow_vertical_length_tablet=&#8221;0px&#8221; header_5_text_shadow_blur_strength_tablet=&#8221;1px&#8221; header_6_text_shadow_horizontal_length_tablet=&#8221;0px&#8221; header_6_text_shadow_vertical_length_tablet=&#8221;0px&#8221; header_6_text_shadow_blur_strength_tablet=&#8221;1px&#8221; box_shadow_horizontal_tablet=&#8221;0px&#8221; box_shadow_vertical_tablet=&#8221;0px&#8221; box_shadow_blur_tablet=&#8221;40px&#8221; box_shadow_spread_tablet=&#8221;0px&#8221; global_colors_info=&#8221;{}&#8221;]<\/p>\n<h2><span style=\"font-size: 14pt;font-family: times new roman, times, serif\">AMPA MAR\u00cdA AUXILIADORA<\/span><\/h2>\n<p>&nbsp;<\/p>\n<p style=\"text-align: justify\"><span style=\"font-size: 14pt;font-family: times new roman, times, serif\">AMPA (Asociaci\u00f3n de Madres y Padres del Alumnado) del CEIP Carmen Ar\u00e9valo es una organizaci\u00f3n sin \u00e1nimo de lucro formada por familias del centro que trabajan de forma voluntaria para colaborar con la comunidad educativa y mejorar el d\u00eda a d\u00eda del colegio.<\/span><\/p>\n<ul style=\"text-align: justify\">\n<li data-start=\"660\" data-end=\"726\">\n<p data-start=\"662\" data-end=\"726\"><span style=\"font-size: 14pt;font-family: times new roman, times, serif\">Fomentar la participaci\u00f3n de las familias en la vida del centro.<\/span><\/p>\n<\/li>\n<li data-start=\"727\" data-end=\"825\">\n<p data-start=\"729\" data-end=\"825\"><span style=\"font-size: 14pt;font-family: times new roman, times, serif\">Colaborar con el equipo directivo y el claustro en actividades educativas, culturales y l\u00fadicas.<\/span><\/p>\n<\/li>\n<li data-start=\"826\" data-end=\"897\">\n<p data-start=\"828\" data-end=\"897\"><span style=\"font-size: 14pt;font-family: times new roman, times, serif\">Representar a las familias ante el Consejo Escolar y otras entidades.<\/span><\/p>\n<\/li>\n<li data-start=\"898\" data-end=\"960\">\n<p data-start=\"900\" data-end=\"960\"><span style=\"font-size: 14pt;font-family: times new roman, times, serif\">Organizar talleres, charlas y actividades extracurriculares.<\/span><\/p>\n<\/li>\n<li data-start=\"961\" data-end=\"1018\">\n<p data-start=\"963\" data-end=\"1018\"><span style=\"font-size: 14pt;font-family: times new roman, times, serif\">Apoyar iniciativas solidarias y de convivencia escolar.<\/span><\/p>\n<\/li>\n<\/ul>\n<p style=\"text-align: justify\"><span style=\"font-size: 14pt;font-family: times new roman, times, serif\">Nuestro AMPA organiza y participa en numerosas actividades, tales como, fiesta de Halloween con la aportaci\u00f3n de un desayuno terror\u00edfico para toda la comunidad educativa y desarrollo de diferentes actividades, &nbsp;D\u00eda de Andaluc\u00eda proporcionado un desayuno andaluz a todo el alumnado y el profesorado, Navidad, fiesta de fin de curso\u2026Estamos muy agradecidos por la labor que desempe\u00f1an, por el tiempo invertido en la organizaci\u00f3n y el fomento del esp\u00edritu de uni\u00f3n entre todos los miembros de la comunidad educativa y los habitantes de la localidad.&nbsp;<\/span><\/p>\n<p>[\/et_pb_text][\/et_pb_column][\/et_pb_row][\/et_pb_section]<\/p>\n","protected":false},"excerpt":{"rendered":"<p>AMPA MAR\u00cdA AUXILIADORA &nbsp; AMPA (Asociaci\u00f3n de Madres y Padres del Alumnado) del CEIP Carmen Ar\u00e9valo es una organizaci\u00f3n sin \u00e1nimo de lucro formada por familias del centro que trabajan de forma voluntaria para colaborar con la comunidad educativa y mejorar el d\u00eda a d\u00eda del colegio. Fomentar la participaci\u00f3n de las familias en la [&hellip;]<\/p>\n","protected":false},"author":7051,"featured_media":0,"parent":0,"menu_order":0,"comment_status":"closed","ping_status":"closed","template":"","meta":{"_et_pb_use_builder":"on","_et_pb_old_content":"","_et_gb_content_width":"","ngg_post_thumbnail":0,"footnotes":""},"aioseo_notices":[],"_links":{"self":[{"href":"https:\/\/blogsaverroes.juntadeandalucia.es\/ceipcarmenarevalo\/wp-json\/wp\/v2\/pages\/840"}],"collection":[{"href":"https:\/\/blogsaverroes.juntadeandalucia.es\/ceipcarmenarevalo\/wp-json\/wp\/v2\/pages"}],"about":[{"href":"https:\/\/blogsaverroes.juntadeandalucia.es\/ceipcarmenarevalo\/wp-json\/wp\/v2\/types\/page"}],"author":[{"embeddable":true,"href":"https:\/\/blogsaverroes.juntadeandalucia.es\/ceipcarmenarevalo\/wp-json\/wp\/v2\/users\/7051"}],"replies":[{"embeddable":true,"href":"https:\/\/blogsaverroes.juntadeandalucia.es\/ceipcarmenarevalo\/wp-json\/wp\/v2\/comments?post=840"}],"version-history":[{"count":9,"href":"https:\/\/blogsaverroes.juntadeandalucia.es\/ceipcarmenarevalo\/wp-json\/wp\/v2\/pages\/840\/revisions"}],"predecessor-version":[{"id":1710,"href":"https:\/\/blogsaverroes.juntadeandalucia.es\/ceipcarmenarevalo\/wp-json\/wp\/v2\/pages\/840\/revisions\/1710"}],"wp:attachment":[{"href":"https:\/\/blogsaverroes.juntadeandalucia.es\/ceipcarmenarevalo\/wp-json\/wp\/v2\/media?parent=840"}],"curies":[{"name":"wp","href":"https:\/\/api.w.org\/{rel}","templated":true}]}}