{"id":1411,"date":"2021-03-01T10:12:38","date_gmt":"2021-03-01T09:12:38","guid":{"rendered":"https:\/\/blogsaverroes.juntadeandalucia.es\/ceipcarmenborrego\/?page_id=1411"},"modified":"2021-10-27T10:08:16","modified_gmt":"2021-10-27T09:08:16","slug":"claustro-de-profesores","status":"publish","type":"page","link":"https:\/\/blogsaverroes.juntadeandalucia.es\/ceipcarmenborrego\/claustro-de-profesores\/","title":{"rendered":"Claustro de Maestr@s"},"content":{"rendered":"<div id=\"cc-m-11262147095\" class=\"j-module n j-textWithImage \">\n<div>\n<div id=\"cc-m-textwithimage-11262147095\" class=\"cc-m-textwithimage-inline-rte\">\n<p><img loading=\"lazy\" decoding=\"async\" class=\"aligncenter size-medium wp-image-2649\" src=\"https:\/\/blogsaverroes.juntadeandalucia.es\/ceipcarmenborrego\/files\/2021\/04\/claustro-1-300x300.gif\" alt=\"\" width=\"300\" height=\"300\" srcset=\"https:\/\/blogsaverroes.juntadeandalucia.es\/ceipcarmenborrego\/files\/2021\/04\/claustro-1-300x300.gif 300w, https:\/\/blogsaverroes.juntadeandalucia.es\/ceipcarmenborrego\/files\/2021\/04\/claustro-1-150x150.gif 150w\" sizes=\"(max-width: 300px) 100vw, 300px\" \/><\/p>\n<p>&nbsp;<\/p>\n<p>El claustro de profesores es el \u00f3rgano propio de participaci\u00f3n del profesorado en el gobierno del Centro, tiene la responsabilidad de planificar, coordinar, informar y, en su caso, decidir sobre todos los aspectos educativos del centro, prestando especial atenci\u00f3n al apoyo al Equipo Directivo en el cumplimiento de la programaci\u00f3n general anual del Centro y al desarrollo del proyecto de direcci\u00f3n.<\/p>\n<p>El claustro de profesores est\u00e1 integrado por todo el profesorado que preste servicios en el centro y lo preside la directora.<\/p>\n<p>Las normas de organizaci\u00f3n y funcionamiento del centro pueden establecer comisiones de trabajo en el seno del claustro del profesorado para el estudio de temas espec\u00edficos a fin de que formulen aportaciones y propuestas al propio claustro.<\/p>\n<\/div>\n<\/div>\n<div id=\"cc-m-11262148695\" class=\"j-module n j-spacing \">&nbsp;<\/div>\n<\/div>\n<table style=\"width: 88.7223%;height: 152px\" width=\"716\">\n<tbody>\n<tr style=\"height: 28px\">\n<td style=\"background-color: #90bfe8;width: 716px;text-align: center;height: 28px\" colspan=\"2\" width=\"716\"><span style=\"font-size: 14pt\"><strong>EDUCACI\u00d3N INFANTIL<\/strong><\/span><\/td>\n<\/tr>\n<tr style=\"height: 24px\">\n<td style=\"height: 24px\">Velasco Velasco, Matilde<\/td>\n<td style=\"height: 24px\">Tutora INFANTIL 3 A\u00d1OS<\/td>\n<\/tr>\n<tr style=\"height: 24px\">\n<td style=\"height: 24px\" width=\"353\">Castillo Polanco, Manuela<\/td>\n<td style=\"height: 24px\" width=\"363\">Tutora INFANTIL 4 A\u00d1OS A<\/td>\n<\/tr>\n<tr style=\"height: 24px\">\n<td style=\"height: 24px\" width=\"353\">P\u00e9rez P\u00e9rez, Mar\u00eda Lourdes<\/td>\n<td style=\"height: 24px\" width=\"363\">Tutora INFANTIL 4 A\u00d1OS B<\/td>\n<\/tr>\n<tr style=\"height: 24px\">\n<td style=\"height: 24px\" width=\"353\">Gamito Gamito, Gracia Mar\u00eda<\/td>\n<td style=\"height: 24px\" width=\"363\">Tutora INFANTIL 5 A\u00d1OS&nbsp;<\/td>\n<\/tr>\n<tr style=\"height: 28px\">\n<td style=\"height: 28px\">Prieto L\u00f3pez, \u00c1ngela Mar\u00eda<\/td>\n<td style=\"height: 28px\">Educaci\u00f3n Infantil\/APOYO<\/td>\n<\/tr>\n<\/tbody>\n<\/table>\n<p>&nbsp;<\/p>\n<table style=\"width: 708px\" width=\"716\">\n<tbody>\n<tr>\n<td style=\"background-color: #81e069;width: 708px;text-align: center\" colspan=\"2\" width=\"716\"><span style=\"font-size: 14pt\"><strong>PRIMER CICLO DE EDUCACI\u00d3N PRIMARIA<\/strong><\/span><\/td>\n<\/tr>\n<tr>\n<td style=\"width: 348px\" width=\"353\">Garc\u00eda G\u00e1lvez, Lorenza<\/td>\n<td style=\"width: 360px\" width=\"363\">Tutora 1\u00baA<\/td>\n<\/tr>\n<tr>\n<td style=\"width: 348px\" width=\"353\">P\u00e9rez Galisteo, Remedios<\/td>\n<td style=\"width: 360px\" width=\"363\">Tutora 1\u00baB \/ Lengua Extranjera-Franc\u00e9s (Primaria)<\/td>\n<\/tr>\n<tr>\n<td style=\"width: 348px\" width=\"353\">Caraver Cornejo, Mar\u00eda Carmen<\/td>\n<td style=\"width: 360px\" width=\"363\">Tutora 2\u00baA<\/td>\n<\/tr>\n<tr>\n<td style=\"width: 348px\" width=\"353\">Romero Mart\u00edn, Mar\u00eda Carmen<\/td>\n<td style=\"width: 360px\" width=\"363\">Tutora 2\u00baB<\/td>\n<\/tr>\n<tr>\n<td style=\"width: 348px\" width=\"353\">Mart\u00edn Gonz\u00e1lez, Luc\u00eda<\/td>\n<td style=\"width: 360px\" width=\"363\">Educaci\u00f3n Primaria\/APOYO<\/td>\n<\/tr>\n<\/tbody>\n<\/table>\n<p>&nbsp;<\/p>\n<table style=\"width: 88.7223%;height: 116px\" width=\"716\">\n<tbody>\n<tr style=\"height: 28px\">\n<td style=\"background-color: #dbd472;width: 98.8764%;text-align: center;height: 28px\" colspan=\"2\" width=\"716\"><span style=\"font-size: 14pt\"><strong>SEGUNDO CICLO DE EDUCACI\u00d3N PRIMARIA<\/strong><\/span><\/td>\n<\/tr>\n<tr>\n<td style=\"width: 48.736%\">Caldero Caro, Encarnaci\u00f3n<\/td>\n<td style=\"width: 50.1404%\">Tutora 3\u00baA<\/td>\n<\/tr>\n<tr style=\"height: 10px\">\n<td style=\"height: 10px;width: 48.736%\" width=\"353\">P\u00e9rez Prados, Mar\u00eda Dolores<\/td>\n<td style=\"height: 10px;width: 50.1404%\" width=\"363\">Tutora 3\u00baB<\/td>\n<\/tr>\n<tr style=\"height: 30px\">\n<td style=\"height: 30px;width: 48.736%\" width=\"353\">Caraver Jurado, Luis Carlos<\/td>\n<td style=\"height: 30px;width: 50.1404%\" width=\"363\">Tutor 4\u00baA<\/td>\n<\/tr>\n<tr style=\"height: 24px\">\n<td style=\"height: 24px;width: 48.736%\" width=\"353\">Castillo Polanco, Clotilde<\/td>\n<td style=\"height: 24px;width: 50.1404%\" width=\"363\">Tutora 4\u00baB \/ Lengua Extranjera-Ingl\u00e9s (Primaria)<\/td>\n<\/tr>\n<tr style=\"height: 24px\">\n<td style=\"height: 24px;width: 48.736%\" width=\"353\">Garc\u00eda Pardillo, Mar\u00eda Elo\u00edsa<\/td>\n<td style=\"height: 24px;width: 50.1404%\" width=\"363\">Educaci\u00f3n F\u00edsica (Primaria)<\/td>\n<\/tr>\n<\/tbody>\n<\/table>\n<p>&nbsp;<\/p>\n<table style=\"width: 708px\" width=\"716\">\n<tbody>\n<tr>\n<td style=\"background-color: #aecacf;width: 708px;text-align: center\" colspan=\"2\" width=\"716\"><span style=\"font-size: 14pt\"><strong>TERCER CICLO DE EDUCACI\u00d3N PRIMARIA<\/strong><\/span><\/td>\n<\/tr>\n<tr>\n<td style=\"width: 349px\" width=\"353\">Berral P\u00e9rez, Beatriz<\/td>\n<td style=\"width: 359px\" width=\"363\">Tutor 5\u00ba \/ M\u00fasica (Primaria)<\/td>\n<\/tr>\n<tr>\n<td style=\"width: 349px\" width=\"353\">Mart\u00edn Gordillo, Mar\u00eda Carmen<\/td>\n<td style=\"width: 359px\" width=\"363\">Tutora 6\u00baA<\/td>\n<\/tr>\n<tr>\n<td style=\"width: 349px\" width=\"353\">S\u00e1nchez Mu\u00f1oz, Gabriel<\/td>\n<td style=\"width: 359px\" width=\"363\">Tutor 6\u00baB \/ Educaci\u00f3n F\u00edsica (Primaria)<\/td>\n<\/tr>\n<tr>\n<td style=\"width: 349px\" width=\"353\">Quiles Rodr\u00edguez, Jos\u00e9 Antonio<\/td>\n<td style=\"width: 359px\" width=\"363\">Tutor 5\u00ba \/ M\u00fasica (Primaria)<\/td>\n<\/tr>\n<tr>\n<td style=\"width: 349px\" width=\"353\">Caraver Cornejo, Eva Mar\u00eda<\/td>\n<td style=\"width: 359px\" width=\"363\">Lengua Extranjera-Ingl\u00e9s (Primaria)<\/td>\n<\/tr>\n<tr>\n<td style=\"width: 349px\">Jim\u00e9nez Rivas, Luis Vicente<\/td>\n<td style=\"width: 359px\">Lengua Extranjera-Ingl\u00e9s (Primaria)<\/td>\n<\/tr>\n<tr>\n<td style=\"width: 349px\">Pach\u00f3n Abad, Mar\u00eda \u00c1ngeles<\/td>\n<td style=\"width: 359px\">Religi\u00f3n<\/td>\n<\/tr>\n<\/tbody>\n<\/table>\n<p>&nbsp;<\/p>\n<table width=\"716\">\n<tbody>\n<tr>\n<td style=\"background-color: #e4bce8;width: 716px;text-align: center\" colspan=\"2\" width=\"716\"><span style=\"font-size: 14pt\"><strong>EQUIPO DE ORIENTACI\u00d3N Y APOYO<\/strong><\/span><\/td>\n<\/tr>\n<tr>\n<td width=\"353\">D\u00edaz Porquera, Elo\u00edsa<\/td>\n<td width=\"363\">Pedagog\u00eda Terap\u00e9utica<\/td>\n<\/tr>\n<tr>\n<td width=\"353\">Mart\u00edn Mart\u00edn, Roc\u00edo Sinai<\/td>\n<td width=\"363\">Audici\u00f3n y Lenguaje<\/td>\n<\/tr>\n<tr>\n<td width=\"353\">Gerpe Llamas, Minerva<\/td>\n<td width=\"363\">Pedagog\u00eda Terap\u00e9utica \/ UNIDAD ESPEC\u00cdFICA<\/td>\n<\/tr>\n<\/tbody>\n<\/table>\n<p>&nbsp;<\/p>\n<p><strong>Competencias del Claustro de profesores\/as.<\/strong><\/p>\n<div>\n<div id=\"cc-m-textwithimage-11262148795\" class=\"cc-m-textwithimage-inline-rte\">\n<p>a) Formular al equipo directivo y al Consejo Escolar propuestas para la elaboraci\u00f3n de los proyectos del centro y de la programaci\u00f3n general anual.<\/p>\n<p>b) Aprobar y evaluar la concreci\u00f3n del curr\u00edculo y todos los aspectos educativos de los proyectos y de la programaci\u00f3n general anual.<\/p>\n<p>c) Fijar los criterios referentes a la orientaci\u00f3n, tutor\u00eda, evaluaci\u00f3n y recuperaci\u00f3n de los alumnos.<\/p>\n<p>d) Promover iniciativas en el \u00e1mbito de la experimentaci\u00f3n y de la investigaci\u00f3n pedag\u00f3gica y en la formaci\u00f3n del profesorado del centro.<\/p>\n<p>e) Elegir sus representantes en el Consejo Escolar del centro y participar en la selecci\u00f3n del director en los t\u00e9rminos establecidos por la presente Ley.<\/p>\n<p>f) Conocer las candidaturas a la direcci\u00f3n y los proyectos de direcci\u00f3n presentados por los candidatos.<\/p>\n<p>g) Analizar y valorar el funcionamiento general del centro, la evoluci\u00f3n del rendimiento escolar y los resultados de las evaluaciones internas y externas en las que participe el centro.<\/p>\n<p>h) Informar las normas de organizaci\u00f3n y funcionamiento del centro.<\/p>\n<p>i) Conocer la resoluci\u00f3n de conflictos disciplinarios y la imposici\u00f3n de sanciones y velar por que \u00e9stas se atengan a la normativa vigente.<\/p>\n<p>j) Proponer medidas e iniciativas que favorezcan la convivencia en el centro.<\/p>\n<p>k) Cualesquiera otras que le sean atribuidas por la Administraci\u00f3n educativa o por las respectivas&nbsp; normas de organizaci\u00f3n y funcionamiento.<\/p>\n<\/div>\n<p>&nbsp;<\/p>\n<p><a href=\"https:\/\/www.juntadeandalucia.es\/boja\/2010\/139\/d3.pdf\" target=\"_blank\" rel=\"noopener noreferrer\">DECRETO 328\/2010, de 13 de julio<\/a>, por el que se aprueba el Reglamento Org\u00e1nico de las escuelas infantiles de segundo grado, de los colegios de educaci\u00f3n primaria, de los colegios de educaci\u00f3n infantil y primaria, y de los centros p\u00fablicos espec\u00edficos de educaci\u00f3n especial.<\/p>\n<\/div>\n","protected":false},"excerpt":{"rendered":"<p>&nbsp; El claustro de profesores es el \u00f3rgano propio de participaci\u00f3n del profesorado en el gobierno del Centro, tiene la responsabilidad de planificar, coordinar, informar y, en su caso, decidir sobre todos los aspectos&#46;&#46;&#46;<\/p>\n","protected":false},"author":12481,"featured_media":0,"parent":0,"menu_order":0,"comment_status":"closed","ping_status":"closed","template":"","meta":{"ngg_post_thumbnail":0,"footnotes":""},"aioseo_notices":[],"_links":{"self":[{"href":"https:\/\/blogsaverroes.juntadeandalucia.es\/ceipcarmenborrego\/wp-json\/wp\/v2\/pages\/1411"}],"collection":[{"href":"https:\/\/blogsaverroes.juntadeandalucia.es\/ceipcarmenborrego\/wp-json\/wp\/v2\/pages"}],"about":[{"href":"https:\/\/blogsaverroes.juntadeandalucia.es\/ceipcarmenborrego\/wp-json\/wp\/v2\/types\/page"}],"author":[{"embeddable":true,"href":"https:\/\/blogsaverroes.juntadeandalucia.es\/ceipcarmenborrego\/wp-json\/wp\/v2\/users\/12481"}],"replies":[{"embeddable":true,"href":"https:\/\/blogsaverroes.juntadeandalucia.es\/ceipcarmenborrego\/wp-json\/wp\/v2\/comments?post=1411"}],"version-history":[{"count":17,"href":"https:\/\/blogsaverroes.juntadeandalucia.es\/ceipcarmenborrego\/wp-json\/wp\/v2\/pages\/1411\/revisions"}],"predecessor-version":[{"id":4284,"href":"https:\/\/blogsaverroes.juntadeandalucia.es\/ceipcarmenborrego\/wp-json\/wp\/v2\/pages\/1411\/revisions\/4284"}],"wp:attachment":[{"href":"https:\/\/blogsaverroes.juntadeandalucia.es\/ceipcarmenborrego\/wp-json\/wp\/v2\/media?parent=1411"}],"curies":[{"name":"wp","href":"https:\/\/api.w.org\/{rel}","templated":true}]}}