{"id":2104,"date":"2021-03-11T10:09:09","date_gmt":"2021-03-11T09:09:09","guid":{"rendered":"https:\/\/blogsaverroes.juntadeandalucia.es\/ceipcarmenborrego\/?page_id=2104"},"modified":"2021-06-07T12:53:12","modified_gmt":"2021-06-07T11:53:12","slug":"huerto-escolar-2","status":"publish","type":"page","link":"https:\/\/blogsaverroes.juntadeandalucia.es\/ceipcarmenborrego\/huerto-escolar-2\/","title":{"rendered":"Adaptaci\u00f3n y Mejora de Huertos Escolares"},"content":{"rendered":"<table style=\"width: 100%;border-collapse: collapse;background-color: #aeb9e8\">\n<tbody>\n<tr>\n<td style=\"width: 100%;text-align: center\"><img loading=\"lazy\" decoding=\"async\" class=\"aligncenter size-medium wp-image-2930\" src=\"https:\/\/blogsaverroes.juntadeandalucia.es\/ceipcarmenborrego\/files\/2021\/04\/H\u00e1bitos-de-Vida-Saludable-2-300x63.jpg\" alt=\"\" width=\"300\" height=\"63\" srcset=\"https:\/\/blogsaverroes.juntadeandalucia.es\/ceipcarmenborrego\/files\/2021\/04\/H\u00e1bitos-de-Vida-Saludable-2-300x63.jpg 300w, https:\/\/blogsaverroes.juntadeandalucia.es\/ceipcarmenborrego\/files\/2021\/04\/H\u00e1bitos-de-Vida-Saludable-2.jpg 455w\" sizes=\"(max-width: 300px) 100vw, 300px\" \/><\/p>\n<p><a href=\"https:\/\/www.juntadeandalucia.es\/educacion\/portals\/web\/habitos-vida-saludable\/huertos-escolares\" target=\"_blank\" rel=\"noopener noreferrer\"><img loading=\"lazy\" decoding=\"async\" class=\"wp-image-2117 size-large\" src=\"https:\/\/blogsaverroes.juntadeandalucia.es\/ceipcarmenborrego\/files\/2021\/03\/Huerto-Escolar-1024x418.jpg\" alt=\"\" width=\"802\" height=\"327\" srcset=\"https:\/\/blogsaverroes.juntadeandalucia.es\/ceipcarmenborrego\/files\/2021\/03\/Huerto-Escolar-1024x418.jpg 1024w, https:\/\/blogsaverroes.juntadeandalucia.es\/ceipcarmenborrego\/files\/2021\/03\/Huerto-Escolar-300x122.jpg 300w, https:\/\/blogsaverroes.juntadeandalucia.es\/ceipcarmenborrego\/files\/2021\/03\/Huerto-Escolar-768x314.jpg 768w, https:\/\/blogsaverroes.juntadeandalucia.es\/ceipcarmenborrego\/files\/2021\/03\/Huerto-Escolar-1080x441.jpg 1080w, https:\/\/blogsaverroes.juntadeandalucia.es\/ceipcarmenborrego\/files\/2021\/03\/Huerto-Escolar-1280x523.jpg 1280w, https:\/\/blogsaverroes.juntadeandalucia.es\/ceipcarmenborrego\/files\/2021\/03\/Huerto-Escolar-980x400.jpg 980w, https:\/\/blogsaverroes.juntadeandalucia.es\/ceipcarmenborrego\/files\/2021\/03\/Huerto-Escolar-480x196.jpg 480w, https:\/\/blogsaverroes.juntadeandalucia.es\/ceipcarmenborrego\/files\/2021\/03\/Huerto-Escolar-1024x418-978x400.jpg 978w, https:\/\/blogsaverroes.juntadeandalucia.es\/ceipcarmenborrego\/files\/2021\/03\/Huerto-Escolar.jpg 1531w\" sizes=\"(max-width: 802px) 100vw, 802px\" \/><\/a><\/td>\n<\/tr>\n<\/tbody>\n<\/table>\n<p>&nbsp;<\/p>\n<h2><span style=\"font-size: 24pt\">1. Desherbado: el primer paso para crear nuestro huerto.<\/span><\/h2>\n<hr>\n<p><span style=\"font-size: 12pt\">Comenzamos quitando las <em>malas hierbas<\/em>, ya que en un huerto ecol\u00f3gico controlar la vegetaci\u00f3n acompa\u00f1ante, que crece junto a las hortalizas y verduras, es una de las tareas que m\u00e1s tiempo se llevar\u00e1 a lo largo de todo el ciclo de cultivo del huerto. La razones son bien sencillas, la vegetaci\u00f3n acompa\u00f1ante que crece en el huerto&nbsp;compite con nuestros cultivos por el agua, los nutrientes y dem\u00e1s recursos&nbsp;pudiendo frenar gravemente su desarrollo, pero tambi\u00e9n tiene&nbsp;beneficios relacionados con la biodiversidad&nbsp;(no s\u00f3lo de plantas, tambi\u00e9n de insectos y microorganismos beneficiosos para el suelo) y con la&nbsp;lucha integrada contra plagas y enfermedades&nbsp;(muchas de estas plantas pueden atraer a insectos depredadores beneficiosos o ahuyentar algunas plagas).<\/span><\/p>\n<div class=\"entry-content\">\n<p align=\"justify\"><span style=\"font-size: 12pt\">Por lo tanto, nuestro objetivo debe ser&nbsp;controlar las <em>malas hierbas<\/em> para que su presencia no supere a la de las hortalizas que cultivamos y no comprometa su crecimiento.<\/span><\/p>\n<\/div>\n<p>ngg_shortcode_0_placeholderngg_shortcode_1_placeholder<\/p>\n<div class=\"entry-content\">\n<p align=\"justify\"><strong><span style=\"font-size: 24pt\">&nbsp;<\/span><\/strong><\/p>\n<p align=\"justify\"><strong><span style=\"font-size: 24pt\">2. Labrar: la operaci\u00f3n previa a la plantaci\u00f3n.<\/span><\/strong><\/p>\n<hr>\n<p align=\"justify\">Antes de plantar las hortalizas hay que labrar,&nbsp;es decir, voltear y revolver la tierra. Esta operaci\u00f3n es indispensable porque sirve para airear la tierra y repararla, es decir, hacerla m\u00e1s suelta, lo que facilita el desarrollo de las ra\u00edces.<\/p>\n<p>Para ello, utilizaremos un <strong>motocultor<\/strong>, que tiene la ventaja de ser mucho m\u00e1s r\u00e1pido trabajando que las herramientas manuales. El motocultor permite trabajar la tierra a m\u00e1s profundidad. Para un buen resultado, <strong>conviene realizar al menos dos pasadas<\/strong>: primero en sentido longitudinal y despu\u00e9s transversal.<\/p>\n<p><img loading=\"lazy\" decoding=\"async\" class=\"aligncenter wp-image-2637 size-large\" src=\"https:\/\/blogsaverroes.juntadeandalucia.es\/ceipcarmenborrego\/files\/2021\/04\/Motocultor-1024x576.jpg\" alt=\"\" width=\"802\" height=\"451\" srcset=\"https:\/\/blogsaverroes.juntadeandalucia.es\/ceipcarmenborrego\/files\/2021\/04\/Motocultor-1024x576.jpg 1024w, https:\/\/blogsaverroes.juntadeandalucia.es\/ceipcarmenborrego\/files\/2021\/04\/Motocultor-300x169.jpg 300w, https:\/\/blogsaverroes.juntadeandalucia.es\/ceipcarmenborrego\/files\/2021\/04\/Motocultor-768x432.jpg 768w, https:\/\/blogsaverroes.juntadeandalucia.es\/ceipcarmenborrego\/files\/2021\/04\/Motocultor.jpg 1280w\" sizes=\"(max-width: 802px) 100vw, 802px\" \/><\/p>\n<\/div>\n<p align=\"justify\"><strong><span style=\"font-size: 24pt\">&nbsp;<\/span><\/strong><\/p>\n<p align=\"justify\"><strong><span style=\"font-size: 24pt\">3. Montaje del riego por goteo.<\/span><\/strong><\/p>\n<hr>\n<p>El riego por goteo tiene muchas ventajas en la organizaci\u00f3n de un huerto escolar, ya que permite el riego sin dedicarle mucho tiempo y permite regar todos los d\u00edas, incluidos los fines de semana y periodos de vacaciones. Adem\u00e1s el riego por goteo supone una forma eficiente y controlada de riego.<\/p>\n<p>Las tuber\u00edas van colocadas sobre el sector donde vamos a colocar los plantones, dejando el espacio para los pasillos interiores, de tal manera que queden junto a la planta.&nbsp;Deber\u00eda quedar un gotero junto a cada planta, pero como usamos l\u00edneas de goteros de otros a\u00f1os, colocamos los goteros a una distancia de 30 a 40 cm y sirven para cualquier cultivo, aunque los goteros no caigan exactamente junto a la planta. Con un riego adecuado el agua se extiende por la tierra llegando a todas las plantas.<\/p>\nngg_shortcode_2_placeholder\n<p align=\"justify\">&nbsp;<\/p>\n<p align=\"justify\"><strong><span style=\"font-size: 24pt\">4. Siembra.<\/span><\/strong><\/p>\n<hr>\n<p>En primer lugar, realizaremos los agujeros en el terreno aproximadamente a unos 10 cm separados del goteo. Rellenaremos de mantillo por la mitad y procederemos a la plantaci\u00f3n. Finalmente cubriremos con un poco de mantillo alrededor de la planta.<\/p>\nngg_shortcode_3_placeholder\n<p align=\"justify\"><strong><span style=\"font-size: 24pt\">&nbsp;<\/span><\/strong><\/p>\n<p align=\"justify\"><strong><span style=\"font-size: 24pt\">5. Mantenimiento.<\/span><\/strong><\/p>\n<hr>\n<p>En cuanto al mantenimiento, se han llevado a cabo las siguientes actuaciones:<\/p>\n<ul>\n<li>Colocaci\u00f3n de cintas para ahuyentar los p\u00e1jaros.<\/li>\n<li>Eliminaci\u00f3n de &#8220;malas hierbas&#8221;.<\/li>\n<li>Colocaci\u00f3n de tutores para favorecer el crecimiento de las tomateras.<\/li>\n<li>Colocaci\u00f3n de carteles identificativos de los cultivos.<\/li>\n<\/ul>\nngg_shortcode_4_placeholder\n<p><strong><span style=\"font-size: 24pt\">6. Recolecci\u00f3n.<\/span><\/strong><\/p>\n<hr>\n<p>La cosecha o recolecci\u00f3n es, quiz\u00e1, el momento m\u00e1s gratificante, la disponibilidad de los alimentos compensa el esfuerzo y cuidados invertidos durante los meses anteriores. Todas las variedades evidencian una duraci\u00f3n del ciclo vegetativo muy variable que se ve afectado por el clima, el riego, nutrici\u00f3n, etc. que han marcado el desarrollo de la planta.&nbsp;<\/p>\nngg_shortcode_5_placeholder\n<p><strong><span style=\"font-size: 24pt\">7. Preparaci\u00f3n y consumo.<\/span><\/strong><\/p>\n<hr>\nngg_shortcode_6_placeholder\n","protected":false},"excerpt":{"rendered":"<p>&nbsp; 1. Desherbado: el primer paso para crear nuestro huerto. Comenzamos quitando las malas hierbas, ya que en un huerto ecol\u00f3gico controlar la vegetaci\u00f3n acompa\u00f1ante, que crece junto a las hortalizas y verduras, es&#46;&#46;&#46;<\/p>\n","protected":false},"author":12481,"featured_media":0,"parent":0,"menu_order":0,"comment_status":"closed","ping_status":"closed","template":"","meta":{"ngg_post_thumbnail":0,"footnotes":""},"aioseo_notices":[],"_links":{"self":[{"href":"https:\/\/blogsaverroes.juntadeandalucia.es\/ceipcarmenborrego\/wp-json\/wp\/v2\/pages\/2104"}],"collection":[{"href":"https:\/\/blogsaverroes.juntadeandalucia.es\/ceipcarmenborrego\/wp-json\/wp\/v2\/pages"}],"about":[{"href":"https:\/\/blogsaverroes.juntadeandalucia.es\/ceipcarmenborrego\/wp-json\/wp\/v2\/types\/page"}],"author":[{"embeddable":true,"href":"https:\/\/blogsaverroes.juntadeandalucia.es\/ceipcarmenborrego\/wp-json\/wp\/v2\/users\/12481"}],"replies":[{"embeddable":true,"href":"https:\/\/blogsaverroes.juntadeandalucia.es\/ceipcarmenborrego\/wp-json\/wp\/v2\/comments?post=2104"}],"version-history":[{"count":41,"href":"https:\/\/blogsaverroes.juntadeandalucia.es\/ceipcarmenborrego\/wp-json\/wp\/v2\/pages\/2104\/revisions"}],"predecessor-version":[{"id":4188,"href":"https:\/\/blogsaverroes.juntadeandalucia.es\/ceipcarmenborrego\/wp-json\/wp\/v2\/pages\/2104\/revisions\/4188"}],"wp:attachment":[{"href":"https:\/\/blogsaverroes.juntadeandalucia.es\/ceipcarmenborrego\/wp-json\/wp\/v2\/media?parent=2104"}],"curies":[{"name":"wp","href":"https:\/\/api.w.org\/{rel}","templated":true}]}}