{"id":1112,"date":"2024-11-04T11:11:59","date_gmt":"2024-11-04T10:11:59","guid":{"rendered":"https:\/\/blogsaverroes.juntadeandalucia.es\/ceipcarmendeburgoscabra\/?page_id=1112"},"modified":"2025-02-05T10:38:30","modified_gmt":"2025-02-05T09:38:30","slug":"plan-de-formacion","status":"publish","type":"page","link":"https:\/\/blogsaverroes.juntadeandalucia.es\/ceipcarmendeburgoscabra\/plan-de-formacion\/","title":{"rendered":"Plan de Formaci\u00f3n"},"content":{"rendered":"<p>[et_pb_section fb_built=&#8221;1&#8243; _builder_version=&#8221;4.24.2&#8243; _module_preset=&#8221;default&#8221; global_colors_info=&#8221;{}&#8221;][et_pb_row column_structure=&#8221;2_3,1_3&#8243; _builder_version=&#8221;4.24.2&#8243; _module_preset=&#8221;default&#8221; global_colors_info=&#8221;{}&#8221;][et_pb_column type=&#8221;2_3&#8243; _builder_version=&#8221;4.24.2&#8243; _module_preset=&#8221;default&#8221; global_colors_info=&#8221;{}&#8221;][et_pb_image src=&#8221;https:\/\/blogsaverroes.juntadeandalucia.es\/ceipcarmendeburgoscabra\/files\/2024\/11\/unnamed.png&#8221; title_text=&#8221;unnamed&#8221; _builder_version=&#8221;4.24.2&#8243; _module_preset=&#8221;default&#8221; custom_padding=&#8221;||0px|254px||&#8221; global_colors_info=&#8221;{}&#8221;][\/et_pb_image][\/et_pb_column][et_pb_column type=&#8221;1_3&#8243; _builder_version=&#8221;4.24.2&#8243; _module_preset=&#8221;default&#8221; global_colors_info=&#8221;{}&#8221;][et_pb_sidebar _builder_version=&#8221;4.24.2&#8243; _module_preset=&#8221;default&#8221; global_colors_info=&#8221;{}&#8221;][\/et_pb_sidebar][\/et_pb_column][\/et_pb_row][et_pb_row _builder_version=&#8221;4.24.2&#8243; _module_preset=&#8221;default&#8221; custom_padding=&#8221;|408px||||&#8221; global_colors_info=&#8221;{}&#8221;][et_pb_column type=&#8221;4_4&#8243; _builder_version=&#8221;4.24.2&#8243; _module_preset=&#8221;default&#8221; global_colors_info=&#8221;{}&#8221;][et_pb_heading title=&#8221;Plan de Formaci\u00f3n&#8221; _builder_version=&#8221;4.24.2&#8243; _module_preset=&#8221;default&#8221; custom_padding=&#8221;0px|||||&#8221; global_colors_info=&#8221;{}&#8221;][\/et_pb_heading][\/et_pb_column][\/et_pb_row][et_pb_row _builder_version=&#8221;4.24.2&#8243; _module_preset=&#8221;default&#8221; global_colors_info=&#8221;{}&#8221;][et_pb_column type=&#8221;4_4&#8243; _builder_version=&#8221;4.24.2&#8243; _module_preset=&#8221;default&#8221; global_colors_info=&#8221;{}&#8221;][et_pb_text _builder_version=&#8221;4.24.2&#8243; _module_preset=&#8221;default&#8221; global_colors_info=&#8221;{}&#8221;]<\/p>\n<p>La formaci\u00f3n del profesorado constituye un elemento fundamental para dar respuesta a los nuevos retos educativos que plantea la sociedad actual, siendo el factor clave para conseguir la mejora de la competencia profesional de los docentes y contribuyendo, en consecuencia, al desarrollo de una ense\u00f1anza de calidad y equidad. El Sistema Andaluz de Formaci\u00f3n Permanente del Profesorado constituye el instrumento de la Consejer\u00eda competente en materia de educaci\u00f3n a trav\u00e9s del que se establecen las estructuras, el marco de organizaci\u00f3n y funcionamiento y los recursos para atender las necesidades de formaci\u00f3n y actualizaci\u00f3n del profesorado de los centros sostenidos con fondos p\u00fablicos.<\/p>\n<p>Los centros docentes y las aulas ser\u00e1n el \u00e1mbito ordinario para el aprendizaje e intercambio de pr\u00e1cticas educativas y el desarrollo de las actividades de formaci\u00f3n permanente del profesorado que perseguir\u00e1n el aprendizaje de las buenas pr\u00e1cticas docentes, el intercambio profesional y la difusi\u00f3n del conocimiento que contribuya a la creaci\u00f3n de redes profesionales.<\/p>\n<p>[\/et_pb_text][\/et_pb_column][\/et_pb_row][et_pb_row _builder_version=&#8221;4.24.2&#8243; _module_preset=&#8221;default&#8221;][et_pb_column _builder_version=&#8221;4.24.2&#8243; _module_preset=&#8221;default&#8221; type=&#8221;4_4&#8243;][et_pb_image src=&#8221;https:\/\/blogsaverroes.juntadeandalucia.es\/ceipcarmendeburgoscabra\/files\/2025\/01\/vecteezy_google-document-icon_17395386.png&#8221; _builder_version=&#8221;4.24.2&#8243; _module_preset=&#8221;default&#8221; title_text=&#8221;vecteezy_google-document-icon_17395386&#8243; url_new_window=&#8221;on&#8221; url=&#8221;https:\/\/drive.google.com\/file\/d\/1M4SjzrLsrFG97THro9amvI-jTVq-1ckf\/view?usp=sharing&#8221; hover_enabled=&#8221;0&#8243; sticky_enabled=&#8221;0&#8243; custom_margin=&#8221;|||466px||&#8221; width=&#8221;14.5%&#8221; custom_padding=&#8221;|0px||||&#8221;][\/et_pb_image][\/et_pb_column][\/et_pb_row][\/et_pb_section]<\/p>\n","protected":false},"excerpt":{"rendered":"<p>La formaci\u00f3n del profesorado constituye un elemento fundamental para dar respuesta a los nuevos retos educativos que plantea la sociedad actual, siendo el factor clave para conseguir la mejora de la competencia profesional de los docentes y contribuyendo, en consecuencia, al desarrollo de una ense\u00f1anza de calidad y equidad. El Sistema Andaluz de Formaci\u00f3n Permanente [&hellip;]<\/p>\n","protected":false},"author":20156,"featured_media":0,"parent":0,"menu_order":0,"comment_status":"closed","ping_status":"closed","template":"","meta":{"_et_pb_use_builder":"on","_et_pb_old_content":"","_et_gb_content_width":"","ngg_post_thumbnail":0,"footnotes":""},"aioseo_notices":[],"_links":{"self":[{"href":"https:\/\/blogsaverroes.juntadeandalucia.es\/ceipcarmendeburgoscabra\/wp-json\/wp\/v2\/pages\/1112"}],"collection":[{"href":"https:\/\/blogsaverroes.juntadeandalucia.es\/ceipcarmendeburgoscabra\/wp-json\/wp\/v2\/pages"}],"about":[{"href":"https:\/\/blogsaverroes.juntadeandalucia.es\/ceipcarmendeburgoscabra\/wp-json\/wp\/v2\/types\/page"}],"author":[{"embeddable":true,"href":"https:\/\/blogsaverroes.juntadeandalucia.es\/ceipcarmendeburgoscabra\/wp-json\/wp\/v2\/users\/20156"}],"replies":[{"embeddable":true,"href":"https:\/\/blogsaverroes.juntadeandalucia.es\/ceipcarmendeburgoscabra\/wp-json\/wp\/v2\/comments?post=1112"}],"version-history":[{"count":11,"href":"https:\/\/blogsaverroes.juntadeandalucia.es\/ceipcarmendeburgoscabra\/wp-json\/wp\/v2\/pages\/1112\/revisions"}],"predecessor-version":[{"id":1160,"href":"https:\/\/blogsaverroes.juntadeandalucia.es\/ceipcarmendeburgoscabra\/wp-json\/wp\/v2\/pages\/1112\/revisions\/1160"}],"wp:attachment":[{"href":"https:\/\/blogsaverroes.juntadeandalucia.es\/ceipcarmendeburgoscabra\/wp-json\/wp\/v2\/media?parent=1112"}],"curies":[{"name":"wp","href":"https:\/\/api.w.org\/{rel}","templated":true}]}}