{"id":35,"date":"2015-03-13T08:21:43","date_gmt":"2015-03-13T08:21:43","guid":{"rendered":"http:\/\/blogsaverroes.juntadeandalucia.es\/pre\/ceip\/?page_id=35"},"modified":"2020-09-15T09:36:28","modified_gmt":"2020-09-15T09:36:28","slug":"el-centro-2","status":"publish","type":"page","link":"https:\/\/blogsaverroes.juntadeandalucia.es\/ceipcarmenmartingaite\/el-centro-2\/","title":{"rendered":"Datos del centro"},"content":{"rendered":"<p><a href=\"https:\/\/blogsaverroes.juntadeandalucia.es\/ceipcarmenmartingaite\/files\/2015\/03\/Mapa-colegio-II.jpg\"><img loading=\"lazy\" decoding=\"async\" class=\"alignnone size-medium wp-image-2159\" src=\"https:\/\/blogsaverroes.juntadeandalucia.es\/ceipcarmenmartingaite\/files\/2015\/03\/Mapa-colegio-II-300x192.jpg\" alt=\"\" width=\"300\" height=\"192\" srcset=\"https:\/\/blogsaverroes.juntadeandalucia.es\/ceipcarmenmartingaite\/files\/2015\/03\/Mapa-colegio-II-300x192.jpg 300w, https:\/\/blogsaverroes.juntadeandalucia.es\/ceipcarmenmartingaite\/files\/2015\/03\/Mapa-colegio-II-24x15.jpg 24w, https:\/\/blogsaverroes.juntadeandalucia.es\/ceipcarmenmartingaite\/files\/2015\/03\/Mapa-colegio-II-36x23.jpg 36w, https:\/\/blogsaverroes.juntadeandalucia.es\/ceipcarmenmartingaite\/files\/2015\/03\/Mapa-colegio-II-48x31.jpg 48w, https:\/\/blogsaverroes.juntadeandalucia.es\/ceipcarmenmartingaite\/files\/2015\/03\/Mapa-colegio-II.jpg 901w\" sizes=\"(max-width: 300px) 100vw, 300px\" \/><\/a><\/p>\n<h4>Datos de contacto<\/h4>\n<p>CEIP Carmen Mart\u00edn Gaite<\/p>\n<p><strong>Direcci\u00f3n:<\/strong> &nbsp;Calle \u00c1ngeles Navas Atencia n\u00ba12,<\/p>\n<p>CP 29730, Rinc\u00f3n de la Victoria. M\u00e1laga.<\/p>\n<p><strong>Tel\u00e9fono \/ FAX: 951 29 36 04<\/strong><br \/>\n<strong>Email:<\/strong> ceipcarmenmartingaite@gmail.com<\/p>\n<h4><strong>Horarios<\/strong><\/h4>\n<p>Aula matinal 7:30h-9:00h. (De lunes a viernes)<\/p>\n<p>Horario lectivo 9:00h-14:00h (De lunes a viernes)<\/p>\n<p>Extraescolares: 16:00h-18:00h. (De lunes a jueves)<\/p>\n<p>Horario de AMPA: 9:00-10:00h (martes)<\/p>\n<h4><strong>Oferta educativa<\/strong><\/h4>\n<p>Educaci\u00f3n Infantil, Primaria y Aula Espec\u00edfica.<\/p>\n<p>&nbsp;<\/p>\n","protected":false},"excerpt":{"rendered":"<p>Datos de contacto CEIP Carmen Mart\u00edn Gaite Direcci\u00f3n: &nbsp;Calle \u00c1ngeles Navas Atencia n\u00ba12, CP 29730, Rinc\u00f3n de la Victoria. M\u00e1laga. Tel\u00e9fono \/ FAX: 951 29 36 04 Email: ceipcarmenmartingaite@gmail.com Horarios Aula matinal 7:30h-9:00h. (De lunes a viernes) Horario lectivo 9:00h-14:00h (De lunes a viernes) Extraescolares: 16:00h-18:00h. (De lunes a jueves) Horario de AMPA: 9:00-10:00h (martes) [&hellip;]<\/p>\n","protected":false},"author":1,"featured_media":0,"parent":0,"menu_order":0,"comment_status":"open","ping_status":"open","template":"","meta":{"ngg_post_thumbnail":0,"footnotes":"","_mc_calendar":[]},"aioseo_notices":[],"_links":{"self":[{"href":"https:\/\/blogsaverroes.juntadeandalucia.es\/ceipcarmenmartingaite\/wp-json\/wp\/v2\/pages\/35"}],"collection":[{"href":"https:\/\/blogsaverroes.juntadeandalucia.es\/ceipcarmenmartingaite\/wp-json\/wp\/v2\/pages"}],"about":[{"href":"https:\/\/blogsaverroes.juntadeandalucia.es\/ceipcarmenmartingaite\/wp-json\/wp\/v2\/types\/page"}],"author":[{"embeddable":true,"href":"https:\/\/blogsaverroes.juntadeandalucia.es\/ceipcarmenmartingaite\/wp-json\/wp\/v2\/users\/1"}],"replies":[{"embeddable":true,"href":"https:\/\/blogsaverroes.juntadeandalucia.es\/ceipcarmenmartingaite\/wp-json\/wp\/v2\/comments?post=35"}],"version-history":[{"count":28,"href":"https:\/\/blogsaverroes.juntadeandalucia.es\/ceipcarmenmartingaite\/wp-json\/wp\/v2\/pages\/35\/revisions"}],"predecessor-version":[{"id":2386,"href":"https:\/\/blogsaverroes.juntadeandalucia.es\/ceipcarmenmartingaite\/wp-json\/wp\/v2\/pages\/35\/revisions\/2386"}],"wp:attachment":[{"href":"https:\/\/blogsaverroes.juntadeandalucia.es\/ceipcarmenmartingaite\/wp-json\/wp\/v2\/media?parent=35"}],"curies":[{"name":"wp","href":"https:\/\/api.w.org\/{rel}","templated":true}]}}