{"id":44,"date":"2015-03-13T08:42:15","date_gmt":"2015-03-13T08:42:15","guid":{"rendered":"http:\/\/blogsaverroes.juntadeandalucia.es\/pre\/ceip\/?page_id=44"},"modified":"2023-06-28T09:50:25","modified_gmt":"2023-06-28T09:50:25","slug":"planes-y-proyectos","status":"publish","type":"page","link":"https:\/\/blogsaverroes.juntadeandalucia.es\/ceipcarmenmartingaite\/planes-y-proyectos\/","title":{"rendered":"Planes y Programas"},"content":{"rendered":"<p><strong>En este espacio encontrar\u00e1n los diferentes Planes y Programas que se desarrollan en el centro.<\/strong><\/p>\n<p><a href=\"https:\/\/blogsaverroes.juntadeandalucia.es\/ceipcarmenmartingaite\/files\/2015\/03\/Plan-Igualdad-Ceip-Carmen-Mart\u00edn-Gaite-1.pdf\">Plan Igualdad Ceip Carmen Mart\u00edn Gaite<\/a><\/p>\n<p><a href=\"https:\/\/blogsaverroes.juntadeandalucia.es\/ceipcarmenmartingaite\/files\/2019\/11\/PLAN-DE-ACCI\u00d3N-CARMEN-MARTIN-GAITE-RINC\u00d3N-DE-LA-VICTORIA.pdf\">Plan Medio ambiental Ecoescuela (<\/a><a href=\"https:\/\/blogsaverroes.juntadeandalucia.es\/ceipcarmenmartingaite\/files\/2019\/11\/ECO.pptx\">Ecoescuela presentaci\u00f3n)<\/a><\/p>\n<ul>\n<li>Proyecto Web 2.0.<\/li>\n<li>Programa Erasmus +.<\/li>\n<li>Programa Plurinling\u00fce.<\/li>\n<li>Plan de Igualdad y Coeducaci\u00f3n<\/li>\n<li>Proyecto \u201cEscuela, Espacio de Paz\u201d.<\/li>\n<li>Plan de Apertura: Comedor, Aula Matinal y Actividades Extraescolares, dentro del Plan de Apoyo a las Familias Andaluzas.<\/li>\n<li>Plan Lector de Bibliotecas Escolares.<\/li>\n<li>Programas de h\u00e1bitos saludables.<\/li>\n<li>Programa de atenci\u00f3n a la diversidad.<\/li>\n<\/ul>\n","protected":false},"excerpt":{"rendered":"<p>En este espacio encontrar\u00e1n los diferentes Planes y Programas que se desarrollan en el centro. Plan Igualdad Ceip Carmen Mart\u00edn Gaite Plan Medio ambiental Ecoescuela (Ecoescuela presentaci\u00f3n) Proyecto Web 2.0. Programa Erasmus +. Programa Plurinling\u00fce. Plan de Igualdad y Coeducaci\u00f3n Proyecto \u201cEscuela, Espacio de Paz\u201d. Plan de Apertura: Comedor, Aula Matinal y Actividades Extraescolares, dentro [&hellip;]<\/p>\n","protected":false},"author":1,"featured_media":0,"parent":0,"menu_order":0,"comment_status":"open","ping_status":"closed","template":"","meta":{"ngg_post_thumbnail":0,"footnotes":"","_mc_calendar":[]},"aioseo_notices":[],"_links":{"self":[{"href":"https:\/\/blogsaverroes.juntadeandalucia.es\/ceipcarmenmartingaite\/wp-json\/wp\/v2\/pages\/44"}],"collection":[{"href":"https:\/\/blogsaverroes.juntadeandalucia.es\/ceipcarmenmartingaite\/wp-json\/wp\/v2\/pages"}],"about":[{"href":"https:\/\/blogsaverroes.juntadeandalucia.es\/ceipcarmenmartingaite\/wp-json\/wp\/v2\/types\/page"}],"author":[{"embeddable":true,"href":"https:\/\/blogsaverroes.juntadeandalucia.es\/ceipcarmenmartingaite\/wp-json\/wp\/v2\/users\/1"}],"replies":[{"embeddable":true,"href":"https:\/\/blogsaverroes.juntadeandalucia.es\/ceipcarmenmartingaite\/wp-json\/wp\/v2\/comments?post=44"}],"version-history":[{"count":11,"href":"https:\/\/blogsaverroes.juntadeandalucia.es\/ceipcarmenmartingaite\/wp-json\/wp\/v2\/pages\/44\/revisions"}],"predecessor-version":[{"id":2659,"href":"https:\/\/blogsaverroes.juntadeandalucia.es\/ceipcarmenmartingaite\/wp-json\/wp\/v2\/pages\/44\/revisions\/2659"}],"wp:attachment":[{"href":"https:\/\/blogsaverroes.juntadeandalucia.es\/ceipcarmenmartingaite\/wp-json\/wp\/v2\/media?parent=44"}],"curies":[{"name":"wp","href":"https:\/\/api.w.org\/{rel}","templated":true}]}}