{"id":49,"date":"2015-03-13T08:47:05","date_gmt":"2015-03-13T08:47:05","guid":{"rendered":"http:\/\/blogsaverroes.juntadeandalucia.es\/pre\/ceip\/?page_id=49"},"modified":"2021-11-24T08:55:44","modified_gmt":"2021-11-24T08:55:44","slug":"proyecto-educativo","status":"publish","type":"page","link":"https:\/\/blogsaverroes.juntadeandalucia.es\/ceipcarmenmartingaite\/proyecto-educativo\/","title":{"rendered":"Proyecto Educativo"},"content":{"rendered":"<p>En este espacio podr\u00e1 encontrar nuestro Plan de Centro, en el que se incluye el Proyecto Educativo, el Proyecto de Gesti\u00f3n y el R\u00e9gimen de Organizaci\u00f3n y Funcionamiento del centro, as\u00ed como sus modificaciones.<\/p>\n<p><a href=\"https:\/\/blogsaverroes.juntadeandalucia.es\/ceipcarmenmartingaite\/files\/2015\/03\/Proyecto-Educativo-CMG-2019.pdf\">Proyecto Educativo CMG 2019<\/a><img loading=\"lazy\" decoding=\"async\" class=\"alignnone size-medium wp-image-1662\" src=\"http:\/\/blogsaverroes.juntadeandalucia.es\/temahueman\/files\/2015\/03\/proyecto-300x266.png\" alt=\"proyecto\" width=\"300\" height=\"266\" srcset=\"https:\/\/blogsaverroes.juntadeandalucia.es\/ceipcarmenmartingaite\/files\/2015\/03\/proyecto-300x266.png 300w, https:\/\/blogsaverroes.juntadeandalucia.es\/ceipcarmenmartingaite\/files\/2015\/03\/proyecto.png 640w\" sizes=\"(max-width: 300px) 100vw, 300px\" \/><\/p>\n<p><a href=\"https:\/\/blogsaverroes.juntadeandalucia.es\/ceipcarmenmartingaite\/files\/2019\/09\/ROF-2019.pdf\">ROF 2019<\/a><\/p>\n<p><a href=\"https:\/\/blogsaverroes.juntadeandalucia.es\/ceipcarmenmartingaite\/files\/2019\/09\/Proyecto-de-Gestion-2019.pdf\">Proyecto de Gesti\u00f3n<\/a><\/p>\n<p><a href=\"https:\/\/blogsaverroes.juntadeandalucia.es\/ceipcarmenmartingaite\/files\/2021\/11\/Modificaciones-Plan-Centro-2021-2022.pdf\">Modificaciones Plan Centro 2021-2022<\/a><\/p>\n","protected":false},"excerpt":{"rendered":"<p>En este espacio podr\u00e1 encontrar nuestro Plan de Centro, en el que se incluye el Proyecto Educativo, el Proyecto de Gesti\u00f3n y el R\u00e9gimen de Organizaci\u00f3n y Funcionamiento del centro, as\u00ed como sus modificaciones. Proyecto Educativo CMG 2019 ROF 2019 Proyecto de Gesti\u00f3n Modificaciones Plan Centro 2021-2022<\/p>\n","protected":false},"author":1,"featured_media":0,"parent":0,"menu_order":0,"comment_status":"open","ping_status":"open","template":"page-templates\/child-menu.php","meta":{"ngg_post_thumbnail":0,"footnotes":"","_mc_calendar":[]},"aioseo_notices":[],"_links":{"self":[{"href":"https:\/\/blogsaverroes.juntadeandalucia.es\/ceipcarmenmartingaite\/wp-json\/wp\/v2\/pages\/49"}],"collection":[{"href":"https:\/\/blogsaverroes.juntadeandalucia.es\/ceipcarmenmartingaite\/wp-json\/wp\/v2\/pages"}],"about":[{"href":"https:\/\/blogsaverroes.juntadeandalucia.es\/ceipcarmenmartingaite\/wp-json\/wp\/v2\/types\/page"}],"author":[{"embeddable":true,"href":"https:\/\/blogsaverroes.juntadeandalucia.es\/ceipcarmenmartingaite\/wp-json\/wp\/v2\/users\/1"}],"replies":[{"embeddable":true,"href":"https:\/\/blogsaverroes.juntadeandalucia.es\/ceipcarmenmartingaite\/wp-json\/wp\/v2\/comments?post=49"}],"version-history":[{"count":11,"href":"https:\/\/blogsaverroes.juntadeandalucia.es\/ceipcarmenmartingaite\/wp-json\/wp\/v2\/pages\/49\/revisions"}],"predecessor-version":[{"id":2224,"href":"https:\/\/blogsaverroes.juntadeandalucia.es\/ceipcarmenmartingaite\/wp-json\/wp\/v2\/pages\/49\/revisions\/2224"}],"wp:attachment":[{"href":"https:\/\/blogsaverroes.juntadeandalucia.es\/ceipcarmenmartingaite\/wp-json\/wp\/v2\/media?parent=49"}],"curies":[{"name":"wp","href":"https:\/\/api.w.org\/{rel}","templated":true}]}}