{"id":870,"date":"2015-03-16T07:24:27","date_gmt":"2015-03-16T07:24:27","guid":{"rendered":"http:\/\/blogsaverroes.juntadeandalucia.es\/pre\/ceip\/?page_id=103"},"modified":"2019-01-25T12:33:12","modified_gmt":"2019-01-25T12:33:12","slug":"aula-matinal","status":"publish","type":"page","link":"https:\/\/blogsaverroes.juntadeandalucia.es\/ceipcarmenmartingaite\/aula-matinal\/","title":{"rendered":"Aula Matinal"},"content":{"rendered":"<p>&nbsp;<\/p>\n<p>El <strong>Aula Matinal<\/strong> abre a las 7.30 horas de lunes a viernes, ofreciendo actividades diversas a los estudiantes hasta el comienzo del horario lectivo.<\/p>\n<p>Puede&nbsp;utilizarse&nbsp;cualquier d\u00eda previa inscripci\u00f3n y domicializaci\u00f3n bancaria. Para dar de alta al alumnado en el servio de aula matinal, deben pasar por la secretar\u00eda del centro en horario de 9:15 a 12:45 de lunes a viernes.<\/p>\n<p>&nbsp;<\/p>\n","protected":false},"excerpt":{"rendered":"<p>&nbsp; El Aula Matinal abre a las 7.30 horas de lunes a viernes, ofreciendo actividades diversas a los estudiantes hasta el comienzo del horario lectivo. Puede&nbsp;utilizarse&nbsp;cualquier d\u00eda previa inscripci\u00f3n y domicializaci\u00f3n bancaria. Para dar de alta al alumnado en el servio de aula matinal, deben pasar por la secretar\u00eda del centro en horario de 9:15 [&hellip;]<\/p>\n","protected":false},"author":1,"featured_media":0,"parent":0,"menu_order":0,"comment_status":"open","ping_status":"open","template":"page-templates\/child-menu.php","meta":{"ngg_post_thumbnail":0,"footnotes":"","_mc_calendar":[]},"aioseo_notices":[],"_links":{"self":[{"href":"https:\/\/blogsaverroes.juntadeandalucia.es\/ceipcarmenmartingaite\/wp-json\/wp\/v2\/pages\/870"}],"collection":[{"href":"https:\/\/blogsaverroes.juntadeandalucia.es\/ceipcarmenmartingaite\/wp-json\/wp\/v2\/pages"}],"about":[{"href":"https:\/\/blogsaverroes.juntadeandalucia.es\/ceipcarmenmartingaite\/wp-json\/wp\/v2\/types\/page"}],"author":[{"embeddable":true,"href":"https:\/\/blogsaverroes.juntadeandalucia.es\/ceipcarmenmartingaite\/wp-json\/wp\/v2\/users\/1"}],"replies":[{"embeddable":true,"href":"https:\/\/blogsaverroes.juntadeandalucia.es\/ceipcarmenmartingaite\/wp-json\/wp\/v2\/comments?post=870"}],"version-history":[{"count":4,"href":"https:\/\/blogsaverroes.juntadeandalucia.es\/ceipcarmenmartingaite\/wp-json\/wp\/v2\/pages\/870\/revisions"}],"predecessor-version":[{"id":2128,"href":"https:\/\/blogsaverroes.juntadeandalucia.es\/ceipcarmenmartingaite\/wp-json\/wp\/v2\/pages\/870\/revisions\/2128"}],"wp:attachment":[{"href":"https:\/\/blogsaverroes.juntadeandalucia.es\/ceipcarmenmartingaite\/wp-json\/wp\/v2\/media?parent=870"}],"curies":[{"name":"wp","href":"https:\/\/api.w.org\/{rel}","templated":true}]}}