{"id":113,"date":"2015-03-16T08:06:00","date_gmt":"2015-03-16T08:06:00","guid":{"rendered":"http:\/\/blogsaverroes.juntadeandalucia.es\/pre\/ceip\/?page_id=113"},"modified":"2025-10-24T09:03:56","modified_gmt":"2025-10-24T08:03:56","slug":"biblioteca","status":"publish","type":"page","link":"https:\/\/blogsaverroes.juntadeandalucia.es\/ceipcarmensedofeito\/biblioteca\/","title":{"rendered":"Biblioteca"},"content":{"rendered":"<p>Este <strong>viernes 24 de octubre<\/strong> se <em>reinaugura<\/em> la biblioteca escolar con muchas novedades que se ir\u00e1n descubriendo a lo largo del curso.<\/p>\n<p>Para hacer un buen uso de la biblioteca escolar se ha elaborado el siguiente v\u00eddeo (enlace de m\u00e1s abajo) con alumnado del centro para que nos expliquen c\u00f3mo hay que proceder dentro de la biblioteca escolar.<\/p>\n<p><a title=\"Normas de la biblioteca\" href=\"https:\/\/drive.google.com\/file\/d\/1dtdRh7RuUVD2olzccaLG5dcmdtlN2l5t\/view?usp=drive_link\" target=\"_blank\" rel=\"noopener\">Normas de la biblioteca<\/a><\/p>\n<p>&nbsp;<\/p>\n<p><iframe loading=\"lazy\" src=\"https:\/\/drive.google.com\/file\/d\/1dtdRh7RuUVD2olzccaLG5dcmdtlN2l5t\/preview\" width=\"640\" height=\"480\"><\/iframe><\/p>\n","protected":false},"excerpt":{"rendered":"<p>Este viernes 24 de octubre se reinaugura la biblioteca escolar con muchas novedades que se ir\u00e1n descubriendo a lo largo del curso. Para hacer un&hellip;<\/p>\n","protected":false},"author":1,"featured_media":0,"parent":0,"menu_order":0,"comment_status":"closed","ping_status":"open","template":"","meta":{"ngg_post_thumbnail":0,"footnotes":"","_mc_calendar":[]},"aioseo_notices":[],"_links":{"self":[{"href":"https:\/\/blogsaverroes.juntadeandalucia.es\/ceipcarmensedofeito\/wp-json\/wp\/v2\/pages\/113"}],"collection":[{"href":"https:\/\/blogsaverroes.juntadeandalucia.es\/ceipcarmensedofeito\/wp-json\/wp\/v2\/pages"}],"about":[{"href":"https:\/\/blogsaverroes.juntadeandalucia.es\/ceipcarmensedofeito\/wp-json\/wp\/v2\/types\/page"}],"author":[{"embeddable":true,"href":"https:\/\/blogsaverroes.juntadeandalucia.es\/ceipcarmensedofeito\/wp-json\/wp\/v2\/users\/1"}],"replies":[{"embeddable":true,"href":"https:\/\/blogsaverroes.juntadeandalucia.es\/ceipcarmensedofeito\/wp-json\/wp\/v2\/comments?post=113"}],"version-history":[{"count":8,"href":"https:\/\/blogsaverroes.juntadeandalucia.es\/ceipcarmensedofeito\/wp-json\/wp\/v2\/pages\/113\/revisions"}],"predecessor-version":[{"id":2610,"href":"https:\/\/blogsaverroes.juntadeandalucia.es\/ceipcarmensedofeito\/wp-json\/wp\/v2\/pages\/113\/revisions\/2610"}],"wp:attachment":[{"href":"https:\/\/blogsaverroes.juntadeandalucia.es\/ceipcarmensedofeito\/wp-json\/wp\/v2\/media?parent=113"}],"curies":[{"name":"wp","href":"https:\/\/api.w.org\/{rel}","templated":true}]}}