{"id":144,"date":"2015-03-17T07:46:28","date_gmt":"2015-03-17T07:46:28","guid":{"rendered":"http:\/\/blogsaverroes.juntadeandalucia.es\/pre\/ceip\/?page_id=144"},"modified":"2025-04-10T10:44:02","modified_gmt":"2025-04-10T09:44:02","slug":"orientacion","status":"publish","type":"page","link":"https:\/\/blogsaverroes.juntadeandalucia.es\/ceipcarmensedofeito\/el-centro-2\/orientacion\/","title":{"rendered":"E.O.E"},"content":{"rendered":"<h2>El <span style=\"text-decoration: underline\">E.O.E<\/span>. o <strong>equipo de orientaci\u00f3n educativa<\/strong> est\u00e1 formado por:<\/h2>\n<p><span style=\"color: #ff0000\"><strong>Orientadora<\/strong><\/span>:&nbsp; &nbsp; &nbsp; &nbsp; que presta atenci\u00f3n al centro <span style=\"text-decoration: underline\">dos d\u00edas a la semana<\/span> para <strong>detectar<\/strong> dificultades de aprendizaje del alumnado y para <strong>atender<\/strong> a las familias con alumnado con dificultades de aprendizaje que le impiden seguir con normalidad el curr\u00edculum que le corresponde por edad.<\/p>\n<p><span style=\"color: #ff0000\"><strong>PT-1<\/strong><\/span>= M\u00aa Isabel L\u00f3pez Coello<\/p>\n<p><span style=\"color: #ff0000\"><strong>PT-2<\/strong><\/span>= M\u00aa Antonia Silva V\u00e1zquez<\/p>\n<p><span style=\"color: #ff0000\"><strong>PT-aula espec\u00edfica<\/strong><\/span>: Gloria Barrero Borrego<\/p>\n<p><span style=\"color: #ff0000\"><strong>AL<\/strong><\/span>= Isabel Cristina Moreno R\u00edos<\/p>\n<p>Este curso contamos adem\u00e1s de forma extra con:<\/p>\n<ul>\n<li>Jane Parrillo (<span style=\"color: #ff0000\"><strong>PT-3<\/strong><\/span>)<\/li>\n<li>Paqui Fern\u00e1ndez Trujillo (<span style=\"color: #ff0000\"><strong>AL-2<\/strong><\/span>)<\/li>\n<\/ul>\n<p>Al mismo tiempo se cuenta con <span style=\"text-decoration: underline;color: #3366ff\"><strong>dos monitoras<\/strong><\/span> para atender al alumnado <span style=\"color: #800080\">NEAE<\/span>:<\/p>\n<ul>\n<li>Virginia Cabeza Boada.<\/li>\n<li>Patricia Rojas S\u00e1nchez.<\/li>\n<\/ul>\n<p>Existe al mismo tiempo un <span style=\"color: #008000\">equipo externo<\/span> de referencia en el cual contamos con un m\u00e9dico, logopeda, orientadora, psic\u00f3logo y maestros especialistas.<\/p>\n<p><a href=\"https:\/\/portals.ced.junta-andalucia.es\/educacion\/portals\/delegate\/content\/e6c7db99-07e0-48e2-b483-ad5ea89d1fd2\/Presentaci%C3%B3n%20EOE\" target=\"_blank\" rel=\"noopener\">Qu\u00e9 es el EOE<\/a><\/p>\n","protected":false},"excerpt":{"rendered":"<p>El E.O.E. o equipo de orientaci\u00f3n educativa est\u00e1 formado por: Orientadora:&nbsp; &nbsp; &nbsp; &nbsp; que presta atenci\u00f3n al centro dos d\u00edas a la semana para&hellip;<\/p>\n","protected":false},"author":1,"featured_media":0,"parent":35,"menu_order":0,"comment_status":"closed","ping_status":"open","template":"","meta":{"ngg_post_thumbnail":0,"footnotes":"","_mc_calendar":[]},"aioseo_notices":[],"_links":{"self":[{"href":"https:\/\/blogsaverroes.juntadeandalucia.es\/ceipcarmensedofeito\/wp-json\/wp\/v2\/pages\/144"}],"collection":[{"href":"https:\/\/blogsaverroes.juntadeandalucia.es\/ceipcarmensedofeito\/wp-json\/wp\/v2\/pages"}],"about":[{"href":"https:\/\/blogsaverroes.juntadeandalucia.es\/ceipcarmensedofeito\/wp-json\/wp\/v2\/types\/page"}],"author":[{"embeddable":true,"href":"https:\/\/blogsaverroes.juntadeandalucia.es\/ceipcarmensedofeito\/wp-json\/wp\/v2\/users\/1"}],"replies":[{"embeddable":true,"href":"https:\/\/blogsaverroes.juntadeandalucia.es\/ceipcarmensedofeito\/wp-json\/wp\/v2\/comments?post=144"}],"version-history":[{"count":10,"href":"https:\/\/blogsaverroes.juntadeandalucia.es\/ceipcarmensedofeito\/wp-json\/wp\/v2\/pages\/144\/revisions"}],"predecessor-version":[{"id":2485,"href":"https:\/\/blogsaverroes.juntadeandalucia.es\/ceipcarmensedofeito\/wp-json\/wp\/v2\/pages\/144\/revisions\/2485"}],"up":[{"embeddable":true,"href":"https:\/\/blogsaverroes.juntadeandalucia.es\/ceipcarmensedofeito\/wp-json\/wp\/v2\/pages\/35"}],"wp:attachment":[{"href":"https:\/\/blogsaverroes.juntadeandalucia.es\/ceipcarmensedofeito\/wp-json\/wp\/v2\/media?parent=144"}],"curies":[{"name":"wp","href":"https:\/\/api.w.org\/{rel}","templated":true}]}}