{"id":2302,"date":"2025-02-09T16:12:16","date_gmt":"2025-02-09T16:12:16","guid":{"rendered":"https:\/\/blogsaverroes.juntadeandalucia.es\/ceipcarmensedofeito\/?page_id=2302"},"modified":"2025-09-15T12:13:19","modified_gmt":"2025-09-15T11:13:19","slug":"claustro-profesores-as","status":"publish","type":"page","link":"https:\/\/blogsaverroes.juntadeandalucia.es\/ceipcarmensedofeito\/el-centro-2\/claustro-profesores-as\/","title":{"rendered":"CLAUSTRO Profesores\/as"},"content":{"rendered":"<h4>El <span style=\"color: #0000ff\">claustro de profesores<\/span> del CEIP Maestra Carmen Sedofeito del <span style=\"color: #ff0000\">curso escolar 2025\/2026<\/span> queda de la siguiente manera<\/h4>\n<p><strong>INFANTIL<\/strong>:<\/p>\n<ul>\n<li><strong>I3A<\/strong>: D\u00aa Anabel Alc\u00e1ntara Ru\u00edz (coordinadora)<\/li>\n<li><strong>I3B<\/strong>: D\u00aa Ver\u00f3nica Pardo Carrera<\/li>\n<li><strong>I4A<\/strong>: D\u00aa Marta Robles Urbano<\/li>\n<li><strong>I4B<\/strong>: D\u00aa Juana Gema Rodr\u00edguez S\u00e1nchez<\/li>\n<li><strong>I5A<\/strong>: D\u00aa Mar\u00eda Isabel Serv\u00e1n Moreno<\/li>\n<li><strong>I5B<\/strong>: D\u00aa Anabel Fern\u00e1ndez Piatek<\/li>\n<li><strong>Refuerzo educativo<\/strong>: D\u00aa Cristina S\u00e1nchez Gago<\/li>\n<\/ul>\n<p><strong>PRIMER CICLO E.P.:<\/strong><\/p>\n<ul>\n<li><strong>1\u00baA<\/strong>: D\u00aa Roc\u00edo Gallardo Chamorro<\/li>\n<li><strong>1\u00baB<\/strong>: D\u00aa&nbsp; Vanessa Laguna Torrero<\/li>\n<li><strong>1\u00baC<\/strong>: D\u00aa&nbsp; Raquel Torrejimeno Rubio<\/li>\n<li><strong>2\u00baA<\/strong>: D\u00aa M\u00aa Isabel Garc\u00eda L\u00f3pez&nbsp;&nbsp; (coordinadora)<\/li>\n<li><strong>2\u00baB<\/strong>: D\u00aa Pilar De Le\u00f3n Morgado<\/li>\n<li><strong>2\u00baC<\/strong>: D\u00aa Sara Ru\u00edz Alonso &nbsp; (ingl\u00e9s 2\u00ba y 1\u00baA)<\/li>\n<li><strong>Refuerzo educativo<\/strong>:&nbsp; D\u00aa Milagrosa Jim\u00e9nez Carrasco<\/li>\n<\/ul>\n<p><strong>SEGUNDO CICLO E.P.:<\/strong><\/p>\n<ul>\n<li><strong>3\u00baA<\/strong>: D\u00aa Dolores Fern\u00e1ndez Fern\u00e1ndez<\/li>\n<li><strong>3\u00baB<\/strong>: D\u00aa Yolanda Lubi\u00e1n Acal&nbsp; (ingl\u00e9s)<\/li>\n<li><strong>3\u00baC<\/strong>: D\u00aa Vanesa Bermejo G\u00f3mez<\/li>\n<li><strong>4\u00baA<\/strong>: D\u00aa&nbsp; Jos\u00e9 Antonio Delgado Miranda<\/li>\n<li><strong>4\u00baB<\/strong>: D\u00aa&nbsp; In\u00e9s Mar\u00eda De O\u00f1ate S\u00e1nchez<\/li>\n<\/ul>\n<p><strong>TERCER CICLO E.P.:<\/strong><\/p>\n<ul>\n<li><strong>5\u00baA<\/strong>: D\u00aa Inmaculada Garc\u00eda Arcos<\/li>\n<li><strong>5\u00baB<\/strong>: D\u00aa Laura Serrano&nbsp; Mu\u00f1oz&nbsp;&nbsp; (ingl\u00e9s)&nbsp;<\/li>\n<li><strong>5\u00baC<\/strong>: D\u00aa Marta Valduvieco Lobo&nbsp; (E.F.)<\/li>\n<li><strong>6\u00baA<\/strong>: D Manuel S\u00e1nchez Tiz\u00f3n<\/li>\n<li><strong>6\u00baB<\/strong>: D\u00aa Sheila&nbsp; Gonz\u00e1lez Mart\u00ednez (franc\u00e9s)<\/li>\n<li><strong>6\u00baC<\/strong>: D\u00aa Laura Exp\u00f3sito Rebollo (ingl\u00e9s)<\/li>\n<\/ul>\n<p><strong>AULA ESPEC\u00cdFICA<\/strong>:<\/p>\n<ul>\n<li>D\u00aa Gloria Barrero Borrego<\/li>\n<\/ul>\n<p><strong>ESPECIALISTAS<\/strong> sin tutor\u00edas:<\/p>\n<ul>\n<li><strong>M\u00fasica<\/strong>: D\u00aa Raquel Rodr\u00edguez Marchena&nbsp; (coordinadora 2\u00ba ciclo)<\/li>\n<li><strong>PT1<\/strong>: Mar\u00eda Isabel L\u00f3pez Coello<\/li>\n<li><strong>PT2<\/strong>: Mar\u00eda Antonia Silva V\u00e1zquez<\/li>\n<li><strong>AL<\/strong>: D\u00aa Carmen Fern\u00e1ndez Carrillo<\/li>\n<li><strong>E.F.1<\/strong>: D\u00aa Mar\u00eda del Mar Jord\u00e1n G\u00f3mez<\/li>\n<li><strong>E.F<\/strong>.2: D\u00aa Alicia Tocino Bey<\/li>\n<li><strong>Ingl\u00e9s<\/strong>: D\u00aa Raquel V\u00e1zquez Ru\u00edz<\/li>\n<li><strong>Religi\u00f3n1<\/strong>: D. Miguel \u00c1ngel Peri\u00f1\u00e1n Pinto<\/li>\n<li><strong>Religi\u00f3n2<\/strong>: D\u00aa M\u00aa Auxiliadora Garc\u00eda Parra<\/li>\n<li><strong>Religi\u00f3n3<\/strong>: D\u00aa Magdalena Rodr\u00edguez Torres<\/li>\n<\/ul>\n","protected":false},"excerpt":{"rendered":"<p>El claustro de profesores del CEIP Maestra Carmen Sedofeito del curso escolar 2025\/2026 queda de la siguiente manera INFANTIL: I3A: D\u00aa Anabel Alc\u00e1ntara Ru\u00edz (coordinadora)&hellip;<\/p>\n","protected":false},"author":10371,"featured_media":0,"parent":35,"menu_order":1,"comment_status":"closed","ping_status":"closed","template":"","meta":{"ngg_post_thumbnail":0,"footnotes":"","_mc_calendar":[]},"aioseo_notices":[],"_links":{"self":[{"href":"https:\/\/blogsaverroes.juntadeandalucia.es\/ceipcarmensedofeito\/wp-json\/wp\/v2\/pages\/2302"}],"collection":[{"href":"https:\/\/blogsaverroes.juntadeandalucia.es\/ceipcarmensedofeito\/wp-json\/wp\/v2\/pages"}],"about":[{"href":"https:\/\/blogsaverroes.juntadeandalucia.es\/ceipcarmensedofeito\/wp-json\/wp\/v2\/types\/page"}],"author":[{"embeddable":true,"href":"https:\/\/blogsaverroes.juntadeandalucia.es\/ceipcarmensedofeito\/wp-json\/wp\/v2\/users\/10371"}],"replies":[{"embeddable":true,"href":"https:\/\/blogsaverroes.juntadeandalucia.es\/ceipcarmensedofeito\/wp-json\/wp\/v2\/comments?post=2302"}],"version-history":[{"count":13,"href":"https:\/\/blogsaverroes.juntadeandalucia.es\/ceipcarmensedofeito\/wp-json\/wp\/v2\/pages\/2302\/revisions"}],"predecessor-version":[{"id":2595,"href":"https:\/\/blogsaverroes.juntadeandalucia.es\/ceipcarmensedofeito\/wp-json\/wp\/v2\/pages\/2302\/revisions\/2595"}],"up":[{"embeddable":true,"href":"https:\/\/blogsaverroes.juntadeandalucia.es\/ceipcarmensedofeito\/wp-json\/wp\/v2\/pages\/35"}],"wp:attachment":[{"href":"https:\/\/blogsaverroes.juntadeandalucia.es\/ceipcarmensedofeito\/wp-json\/wp\/v2\/media?parent=2302"}],"curies":[{"name":"wp","href":"https:\/\/api.w.org\/{rel}","templated":true}]}}