{"id":2318,"date":"2025-02-09T17:42:02","date_gmt":"2025-02-09T17:42:02","guid":{"rendered":"https:\/\/blogsaverroes.juntadeandalucia.es\/ceipcarmensedofeito\/?page_id=2318"},"modified":"2025-12-10T13:17:00","modified_gmt":"2025-12-10T12:17:00","slug":"tic","status":"publish","type":"page","link":"https:\/\/blogsaverroes.juntadeandalucia.es\/ceipcarmensedofeito\/planes-y-proyectos\/tic\/","title":{"rendered":"Transformaci\u00f3n Digital Educativa (TDE) y Escuela 4.0"},"content":{"rendered":"<p>&nbsp;<\/p>\n<h2><img loading=\"lazy\" decoding=\"async\" class=\"wp-image-3074 alignleft\" src=\"https:\/\/www.juntadeandalucia.es\/educacion\/eaprendizaje\/wp-content\/uploads\/2021\/09\/logo-TED.png\" alt=\"\" width=\"165\" height=\"165\"><span style=\"text-decoration: underline\"><strong>\u00bfEn que consiste TDE? \u00bfY la escuela 4.0?<br \/>\n<\/strong><\/span><\/h2>\n<p>El concepto de <strong>Transformaci\u00f3n Digital Educativa<\/strong> (TDE) incluye todas las actuaciones orientadas a la mejora y modernizaci\u00f3n de los procesos, los procedimientos, los h\u00e1bitos y comportamientos de las organizaciones educativas y de las personas que, haciendo uso de las tecnolog\u00edas digitales, desarrollen su capacidad de hacer frente a los retos de la sociedad actual.<\/p>\n<p>De esta forma, la TDE supondr\u00e1 una contribuci\u00f3n en el aprendizaje competencial en el acceso a las tecnolog\u00edas desde un principio de equidad bas\u00e1ndose en los Marcos de Referencia Europeos relativos a la competencia digital (<em>DigCompOrg, DigCompEdu y DigComp<\/em>) y cuyo uso queda regulado en la <em>Orden de 29 de marzo de 2021<\/em>, por la que se establecen los Marcos de la Competencia Digital en el sistema educativo no universitario de la Comunidad Aut\u00f3noma de Andaluc\u00eda.<\/p>\n<p>A trav\u00e9s de las <strong>escuelas 4.0<\/strong> desde la administraci\u00f3n auton\u00f3mica pretenden dar medidas para impulsar la competencia digital en los centros educativos dando continuidad al proceso de transformaci\u00f3n iniciado en cursos anteriores para convertir los centros en organizaciones digitalmente competentes.&nbsp;<\/p>\n<p>En l\u00ednea con este objetivo, la puesta en marcha de los <strong>Proyectos STEAM 4.0<\/strong> en aquellos centros que impartan ense\u00f1anzas incluidas en el Programa de Cooperaci\u00f3n Territorial C\u00f3digo Escuela 4.0 (segundo ciclo de Educaci\u00f3n Infantil, Educaci\u00f3n Primaria y\/o Educaci\u00f3n Secundaria Obligatoria) se plantea como una medida adicional para impulsar el <span style=\"color: #0000ff\">desarrollo de la competencia digital del alumnado y del profesorado<\/span> a trav\u00e9s del desarrollo del <span style=\"color: #ff0000\">pensamiento computacional, la programaci\u00f3n, la rob\u00f3tica y el buen uso de la inteligencia artificial<\/span>.<\/p>\n<h2><span style=\"text-decoration: underline\"><strong>Elementos de la TDE<\/strong><\/span><\/h2>\n<p><strong>Diagn\u00f3stico de la competencia digital.<\/strong><\/p>\n<p>El profesorado,&nbsp; a trav\u00e9s del Test CDD,&nbsp; puede autodiagnosticar su nivel de competencia digital tomando como referencia la normativa actual. Una vez realizado el Test CDD y con el informe individual que determina su nivel competencial (A1-C2) \u00e9ste podr\u00e1 mejorar dicho nivel competencial a trav\u00e9s de cursos de formaci\u00f3n.<\/p>\n<p><strong>Competencia Digital de Centro.<\/strong><\/p>\n<p>Al comienzo de cada curso escolar cada centro realizar\u00e1 la autoevaluaci\u00f3n de la competencia digital del centro tomando como referencia el Marco DigCompOrg, mediante la cumplimentaci\u00f3n, por parte del equipo directivo o de la persona que coordina TDE, de la r\u00fabrica implementada en el Sistema de Informaci\u00f3n S\u00e9neca.<\/p>\n<p>Esta misma herramienta genera un Informe de R\u00fabrica TDE, reflejando los puntos fuertes y d\u00e9biles del uso de la tecnolog\u00eda que hace el centro educativo y que contiene orientaciones para el desarrollo de actuaciones para la mejora de la competencia digital del centro.<\/p>\n<p><strong>Plan de Actuaci\u00f3n Digital (PAD).<\/strong><\/p>\n<p>Teniendo en cuenta la r\u00fabrica del apartado anterior se elabora el PAD cuyo objetivo general es la planificaci\u00f3n y desarrollo de capacidades digitales eficaces para<strong> mejorar la calidad de la ense\u00f1anza relacionada con las tecnolog\u00edas digitales y favorecer el uso y dise\u00f1o de herramientas digitales<\/strong> aplicadas a las diferentes metodolog\u00edas did\u00e1cticas.&nbsp;&nbsp;&nbsp;&nbsp;&nbsp;&nbsp;&nbsp;&nbsp;&nbsp;&nbsp;<\/p>\n<p>Dicho PAD se estructura en tres \u00e1mbitos de actuaci\u00f3n:<\/p>\n<div class=\"vc_row wpb_row vc_row-fluid vc_row-o-content-middle vc_row-flex\" data-vc-full-width=\"true\" data-vc-full-width-init=\"true\">\n<div class=\"wpb_column vc_column_container vc_col-sm-6\">\n<div class=\"vc_column-inner\">\n<div class=\"wpb_wrapper\">\n<div class=\"wpb_text_column wpb_content_element \">\n<div class=\"wpb_wrapper\">\n<ol>\n<li>Organizaci\u00f3n y gesti\u00f3n de los centros docentes.<\/li>\n<li>Informaci\u00f3n y comunicaci\u00f3n, tanto interna como externa.<\/li>\n<li>Procesos de ense\u00f1anza-aprendizaje.<\/li>\n<\/ol>\n<p>En nuestro centro para el curso 24\/25 el PAD se centr\u00f3 en la consecuci\u00f3n de los siguiente objetivos:<\/p>\n<p>&nbsp;<\/p>\n<\/div>\n<\/div>\n<\/div>\n<\/div>\n<\/div>\n<\/div>\n","protected":false},"excerpt":{"rendered":"<p>&nbsp; \u00bfEn que consiste TDE? \u00bfY la escuela 4.0? El concepto de Transformaci\u00f3n Digital Educativa (TDE) incluye todas las actuaciones orientadas a la mejora y&hellip;<\/p>\n","protected":false},"author":10371,"featured_media":0,"parent":44,"menu_order":0,"comment_status":"closed","ping_status":"closed","template":"","meta":{"ngg_post_thumbnail":0,"footnotes":"","_mc_calendar":[]},"aioseo_notices":[],"_links":{"self":[{"href":"https:\/\/blogsaverroes.juntadeandalucia.es\/ceipcarmensedofeito\/wp-json\/wp\/v2\/pages\/2318"}],"collection":[{"href":"https:\/\/blogsaverroes.juntadeandalucia.es\/ceipcarmensedofeito\/wp-json\/wp\/v2\/pages"}],"about":[{"href":"https:\/\/blogsaverroes.juntadeandalucia.es\/ceipcarmensedofeito\/wp-json\/wp\/v2\/types\/page"}],"author":[{"embeddable":true,"href":"https:\/\/blogsaverroes.juntadeandalucia.es\/ceipcarmensedofeito\/wp-json\/wp\/v2\/users\/10371"}],"replies":[{"embeddable":true,"href":"https:\/\/blogsaverroes.juntadeandalucia.es\/ceipcarmensedofeito\/wp-json\/wp\/v2\/comments?post=2318"}],"version-history":[{"count":13,"href":"https:\/\/blogsaverroes.juntadeandalucia.es\/ceipcarmensedofeito\/wp-json\/wp\/v2\/pages\/2318\/revisions"}],"predecessor-version":[{"id":2641,"href":"https:\/\/blogsaverroes.juntadeandalucia.es\/ceipcarmensedofeito\/wp-json\/wp\/v2\/pages\/2318\/revisions\/2641"}],"up":[{"embeddable":true,"href":"https:\/\/blogsaverroes.juntadeandalucia.es\/ceipcarmensedofeito\/wp-json\/wp\/v2\/pages\/44"}],"wp:attachment":[{"href":"https:\/\/blogsaverroes.juntadeandalucia.es\/ceipcarmensedofeito\/wp-json\/wp\/v2\/media?parent=2318"}],"curies":[{"name":"wp","href":"https:\/\/api.w.org\/{rel}","templated":true}]}}