{"id":2328,"date":"2025-02-09T18:27:56","date_gmt":"2025-02-09T18:27:56","guid":{"rendered":"https:\/\/blogsaverroes.juntadeandalucia.es\/ceipcarmensedofeito\/?page_id=2328"},"modified":"2025-03-13T12:43:08","modified_gmt":"2025-03-13T11:43:08","slug":"consejo-escolar","status":"publish","type":"page","link":"https:\/\/blogsaverroes.juntadeandalucia.es\/ceipcarmensedofeito\/el-centro-2\/consejo-escolar\/","title":{"rendered":"CONSEJO ESCOLAR"},"content":{"rendered":"<p><a href=\"https:\/\/blogsaverroes.juntadeandalucia.es\/ceipcarmensedofeito\/files\/2025\/02\/cons-esc.jpeg\"><img loading=\"lazy\" decoding=\"async\" class=\" wp-image-2363 alignleft\" src=\"https:\/\/blogsaverroes.juntadeandalucia.es\/ceipcarmensedofeito\/files\/2025\/02\/cons-esc.jpeg\" alt=\"\" width=\"356\" height=\"204\"><\/a><strong>El Consejo Escolar de Andaluc\u00eda<\/strong> es el \u00f3rgano superior de participaci\u00f3n democr\u00e1tica en la programaci\u00f3n de las ense\u00f1anzas de los niveles no universitarios en la Comunidad Aut\u00f3noma de Andaluc\u00eda. Constituye, por ello, la v\u00eda institucional para la participaci\u00f3n de la comunidad educativa (padres y madres, alumnado, profesorado, personal de administraci\u00f3n y servicios)<\/p>\n<p>Como instituci\u00f3n de la Junta de Andaluc\u00eda, depende org\u00e1nicamente de la Consejer\u00eda de Desarrollo Educativo y Formaci\u00f3n Profesional, si bien goza de total autonom\u00eda en todo lo referente a las deliberaciones dentro de sus Comisiones y Pleno y en las orientaciones, propuestas y sugerencias que emite a trav\u00e9s de Dict\u00e1menes e Informes.<\/p>\n<p>El consejo escolar de nuestro centro est\u00e1 formado por:<\/p>\n<table style=\"border-collapse: collapse;width: 100%\">\n<tbody>\n<tr>\n<td style=\"width: 50%\"><strong>Equipo directivo<\/strong>:<\/p>\n<ul>\n<li>\n<ul>\n<li>\n<ul>\n<li>\n<ul>\n<li>\n<ul>\n<li>&nbsp;Raquel M\u00aa V\u00e1zquez Ru\u00edz<\/li>\n<li>Vanesa Bermejo G\u00f3mez<\/li>\n<li>Raquel Torrejimeno Rubio<\/li>\n<\/ul>\n<\/li>\n<\/ul>\n<\/li>\n<\/ul>\n<\/li>\n<\/ul>\n<\/li>\n<\/ul>\n<\/td>\n<td style=\"width: 50%\"><strong>Representantes administraci\u00f3n<\/strong>:<\/p>\n<ul>\n<li>\n<ul>\n<li>\n<ul>\n<li>\n<ul>\n<li>\n<ul>\n<li>Jos\u00e9 Villalba Portillo<\/li>\n<li>M\u00aa Jes\u00fas Mu\u00f1oz Gonz\u00e1lez<\/li>\n<\/ul>\n<\/li>\n<\/ul>\n<\/li>\n<\/ul>\n<\/li>\n<\/ul>\n<\/li>\n<\/ul>\n<\/td>\n<\/tr>\n<tr>\n<td style=\"width: 50%\"><strong>Profesorado<\/strong>:<\/p>\n<ul>\n<li>\n<ul>\n<li>\n<ul>\n<li>\n<ul>\n<li>\n<ul>\n<li>Ana Isabel Alc\u00e1ntara Ru\u00edz<\/li>\n<li>Ana Isabel Fern\u00e1ndez Piatek<\/li>\n<li>Miguel \u00c1ngel Peri\u00f1\u00e1n Pinto<\/li>\n<li>Marta Robles Urbano<\/li>\n<li>M\u00aa Dolores Fern\u00e1ndez Fern\u00e1ndez<\/li>\n<li>M\u00aa Isabel L\u00f3pez Coello<\/li>\n<li>Manuel S\u00e1nchez Tiz\u00f3n<\/li>\n<li>M\u00aa Antonia Silva V\u00e1zquez<\/li>\n<\/ul>\n<\/li>\n<\/ul>\n<\/li>\n<\/ul>\n<\/li>\n<\/ul>\n<\/li>\n<\/ul>\n<\/td>\n<td style=\"width: 50%\"><strong>Representantes familias<\/strong>:<\/p>\n<ul>\n<li>\n<ul>\n<li>\n<ul>\n<li>\n<ul>\n<li>\n<ul>\n<li>Manuela Cana Soriano<\/li>\n<li>M\u00aa \u00c1ngeles D\u00edaz Z\u00e1jara<\/li>\n<li>Isabe M\u00aa Gonz\u00e1lez Correa<\/li>\n<li>Irene Jorge Ariza<\/li>\n<li>Gustavo Adolfo Olmo Gonz\u00e1lez<\/li>\n<li>David P\u00e9rez Alias<\/li>\n<li>Raquel Rosario Ram\u00edrez Pan<\/li>\n<li>Inmaculada S\u00e1nchez Gil<\/li>\n<\/ul>\n<\/li>\n<\/ul>\n<\/li>\n<\/ul>\n<\/li>\n<\/ul>\n<\/li>\n<\/ul>\n<\/td>\n<\/tr>\n<\/tbody>\n<\/table>\n<p>&nbsp; Si quieres conocer las funciones del consejo escolar pulsa en el siguiente enlace:&nbsp;&nbsp; <a href=\"https:\/\/portales.ced.junta-andalucia.es\/educacion\/portales\/web\/consejo-escolar-de-andalucia\/el-consejo\/funciones\">FUNCIONES DEL C.O. <\/a><\/p>\n<p>&nbsp;<\/p>\n<ul>\n<li style=\"list-style-type: none\">\n<ul>\n<li style=\"list-style-type: none\">\n<ul>\n<li style=\"list-style-type: none\">\n<ul>\n<li style=\"list-style-type: none\">&nbsp;<\/li>\n<\/ul>\n<\/li>\n<\/ul>\n<\/li>\n<\/ul>\n<\/li>\n<\/ul>\n<ul>\n<li style=\"list-style-type: none\">\n<ul>\n<li style=\"list-style-type: none\">\n<ul>\n<li style=\"list-style-type: none\">\n<ul>\n<li style=\"list-style-type: none\">&nbsp;<\/li>\n<\/ul>\n<\/li>\n<\/ul>\n<\/li>\n<\/ul>\n<\/li>\n<\/ul>\n<p>&nbsp;<\/p>\n<p>&nbsp;<\/p>\n","protected":false},"excerpt":{"rendered":"<p>El Consejo Escolar de Andaluc\u00eda es el \u00f3rgano superior de participaci\u00f3n democr\u00e1tica en la programaci\u00f3n de las ense\u00f1anzas de los niveles no universitarios en la&hellip;<\/p>\n","protected":false},"author":10371,"featured_media":0,"parent":35,"menu_order":0,"comment_status":"closed","ping_status":"closed","template":"","meta":{"ngg_post_thumbnail":0,"footnotes":"","_mc_calendar":[]},"aioseo_notices":[],"_links":{"self":[{"href":"https:\/\/blogsaverroes.juntadeandalucia.es\/ceipcarmensedofeito\/wp-json\/wp\/v2\/pages\/2328"}],"collection":[{"href":"https:\/\/blogsaverroes.juntadeandalucia.es\/ceipcarmensedofeito\/wp-json\/wp\/v2\/pages"}],"about":[{"href":"https:\/\/blogsaverroes.juntadeandalucia.es\/ceipcarmensedofeito\/wp-json\/wp\/v2\/types\/page"}],"author":[{"embeddable":true,"href":"https:\/\/blogsaverroes.juntadeandalucia.es\/ceipcarmensedofeito\/wp-json\/wp\/v2\/users\/10371"}],"replies":[{"embeddable":true,"href":"https:\/\/blogsaverroes.juntadeandalucia.es\/ceipcarmensedofeito\/wp-json\/wp\/v2\/comments?post=2328"}],"version-history":[{"count":5,"href":"https:\/\/blogsaverroes.juntadeandalucia.es\/ceipcarmensedofeito\/wp-json\/wp\/v2\/pages\/2328\/revisions"}],"predecessor-version":[{"id":2435,"href":"https:\/\/blogsaverroes.juntadeandalucia.es\/ceipcarmensedofeito\/wp-json\/wp\/v2\/pages\/2328\/revisions\/2435"}],"up":[{"embeddable":true,"href":"https:\/\/blogsaverroes.juntadeandalucia.es\/ceipcarmensedofeito\/wp-json\/wp\/v2\/pages\/35"}],"wp:attachment":[{"href":"https:\/\/blogsaverroes.juntadeandalucia.es\/ceipcarmensedofeito\/wp-json\/wp\/v2\/media?parent=2328"}],"curies":[{"name":"wp","href":"https:\/\/api.w.org\/{rel}","templated":true}]}}