{"id":2533,"date":"2025-04-25T12:00:58","date_gmt":"2025-04-25T11:00:58","guid":{"rendered":"https:\/\/blogsaverroes.juntadeandalucia.es\/ceipcarmensedofeito\/?page_id=2533"},"modified":"2025-04-25T12:35:20","modified_gmt":"2025-04-25T11:35:20","slug":"curso-actual","status":"publish","type":"page","link":"https:\/\/blogsaverroes.juntadeandalucia.es\/ceipcarmensedofeito\/planes-y-proyectos\/tic\/curso-actual\/","title":{"rendered":"Curso actual"},"content":{"rendered":"<h4>Dentro de las propuestas del PAD para trabajar el presente curso escolar se decidi\u00f3 priorizar:<\/h4>\n<ul>\n<li>Formaci\u00f3n del profesorado en el uso del \u00ab<strong>Cuaderno de S\u00e9neca<\/strong>\u00ab. <span style=\"font-weight: 400\">Profundizar en la formaci\u00f3n en Cuaderno de S\u00e9neca.<\/span><\/li>\n<li><strong>Optimizar<\/strong> los recursos disponibles en el centro. En el caso de los ordenadores port\u00e1tiles se decidi\u00f3 repartir por niveles de forma que cada nivel cuenta con un carro de autocarga con 25 ordenadores port\u00e1tiles con Guadalinex de forma que el profesorado que forma parte del nivel custodie dichos port\u00e1tiles y la llave del carro as\u00ed como que elaboren su propio cuadrante de uso de dichos port\u00e1tiles.<\/li>\n<li>Elaboraci\u00f3n de una <strong>gu\u00eda sobre el uso de distintas herramientas<\/strong> a lo largo de toda la primaria para darlo a conocer a todo el profesorado.&nbsp; <span style=\"font-weight: 400\">Continuar fomentando el uso de herramientas TIC y webs interesantes para su uso en el aula.<\/span><\/li>\n<li><span style=\"font-weight: 400\">Cambiar el Sites del centro por una <\/span><b>web de Averroes<\/b><span style=\"font-weight: 400\">.<\/span><\/li>\n<li><strong>Intercambiar experiencias<\/strong> con otros centros educativos.<\/li>\n<li><span style=\"font-weight: 400\">Establecer la <strong>mentorizaci\u00f3n<\/strong> entre maestros y trabajo cooperativo que favorezcan el cambio metodol\u00f3gico.<\/span><\/li>\n<li>Dar una uso m\u00e1s eficiente al correo del colegio creando <strong>unidades compartidas<\/strong> en Drive para facilitar la informaci\u00f3n a todo el claustro.<\/li>\n<li><strong>Hora del genio<\/strong>. Por parte del maestro Manolo Tiz\u00f3n del centro se da respuesta al alumnado de altas capacidades en determinados momentos de la jornada escolar semanal.<\/li>\n<li><span style=\"font-weight: 400\">Iniciar formaci\u00f3n a las familias para la realizaci\u00f3n de<strong> matr\u00edculas on-line<\/strong> o cualquier otro documento administrativo relacionado con el centro escolar.<\/span><\/li>\n<\/ul>\n","protected":false},"excerpt":{"rendered":"<p>Dentro de las propuestas del PAD para trabajar el presente curso escolar se decidi\u00f3 priorizar: Formaci\u00f3n del profesorado en el uso del \u00abCuaderno de S\u00e9neca\u00ab.&hellip;<\/p>\n","protected":false},"author":10371,"featured_media":0,"parent":2318,"menu_order":0,"comment_status":"closed","ping_status":"closed","template":"","meta":{"ngg_post_thumbnail":0,"footnotes":"","_mc_calendar":[]},"aioseo_notices":[],"_links":{"self":[{"href":"https:\/\/blogsaverroes.juntadeandalucia.es\/ceipcarmensedofeito\/wp-json\/wp\/v2\/pages\/2533"}],"collection":[{"href":"https:\/\/blogsaverroes.juntadeandalucia.es\/ceipcarmensedofeito\/wp-json\/wp\/v2\/pages"}],"about":[{"href":"https:\/\/blogsaverroes.juntadeandalucia.es\/ceipcarmensedofeito\/wp-json\/wp\/v2\/types\/page"}],"author":[{"embeddable":true,"href":"https:\/\/blogsaverroes.juntadeandalucia.es\/ceipcarmensedofeito\/wp-json\/wp\/v2\/users\/10371"}],"replies":[{"embeddable":true,"href":"https:\/\/blogsaverroes.juntadeandalucia.es\/ceipcarmensedofeito\/wp-json\/wp\/v2\/comments?post=2533"}],"version-history":[{"count":3,"href":"https:\/\/blogsaverroes.juntadeandalucia.es\/ceipcarmensedofeito\/wp-json\/wp\/v2\/pages\/2533\/revisions"}],"predecessor-version":[{"id":2536,"href":"https:\/\/blogsaverroes.juntadeandalucia.es\/ceipcarmensedofeito\/wp-json\/wp\/v2\/pages\/2533\/revisions\/2536"}],"up":[{"embeddable":true,"href":"https:\/\/blogsaverroes.juntadeandalucia.es\/ceipcarmensedofeito\/wp-json\/wp\/v2\/pages\/2318"}],"wp:attachment":[{"href":"https:\/\/blogsaverroes.juntadeandalucia.es\/ceipcarmensedofeito\/wp-json\/wp\/v2\/media?parent=2533"}],"curies":[{"name":"wp","href":"https:\/\/api.w.org\/{rel}","templated":true}]}}