{"id":2644,"date":"2025-12-10T13:33:50","date_gmt":"2025-12-10T12:33:50","guid":{"rendered":"https:\/\/blogsaverroes.juntadeandalucia.es\/ceipcarmensedofeito\/?page_id=2644"},"modified":"2025-12-10T13:33:50","modified_gmt":"2025-12-10T12:33:50","slug":"aldea","status":"publish","type":"page","link":"https:\/\/blogsaverroes.juntadeandalucia.es\/ceipcarmensedofeito\/planes-y-proyectos\/aldea\/","title":{"rendered":"Aldea"},"content":{"rendered":"<div data-subtree=\"aimfl\"><a href=\"https:\/\/blogsaverroes.juntadeandalucia.es\/ceipcarmensedofeito\/files\/2025\/12\/aldea.jpeg\"><img loading=\"lazy\" decoding=\"async\" class=\"alignnone size-full wp-image-2645\" src=\"https:\/\/blogsaverroes.juntadeandalucia.es\/ceipcarmensedofeito\/files\/2025\/12\/aldea.jpeg\" alt=\"\" width=\"276\" height=\"183\"><\/a><\/div>\n<div data-subtree=\"aimfl\">&nbsp;<\/div>\n<div data-subtree=\"aimfl\">El programa Aldea de la Junta de Andaluc\u00eda <mark class=\"HxTRcb\">es un programa de educaci\u00f3n ambiental que busca promover la sostenibilidad en la comunidad educativa andaluza<\/mark>.<\/div>\n<div data-subtree=\"aimfl\">Se estructura en diversas l\u00edneas de intervenci\u00f3n y proyectos para integrar la educaci\u00f3n ambiental en las aulas, abordando temas como el cambio clim\u00e1tico, la biodiversidad, la gesti\u00f3n de residuos y la creaci\u00f3n de huertos escolares. El objetivo es que los centros educativos sean m\u00e1s sostenibles y que el alumnado desarrolle competencias ecosociales.<\/p>\n<\/div>\n<div data-subtree=\"aimfl\"><a href=\"https:\/\/www.juntadeandalucia.es\/educacion\/portals\/delegate\/content\/75681a95-3ba3-469c-9ed9-416a4e87d574\/00_Folleto%20ALDEA%202021-2022\" target=\"_blank\" rel=\"noopener\">Programa Aldea Junta de Andaluc\u00eda<\/a><\/div>\n<div data-subtree=\"aimfl\">&nbsp;<\/div>\n<div data-subtree=\"aimfl\">En nuestro centro educativo se est\u00e1 llevando a cabo el <span style=\"color: #008000\">huerto escolar<\/span> en infantil dentro de este programa de educaci\u00f3n ambiental que lo gestiona la profesora D\u00aa Anabel Alc\u00e1ntara.<\/div>\n","protected":false},"excerpt":{"rendered":"<p>&nbsp; El programa Aldea de la Junta de Andaluc\u00eda es un programa de educaci\u00f3n ambiental que busca promover la sostenibilidad en la comunidad educativa andaluza.&hellip;<\/p>\n","protected":false},"author":10371,"featured_media":0,"parent":44,"menu_order":0,"comment_status":"closed","ping_status":"closed","template":"","meta":{"ngg_post_thumbnail":0,"footnotes":"","_mc_calendar":[]},"aioseo_notices":[],"_links":{"self":[{"href":"https:\/\/blogsaverroes.juntadeandalucia.es\/ceipcarmensedofeito\/wp-json\/wp\/v2\/pages\/2644"}],"collection":[{"href":"https:\/\/blogsaverroes.juntadeandalucia.es\/ceipcarmensedofeito\/wp-json\/wp\/v2\/pages"}],"about":[{"href":"https:\/\/blogsaverroes.juntadeandalucia.es\/ceipcarmensedofeito\/wp-json\/wp\/v2\/types\/page"}],"author":[{"embeddable":true,"href":"https:\/\/blogsaverroes.juntadeandalucia.es\/ceipcarmensedofeito\/wp-json\/wp\/v2\/users\/10371"}],"replies":[{"embeddable":true,"href":"https:\/\/blogsaverroes.juntadeandalucia.es\/ceipcarmensedofeito\/wp-json\/wp\/v2\/comments?post=2644"}],"version-history":[{"count":1,"href":"https:\/\/blogsaverroes.juntadeandalucia.es\/ceipcarmensedofeito\/wp-json\/wp\/v2\/pages\/2644\/revisions"}],"predecessor-version":[{"id":2646,"href":"https:\/\/blogsaverroes.juntadeandalucia.es\/ceipcarmensedofeito\/wp-json\/wp\/v2\/pages\/2644\/revisions\/2646"}],"up":[{"embeddable":true,"href":"https:\/\/blogsaverroes.juntadeandalucia.es\/ceipcarmensedofeito\/wp-json\/wp\/v2\/pages\/44"}],"wp:attachment":[{"href":"https:\/\/blogsaverroes.juntadeandalucia.es\/ceipcarmensedofeito\/wp-json\/wp\/v2\/media?parent=2644"}],"curies":[{"name":"wp","href":"https:\/\/api.w.org\/{rel}","templated":true}]}}