{"id":424,"date":"2015-03-20T07:05:20","date_gmt":"2015-03-20T07:05:20","guid":{"rendered":"http:\/\/blogsaverroes.juntadeandalucia.es\/pre\/ceip\/?page_id=424"},"modified":"2025-03-20T11:57:43","modified_gmt":"2025-03-20T10:57:43","slug":"educacion-infantil","status":"publish","type":"page","link":"https:\/\/blogsaverroes.juntadeandalucia.es\/ceipcarmensedofeito\/educacion-infantil\/","title":{"rendered":"Educaci\u00f3n infantil"},"content":{"rendered":"<p><a href=\"https:\/\/blogsaverroes.juntadeandalucia.es\/ceipcarmensedofeito\/files\/2025\/03\/cicloinfantil.jpeg\"><img loading=\"lazy\" decoding=\"async\" class=\"wp-image-2480 aligncenter\" src=\"https:\/\/blogsaverroes.juntadeandalucia.es\/ceipcarmensedofeito\/files\/2025\/03\/cicloinfantil-300x89.jpeg\" alt=\"\" width=\"651\" height=\"193\" srcset=\"https:\/\/blogsaverroes.juntadeandalucia.es\/ceipcarmensedofeito\/files\/2025\/03\/cicloinfantil-300x89.jpeg 300w, https:\/\/blogsaverroes.juntadeandalucia.es\/ceipcarmensedofeito\/files\/2025\/03\/cicloinfantil.jpeg 412w\" sizes=\"(max-width: 651px) 100vw, 651px\" \/><\/a><\/p>\n<p>La Educaci\u00f3n Infantil&nbsp;es la etapa educativa que atiende a ni\u00f1as y ni\u00f1os <strong>desde el nacimiento hasta los seis a\u00f1os <\/strong>con la finalidad de contribuir a su desarrollo f\u00edsico, afectivo, social e intelectual. Se ordena en dos ciclos: el primero comprende hasta los tres a\u00f1os; <strong><span style=\"color: #993366\">el segundo,<\/span> que es gratuito, va&nbsp;<span style=\"color: #800080\">desde los tres a los seis a\u00f1os<\/span> de edad.<\/strong><\/p>\n<p>Teniendo&nbsp;<strong>car\u00e1cter voluntario<\/strong>, este segundo ciclo se ha generalizado en toda Espa\u00f1a. La escolarizaci\u00f3n temprana se considera un gran logro que incidir\u00e1 positivamente en la mejora del rendimiento escolar futuro.<\/p>\n<p>En&nbsp;los dos&nbsp;ciclos de la Educaci\u00f3n Infantil se atiende progresivamente al desarrollo afectivo, al movimiento y a los h\u00e1bitos de control corporal, a las manifestaciones de la comunicaci\u00f3n y del lenguaje, a las pautas elementales de convivencia y relaci\u00f3n social, as\u00ed como al descubrimiento de las caracter\u00edsticas f\u00edsicas y sociales del medio. Adem\u00e1s se&nbsp;propicia que ni\u00f1as y ni\u00f1os&nbsp;logren una imagen positiva y equilibrada de s\u00ed mismos&nbsp;y adquieran autonom\u00eda personal.<\/p>\n<p>&nbsp;<\/p>\n","protected":false},"excerpt":{"rendered":"<p>La Educaci\u00f3n Infantil&nbsp;es la etapa educativa que atiende a ni\u00f1as y ni\u00f1os desde el nacimiento hasta los seis a\u00f1os con la finalidad de contribuir a&hellip;<\/p>\n","protected":false},"author":1,"featured_media":0,"parent":0,"menu_order":0,"comment_status":"closed","ping_status":"open","template":"","meta":{"ngg_post_thumbnail":0,"footnotes":"","_mc_calendar":[]},"aioseo_notices":[],"_links":{"self":[{"href":"https:\/\/blogsaverroes.juntadeandalucia.es\/ceipcarmensedofeito\/wp-json\/wp\/v2\/pages\/424"}],"collection":[{"href":"https:\/\/blogsaverroes.juntadeandalucia.es\/ceipcarmensedofeito\/wp-json\/wp\/v2\/pages"}],"about":[{"href":"https:\/\/blogsaverroes.juntadeandalucia.es\/ceipcarmensedofeito\/wp-json\/wp\/v2\/types\/page"}],"author":[{"embeddable":true,"href":"https:\/\/blogsaverroes.juntadeandalucia.es\/ceipcarmensedofeito\/wp-json\/wp\/v2\/users\/1"}],"replies":[{"embeddable":true,"href":"https:\/\/blogsaverroes.juntadeandalucia.es\/ceipcarmensedofeito\/wp-json\/wp\/v2\/comments?post=424"}],"version-history":[{"count":3,"href":"https:\/\/blogsaverroes.juntadeandalucia.es\/ceipcarmensedofeito\/wp-json\/wp\/v2\/pages\/424\/revisions"}],"predecessor-version":[{"id":2482,"href":"https:\/\/blogsaverroes.juntadeandalucia.es\/ceipcarmensedofeito\/wp-json\/wp\/v2\/pages\/424\/revisions\/2482"}],"wp:attachment":[{"href":"https:\/\/blogsaverroes.juntadeandalucia.es\/ceipcarmensedofeito\/wp-json\/wp\/v2\/media?parent=424"}],"curies":[{"name":"wp","href":"https:\/\/api.w.org\/{rel}","templated":true}]}}