{"id":428,"date":"2015-03-20T07:06:21","date_gmt":"2015-03-20T07:06:21","guid":{"rendered":"http:\/\/blogsaverroes.juntadeandalucia.es\/pre\/ceip\/?page_id=428"},"modified":"2025-03-20T11:46:38","modified_gmt":"2025-03-20T10:46:38","slug":"ed-primaria-1o-ciclo","status":"publish","type":"page","link":"https:\/\/blogsaverroes.juntadeandalucia.es\/ceipcarmensedofeito\/ed-primaria-1o-ciclo\/","title":{"rendered":"E.P. 1\u00ba ciclo"},"content":{"rendered":"<p><a href=\"https:\/\/blogsaverroes.juntadeandalucia.es\/ceipcarmensedofeito\/files\/2025\/03\/ciclo1.jpeg\"><img loading=\"lazy\" decoding=\"async\" class=\"wp-image-2467 aligncenter\" src=\"https:\/\/blogsaverroes.juntadeandalucia.es\/ceipcarmensedofeito\/files\/2025\/03\/ciclo1.jpeg\" alt=\"\" width=\"356\" height=\"262\"><\/a><\/p>\n<p>Os pasamos los enlaces a los criterios de evaluaci\u00f3n de cada una de las \u00e1reas que se imparten en el primer ciclo:<\/p>\n<p><a href=\"https:\/\/drive.google.com\/file\/d\/1sa5GTsOKvXetiBhBWbWOMr3TJlXPX48D\/view?usp=sharing\" target=\"_blank\" rel=\"noopener\">Criteros de evaluaci\u00f3n LENGUA<\/a><\/p>\n<p><a href=\"https:\/\/drive.google.com\/file\/d\/1Gt7_8xQRhIyg5R_TG5kX_A53ig5ZfBoI\/view?usp=sharing\">Criterios de evaluaci\u00f3n MATEM\u00c1TICAS<\/a><\/p>\n<p><a href=\"https:\/\/drive.google.com\/file\/d\/1nDpeOIzAXvVcASYg031CFw7f1AZRjNkC\/view?usp=sharing\">Criterios de evaluaci\u00f3n INGL\u00c9S<\/a><\/p>\n<p><a href=\"https:\/\/drive.google.com\/file\/d\/1O4b4rTGIMsqDbJnJWzk6J6wtvZ747-Dk\/view?usp=sharing\">Criterios de evaluaci\u00f3n CONOCIMIENTO del MEDIO<\/a><\/p>\n<p><a href=\"https:\/\/drive.google.com\/file\/d\/1cTj8c8QI9zA6Nm8mGWcZiGOAi9yd2bbH\/view?usp=sharing\">Criterios de evaluaci\u00f3n E.F.<\/a><\/p>\n<p><a href=\"https:\/\/drive.google.com\/file\/d\/1sJFlyQR5_MMbCU96tKoA5lPIYejymlv0\/view?usp=sharing\">Criterios de evaluaci\u00f3n ART\u00cdSTICA<\/a><\/p>\n<p>&nbsp;<\/p>\n","protected":false},"excerpt":{"rendered":"<p>Os pasamos los enlaces a los criterios de evaluaci\u00f3n de cada una de las \u00e1reas que se imparten en el primer ciclo: Criteros de evaluaci\u00f3n&hellip;<\/p>\n","protected":false},"author":1,"featured_media":0,"parent":0,"menu_order":0,"comment_status":"closed","ping_status":"open","template":"","meta":{"ngg_post_thumbnail":0,"footnotes":"","_mc_calendar":[]},"aioseo_notices":[],"_links":{"self":[{"href":"https:\/\/blogsaverroes.juntadeandalucia.es\/ceipcarmensedofeito\/wp-json\/wp\/v2\/pages\/428"}],"collection":[{"href":"https:\/\/blogsaverroes.juntadeandalucia.es\/ceipcarmensedofeito\/wp-json\/wp\/v2\/pages"}],"about":[{"href":"https:\/\/blogsaverroes.juntadeandalucia.es\/ceipcarmensedofeito\/wp-json\/wp\/v2\/types\/page"}],"author":[{"embeddable":true,"href":"https:\/\/blogsaverroes.juntadeandalucia.es\/ceipcarmensedofeito\/wp-json\/wp\/v2\/users\/1"}],"replies":[{"embeddable":true,"href":"https:\/\/blogsaverroes.juntadeandalucia.es\/ceipcarmensedofeito\/wp-json\/wp\/v2\/comments?post=428"}],"version-history":[{"count":12,"href":"https:\/\/blogsaverroes.juntadeandalucia.es\/ceipcarmensedofeito\/wp-json\/wp\/v2\/pages\/428\/revisions"}],"predecessor-version":[{"id":2472,"href":"https:\/\/blogsaverroes.juntadeandalucia.es\/ceipcarmensedofeito\/wp-json\/wp\/v2\/pages\/428\/revisions\/2472"}],"wp:attachment":[{"href":"https:\/\/blogsaverroes.juntadeandalucia.es\/ceipcarmensedofeito\/wp-json\/wp\/v2\/media?parent=428"}],"curies":[{"name":"wp","href":"https:\/\/api.w.org\/{rel}","templated":true}]}}