{"id":871,"date":"2015-03-16T07:25:46","date_gmt":"2015-03-16T07:25:46","guid":{"rendered":"http:\/\/blogsaverroes.juntadeandalucia.es\/pre\/ceip\/?page_id=106"},"modified":"2025-02-20T11:46:00","modified_gmt":"2025-02-20T10:46:00","slug":"actividades-extraescolares","status":"publish","type":"page","link":"https:\/\/blogsaverroes.juntadeandalucia.es\/ceipcarmensedofeito\/actividades-extraescolares\/","title":{"rendered":"Actividades extraescolares"},"content":{"rendered":"<h4>INFORMACI\u00d3N GENERAL SOBRE ACTIVIDADES EXTRAESCOLARES<\/h4>\n<p style=\"text-align: left\"><a href=\"https:\/\/blogsaverroes.juntadeandalucia.es\/ceipcarmensedofeito\/files\/2015\/03\/talleres.jpg\"><img loading=\"lazy\" decoding=\"async\" class=\" alignnone wp-image-228 size-medium alignleft\" src=\"https:\/\/blogsaverroes.juntadeandalucia.es\/ceipcarmensedofeito\/files\/2015\/03\/talleres-300x199.jpg\" alt=\"\" width=\"300\" height=\"199\" srcset=\"https:\/\/blogsaverroes.juntadeandalucia.es\/ceipcarmensedofeito\/files\/2015\/03\/talleres-300x199.jpg 300w, https:\/\/blogsaverroes.juntadeandalucia.es\/ceipcarmensedofeito\/files\/2015\/03\/talleres-1024x682.jpg 1024w, https:\/\/blogsaverroes.juntadeandalucia.es\/ceipcarmensedofeito\/files\/2015\/03\/talleres.jpg 1280w\" sizes=\"(max-width: 300px) 100vw, 300px\" \/><\/a>Las actividades extraescolares tienen lugar en <span style=\"color: #ff0000\">horario de tarde<\/span>, hasta las 18.00, y abarcan aspectos como el deporte, la m\u00fasica, la inform\u00e1tica, los idiomas, la danza o el teatro, entre otras actividades l\u00fadicas y formativas.<\/p>\n<p>En concreto durante este curso escolar 24\/25 las actividades que se est\u00e1n llevando a cabo son:<\/p>\n<ul>\n<li style=\"list-style-type: none\">\n<ul>\n<li style=\"list-style-type: none\">\n<ul>\n<li style=\"list-style-type: none\">\n<ul>\n<li style=\"list-style-type: none\">\n<ul>\n<li style=\"list-style-type: none\">\n<ul>\n<li style=\"list-style-type: none\">\n<ul>\n<li>Manualidades<\/li>\n<li>Multideporte<\/li>\n<li>Dibujo y pintura<\/li>\n<li>F\u00fatbol<\/li>\n<li>Gimnasia r\u00edtmica.<\/li>\n<li>Baile<\/li>\n<\/ul>\n<\/li>\n<\/ul>\n<\/li>\n<\/ul>\n<\/li>\n<\/ul>\n<\/li>\n<\/ul>\n<\/li>\n<\/ul>\n<\/li>\n<\/ul>\n<p>Para hacer posible la realizaci\u00f3n de estas actividades fuera del horario lectivo, los centros pueden abrir sus instalaciones hasta las 18.00 todos los d\u00edas lectivos con excepci\u00f3n de los viernes, en los que el cierre se establece a las 16.00. La empresa que se dedica a ofertar y llevar a cabo estas actividades en nuestro centro escolar es: \u00c1ngeles Romero Bey.<\/p>\n<p>El coste de estas actividades es de <strong>17,51\u20ac al mes<\/strong> aunque se pueden conseguir bonificaciones <strong>s\u00f3lo<\/strong> para <span style=\"color: #3366ff\">la primera actividad<\/span>.<\/p>\n<p><a href=\"https:\/\/portales.ced.junta-andalucia.es\/educacion\/portales\/familias\/servicios-complementarios\/actividades-extraescolares\">NORMATIVA<\/a><\/p>\n","protected":false},"excerpt":{"rendered":"<p>INFORMACI\u00d3N GENERAL SOBRE ACTIVIDADES EXTRAESCOLARES Las actividades extraescolares tienen lugar en horario de tarde, hasta las 18.00, y abarcan aspectos como el deporte, la m\u00fasica,&hellip;<\/p>\n","protected":false},"author":1,"featured_media":0,"parent":0,"menu_order":0,"comment_status":"closed","ping_status":"open","template":"","meta":{"ngg_post_thumbnail":0,"footnotes":"","_mc_calendar":[]},"aioseo_notices":[],"_links":{"self":[{"href":"https:\/\/blogsaverroes.juntadeandalucia.es\/ceipcarmensedofeito\/wp-json\/wp\/v2\/pages\/871"}],"collection":[{"href":"https:\/\/blogsaverroes.juntadeandalucia.es\/ceipcarmensedofeito\/wp-json\/wp\/v2\/pages"}],"about":[{"href":"https:\/\/blogsaverroes.juntadeandalucia.es\/ceipcarmensedofeito\/wp-json\/wp\/v2\/types\/page"}],"author":[{"embeddable":true,"href":"https:\/\/blogsaverroes.juntadeandalucia.es\/ceipcarmensedofeito\/wp-json\/wp\/v2\/users\/1"}],"replies":[{"embeddable":true,"href":"https:\/\/blogsaverroes.juntadeandalucia.es\/ceipcarmensedofeito\/wp-json\/wp\/v2\/comments?post=871"}],"version-history":[{"count":9,"href":"https:\/\/blogsaverroes.juntadeandalucia.es\/ceipcarmensedofeito\/wp-json\/wp\/v2\/pages\/871\/revisions"}],"predecessor-version":[{"id":2392,"href":"https:\/\/blogsaverroes.juntadeandalucia.es\/ceipcarmensedofeito\/wp-json\/wp\/v2\/pages\/871\/revisions\/2392"}],"wp:attachment":[{"href":"https:\/\/blogsaverroes.juntadeandalucia.es\/ceipcarmensedofeito\/wp-json\/wp\/v2\/media?parent=871"}],"curies":[{"name":"wp","href":"https:\/\/api.w.org\/{rel}","templated":true}]}}