{"id":99,"date":"2015-03-16T07:22:54","date_gmt":"2015-03-16T07:22:54","guid":{"rendered":"http:\/\/blogsaverroes.juntadeandalucia.es\/pre\/ceip\/?page_id=99"},"modified":"2025-03-11T11:56:18","modified_gmt":"2025-03-11T10:56:18","slug":"comedor-escolar","status":"publish","type":"page","link":"https:\/\/blogsaverroes.juntadeandalucia.es\/ceipcarmensedofeito\/comedor-escolar\/","title":{"rendered":"Comedor escolar"},"content":{"rendered":"<h4><a title=\"SOLICITUD\" href=\"https:\/\/portals.ced.junta-andalucia.es\/educacion\/portals\/delegate\/content\/6c4342f7-1581-4c26-bc7e-2e49b4b64cee\" target=\"_blank\" rel=\"noopener\"><img loading=\"lazy\" decoding=\"async\" class=\"size-medium wp-image-2397 alignleft\" src=\"https:\/\/blogsaverroes.juntadeandalucia.es\/ceipcarmensedofeito\/files\/2025\/02\/comedor1-300x228.png\" alt=\"\" width=\"300\" height=\"228\" srcset=\"https:\/\/blogsaverroes.juntadeandalucia.es\/ceipcarmensedofeito\/files\/2025\/02\/comedor1-300x228.png 300w, https:\/\/blogsaverroes.juntadeandalucia.es\/ceipcarmensedofeito\/files\/2025\/02\/comedor1.png 469w\" sizes=\"(max-width: 300px) 100vw, 300px\" \/><\/a>COMEDOR ESCOLAR<\/h4>\n<p>Los comedores escolares son un servicio complementario que resulta de gran utilidad a padres y madres para ayudarles a&nbsp;conciliar la vida laboral y familiar. Tienen una duraci\u00f3n de hasta dos horas desde que acaba la jornada escolar de la ma\u00f1ana (de 14.00 a 16.00 horas).<\/p>\n<p>&nbsp;<\/p>\n<p>El servicio de comedor lo oferta el CEIP Jos\u00e9 de la Vega al que acude nuestro alumnado al finalizar la jornada escolar.<\/p>\n<p><span style=\"text-decoration: underline\">ADEM\u00c1S<\/span>:<\/p>\n<p>&#8211; El uso del servicio del comedor escolar podr\u00e1 ser solicitado por las familias por meses completos o para d\u00edas concretos de la semana.<br \/>\n&#8211; Los usuarios\/as del servicio de comedor, una vez hayan almorzado, podr\u00e1n salir del edificio s\u00f3lo con sus tutores legales o por otros adultos, previa autorizaci\u00f3n por escrito del padre o madre.<br \/>\n&#8211; El servicio ser\u00e1 atendido por monitores\/as.<br \/>\n&#8211; Los usuarios\/as del servicio tendr\u00e1n derecho a las ayudas que anualmente la Consejer\u00eda establezca.<br \/>\n&#8211; En el dise\u00f1o y programaci\u00f3n de los men\u00fas deber\u00e1 tenerse en cuenta las recomendaciones y orientaciones diet\u00e9ticas conforme a lo dispuesto en la normativa vigente sobre seguridad alimentaria y nutrici\u00f3n para que la organizaci\u00f3n de los mismos responda a una<strong> alimentaci\u00f3n equilibrada y saludable<\/strong>.<br \/>\n&#8211; La programaci\u00f3n de los men\u00fas se expondr\u00e1 mensualmente en el tabl\u00f3n de anuncios del centro y se dar\u00e1 a conocer a los guardadores del alumnado usuario del comedor escolar.<\/p>\n<h4><a href=\"https:\/\/blogsaverroes.juntadeandalucia.es\/ceipjosevegabarrios\/comedor-escolar\/\" target=\"_blank\" rel=\"noopener\">Informaci\u00f3n importante del comedor en el blog de Jos\u00e9 de la Vega.<\/a><\/h4>\n<h4><a href=\"https:\/\/portales.ced.junta-andalucia.es\/educacion\/portales\/familias\/servicios-complementarios\/actividades-extraescolares\">NORMATIVA<\/a><\/h4>\n<p><strong><a href=\"https:\/\/portals.ced.junta-andalucia.es\/educacion\/portals\/delegate\/content\/6c4342f7-1581-4c26-bc7e-2e49b4b64cee\" target=\"_blank\" rel=\"noopener\">SOLICITUD<\/a><\/strong><\/p>\n","protected":false},"excerpt":{"rendered":"<p>COMEDOR ESCOLAR Los comedores escolares son un servicio complementario que resulta de gran utilidad a padres y madres para ayudarles a&nbsp;conciliar la vida laboral y&hellip;<\/p>\n","protected":false},"author":1,"featured_media":0,"parent":0,"menu_order":0,"comment_status":"closed","ping_status":"open","template":"","meta":{"ngg_post_thumbnail":0,"footnotes":"","_mc_calendar":[]},"aioseo_notices":[],"_links":{"self":[{"href":"https:\/\/blogsaverroes.juntadeandalucia.es\/ceipcarmensedofeito\/wp-json\/wp\/v2\/pages\/99"}],"collection":[{"href":"https:\/\/blogsaverroes.juntadeandalucia.es\/ceipcarmensedofeito\/wp-json\/wp\/v2\/pages"}],"about":[{"href":"https:\/\/blogsaverroes.juntadeandalucia.es\/ceipcarmensedofeito\/wp-json\/wp\/v2\/types\/page"}],"author":[{"embeddable":true,"href":"https:\/\/blogsaverroes.juntadeandalucia.es\/ceipcarmensedofeito\/wp-json\/wp\/v2\/users\/1"}],"replies":[{"embeddable":true,"href":"https:\/\/blogsaverroes.juntadeandalucia.es\/ceipcarmensedofeito\/wp-json\/wp\/v2\/comments?post=99"}],"version-history":[{"count":12,"href":"https:\/\/blogsaverroes.juntadeandalucia.es\/ceipcarmensedofeito\/wp-json\/wp\/v2\/pages\/99\/revisions"}],"predecessor-version":[{"id":2416,"href":"https:\/\/blogsaverroes.juntadeandalucia.es\/ceipcarmensedofeito\/wp-json\/wp\/v2\/pages\/99\/revisions\/2416"}],"wp:attachment":[{"href":"https:\/\/blogsaverroes.juntadeandalucia.es\/ceipcarmensedofeito\/wp-json\/wp\/v2\/media?parent=99"}],"curies":[{"name":"wp","href":"https:\/\/api.w.org\/{rel}","templated":true}]}}