{"id":2,"date":"2014-08-25T11:09:05","date_gmt":"2014-08-25T11:09:05","guid":{"rendered":"http:\/\/blogsaverroes.juntadeandalucia.es\/igge\/?page_id=2"},"modified":"2022-06-23T17:44:48","modified_gmt":"2022-06-23T17:44:48","slug":"pagina-ejemplo","status":"publish","type":"page","link":"https:\/\/blogsaverroes.juntadeandalucia.es\/ceipcarteia\/pagina-ejemplo\/","title":{"rendered":"Plan de Igualdad"},"content":{"rendered":"<p>Desde el CEIP Carteia trabajamos para la prevenci\u00f3n de la violencia en todos sus \u00e1mbitos. Con el desarrollo del plan de igualdad se pretende dar respuesta a la necesidad de conquistar derechos igualitarios para las mujeres y las ni\u00f1as, eliminando los obst\u00e1culos que se interponen a la igualdad real y al acceso al \u00e1mbito de lo p\u00fablico<\/p>\n<p>En el siguiente enlace podr\u00e9is ver nuestra memoria del plan de igualdad y prevenci\u00f3n de la memoria de g\u00e9nero del curso 2021\/22<\/p>\n<p><a href=\"https:\/\/blogsaverroes.juntadeandalucia.es\/ceipcarteia\/files\/2022\/06\/Plan-de-Igualdad-Pacto-de-Estado-1.pdf\">Plan de Igualdad-Pacto de Estado (1)<\/a><\/p>\n<p>&nbsp;<\/p>\n<p><a href=\"https:\/\/blogsaverroes.juntadeandalucia.es\/ceipcarteia\/files\/2022\/05\/logo_pacto_de_estado_pq.jpg\"><img fetchpriority=\"high\" decoding=\"async\" class=\"alignnone wp-image-2293\" src=\"https:\/\/blogsaverroes.juntadeandalucia.es\/ceipcarteia\/files\/2022\/05\/logo_pacto_de_estado_pq-300x240.jpg\" alt=\"\" width=\"268\" height=\"214\" srcset=\"https:\/\/blogsaverroes.juntadeandalucia.es\/ceipcarteia\/files\/2022\/05\/logo_pacto_de_estado_pq-300x240.jpg 300w, https:\/\/blogsaverroes.juntadeandalucia.es\/ceipcarteia\/files\/2022\/05\/logo_pacto_de_estado_pq.jpg 556w\" sizes=\"(max-width: 268px) 100vw, 268px\" \/><\/a><a href=\"https:\/\/blogsaverroes.juntadeandalucia.es\/ceipcarteia\/files\/2022\/06\/Puerta-violeta.jpg\"><img decoding=\"async\" class=\" wp-image-2309 alignright\" src=\"https:\/\/blogsaverroes.juntadeandalucia.es\/ceipcarteia\/files\/2022\/06\/Puerta-violeta-300x225.jpg\" alt=\"\" width=\"276\" height=\"207\" srcset=\"https:\/\/blogsaverroes.juntadeandalucia.es\/ceipcarteia\/files\/2022\/06\/Puerta-violeta-300x225.jpg 300w, https:\/\/blogsaverroes.juntadeandalucia.es\/ceipcarteia\/files\/2022\/06\/Puerta-violeta-768x576.jpg 768w, https:\/\/blogsaverroes.juntadeandalucia.es\/ceipcarteia\/files\/2022\/06\/Puerta-violeta.jpg 1024w\" sizes=\"(max-width: 276px) 100vw, 276px\" \/><\/a><\/p>\n<p>&nbsp;<\/p>\n","protected":false},"excerpt":{"rendered":"<p>Desde el CEIP Carteia trabajamos para la prevenci\u00f3n de la violencia en todos sus \u00e1mbitos. Con el desarrollo del plan de igualdad se pretende dar respuesta a la necesidad de conquistar derechos igualitarios para&#46;&#46;&#46;<\/p>\n","protected":false},"author":1,"featured_media":0,"parent":0,"menu_order":0,"comment_status":"closed","ping_status":"open","template":"","meta":{"ngg_post_thumbnail":0,"footnotes":"","_mc_calendar":[]},"aioseo_notices":[],"_links":{"self":[{"href":"https:\/\/blogsaverroes.juntadeandalucia.es\/ceipcarteia\/wp-json\/wp\/v2\/pages\/2"}],"collection":[{"href":"https:\/\/blogsaverroes.juntadeandalucia.es\/ceipcarteia\/wp-json\/wp\/v2\/pages"}],"about":[{"href":"https:\/\/blogsaverroes.juntadeandalucia.es\/ceipcarteia\/wp-json\/wp\/v2\/types\/page"}],"author":[{"embeddable":true,"href":"https:\/\/blogsaverroes.juntadeandalucia.es\/ceipcarteia\/wp-json\/wp\/v2\/users\/1"}],"replies":[{"embeddable":true,"href":"https:\/\/blogsaverroes.juntadeandalucia.es\/ceipcarteia\/wp-json\/wp\/v2\/comments?post=2"}],"version-history":[{"count":5,"href":"https:\/\/blogsaverroes.juntadeandalucia.es\/ceipcarteia\/wp-json\/wp\/v2\/pages\/2\/revisions"}],"predecessor-version":[{"id":2313,"href":"https:\/\/blogsaverroes.juntadeandalucia.es\/ceipcarteia\/wp-json\/wp\/v2\/pages\/2\/revisions\/2313"}],"wp:attachment":[{"href":"https:\/\/blogsaverroes.juntadeandalucia.es\/ceipcarteia\/wp-json\/wp\/v2\/media?parent=2"}],"curies":[{"name":"wp","href":"https:\/\/api.w.org\/{rel}","templated":true}]}}