{"id":1044,"date":"2022-10-08T09:44:39","date_gmt":"2022-10-08T08:44:39","guid":{"rendered":"https:\/\/blogsaverroes.juntadeandalucia.es\/ceipcasalcarrillo\/?page_id=1044"},"modified":"2025-05-22T12:09:39","modified_gmt":"2025-05-22T11:09:39","slug":"proa","status":"publish","type":"page","link":"https:\/\/blogsaverroes.juntadeandalucia.es\/ceipcasalcarrillo\/proa\/","title":{"rendered":"PROA"},"content":{"rendered":"<p><img loading=\"lazy\" decoding=\"async\" class=\"alignnone size-medium wp-image-6002\" src=\"https:\/\/blogsaverroes.juntadeandalucia.es\/ceipcasalcarrillo\/files\/2025\/05\/junta_logo-300x52.png\" alt=\"\" width=\"300\" height=\"52\" srcset=\"https:\/\/blogsaverroes.juntadeandalucia.es\/ceipcasalcarrillo\/files\/2025\/05\/junta_logo-300x52.png 300w, https:\/\/blogsaverroes.juntadeandalucia.es\/ceipcasalcarrillo\/files\/2025\/05\/junta_logo.png 422w\" sizes=\"(max-width: 300px) 100vw, 300px\" \/><img loading=\"lazy\" decoding=\"async\" class=\"alignnone size-medium wp-image-6003\" src=\"https:\/\/blogsaverroes.juntadeandalucia.es\/ceipcasalcarrillo\/files\/2025\/05\/feuropeos_logo-1-300x38.png\" alt=\"\" width=\"300\" height=\"38\"><img loading=\"lazy\" decoding=\"async\" class=\"alignnone size-full wp-image-6004\" src=\"https:\/\/blogsaverroes.juntadeandalucia.es\/ceipcasalcarrillo\/files\/2025\/05\/ue_logo.png\" alt=\"\" width=\"297\" height=\"73\"><\/p>\n<p>&nbsp;<\/p>\n<p><span style=\"font-size: 18pt\">\u00bfQU\u00c9 ES EL PROA?<\/span><\/p>\n<p><span style=\"font-size: 14pt\"><strong>PROA Andaluc\u00eda<\/strong> es una de las apuestas de la Consejer\u00eda de Desarrollo Educativo y Formaci\u00f3n Profesional para garantizar la igualdad de oportunidades, incrementar el \u00e9xito escolar del alumnado y prevenir el absentismo y el abandono escolar temprano, a trav\u00e9s del desarrollo de diferentes actuaciones que ponen el foco en la adecuaci\u00f3n de la respuesta educativa al alumnado con necesidades espec\u00edficas de apoyo educativo por precisar acciones de car\u00e1cter compensatorio.&nbsp;<\/span><\/p>\n<p><span style=\"font-size: 18pt\">\u00bfA QU\u00c9 ALUMNADO VA DIRIGIDO?<\/span><\/p>\n<p><span style=\"font-size: 14pt\">Con car\u00e1cter general, el alumnado al que se dirige el PROA Andaluc\u00eda ser\u00e1 el escolarizado en aquellos centros p\u00fablicos dependientes de la Consejer\u00eda de Educaci\u00f3n y Deporte de la Junta de Andaluc\u00eda que cada Delegaci\u00f3n Territorial de Educaci\u00f3n y Deporte, proponga cada curso de entre aquellos que impartan las ense\u00f1anzas de Educaci\u00f3n Primaria y Educaci\u00f3n Secundaria Obligatoria y que escolaricen a un n\u00famero significativo de alumnos y alumnas con necesidades espec\u00edficas de apoyo educativo por precisar acciones de car\u00e1cter compensatorio. Cada una de las actuaciones que componen el PROA Andaluc\u00eda cuenta con requisitos espec\u00edficos en relaci\u00f3n con el alumnado destinatario.<\/span><\/p>\n<p><span style=\"font-size: 18pt\">\u00bf EN QU\u00c9 CONSISTE?<\/span><\/p>\n<p><span style=\"font-size: 14pt\"><strong>Plan de Apoyo y Refuerzo en Centros de Educaci\u00f3n Primaria.(PARCEP)<\/strong><\/span><\/p>\n<p><span style=\"font-size: 14pt\">El Plan de Apoyo y Refuerzo en Centros de Educaci\u00f3n Primaria (PARCEP) se concibe como un proyecto global que, integrado dentro del Plan de Centro, pone en pr\u00e1ctica un conjunto de actuaciones encaminadas a la mejora de la calidad y cantidad de los aprendizajes, de la relaci\u00f3n del alumnado con el centro, de la participaci\u00f3n de las familias y de las posibilidades educativas del entorno del centro.<\/span><\/p>\n","protected":false},"excerpt":{"rendered":"<p>&nbsp; \u00bfQU\u00c9 ES EL PROA? PROA Andaluc\u00eda es una de las apuestas de la Consejer\u00eda de Desarrollo Educativo y Formaci\u00f3n Profesional para garantizar la igualdad de oportunidades, incrementar el \u00e9xito escolar del alumnado y prevenir el absentismo y el abandono escolar temprano, a trav\u00e9s del desarrollo de diferentes actuaciones que ponen el foco en la [&hellip;]<\/p>\n","protected":false},"author":16498,"featured_media":1609,"parent":0,"menu_order":0,"comment_status":"closed","ping_status":"closed","template":"","meta":{"_et_pb_use_builder":"","_et_pb_old_content":"","_et_gb_content_width":"","ngg_post_thumbnail":0,"footnotes":""},"aioseo_notices":[],"_links":{"self":[{"href":"https:\/\/blogsaverroes.juntadeandalucia.es\/ceipcasalcarrillo\/wp-json\/wp\/v2\/pages\/1044"}],"collection":[{"href":"https:\/\/blogsaverroes.juntadeandalucia.es\/ceipcasalcarrillo\/wp-json\/wp\/v2\/pages"}],"about":[{"href":"https:\/\/blogsaverroes.juntadeandalucia.es\/ceipcasalcarrillo\/wp-json\/wp\/v2\/types\/page"}],"author":[{"embeddable":true,"href":"https:\/\/blogsaverroes.juntadeandalucia.es\/ceipcasalcarrillo\/wp-json\/wp\/v2\/users\/16498"}],"replies":[{"embeddable":true,"href":"https:\/\/blogsaverroes.juntadeandalucia.es\/ceipcasalcarrillo\/wp-json\/wp\/v2\/comments?post=1044"}],"version-history":[{"count":6,"href":"https:\/\/blogsaverroes.juntadeandalucia.es\/ceipcasalcarrillo\/wp-json\/wp\/v2\/pages\/1044\/revisions"}],"predecessor-version":[{"id":6005,"href":"https:\/\/blogsaverroes.juntadeandalucia.es\/ceipcasalcarrillo\/wp-json\/wp\/v2\/pages\/1044\/revisions\/6005"}],"wp:featuredmedia":[{"embeddable":true,"href":"https:\/\/blogsaverroes.juntadeandalucia.es\/ceipcasalcarrillo\/wp-json\/wp\/v2\/media\/1609"}],"wp:attachment":[{"href":"https:\/\/blogsaverroes.juntadeandalucia.es\/ceipcasalcarrillo\/wp-json\/wp\/v2\/media?parent=1044"}],"curies":[{"name":"wp","href":"https:\/\/api.w.org\/{rel}","templated":true}]}}