{"id":1282,"date":"2023-02-09T20:13:26","date_gmt":"2023-02-09T19:13:26","guid":{"rendered":"https:\/\/blogsaverroes.juntadeandalucia.es\/ceipcasalcarrillo\/?page_id=1282"},"modified":"2023-02-20T15:59:26","modified_gmt":"2023-02-20T14:59:26","slug":"proyecto-egipto","status":"publish","type":"page","link":"https:\/\/blogsaverroes.juntadeandalucia.es\/ceipcasalcarrillo\/proyecto-egipto\/","title":{"rendered":"Proyecto Egipto"},"content":{"rendered":"<p><span style=\"font-size: 14pt\">El proyecto \u201cEl Antiguo Egipto\u201d lo elegimos porque es un tema que creemos despierta un gran inter\u00e9s en nuestros ni\u00f1os\/as, y hace volar su imaginaci\u00f3n. Lo planteamos con el prop\u00f3sito de acercarles a civilizaciones y costumbres diferentes y trabajar la lectoescritura a trav\u00e9s de los jerogl\u00edficos, trabajar en equipo a trav\u00e9s de la superaci\u00f3n de diferentes pruebas para liberar a Paula (nuestro personaje atrapado en el tiempo).<\/span><\/p>\n<p><span style=\"font-size: 18pt;color: #ff00ff\">INFANTIL<\/span><\/p>\n<p>ngg_shortcode_0_placeholder<span style=\"font-size: 18pt;color: #ff00ff\">PRIMARIA<\/span><\/p>\nngg_shortcode_1_placeholder\n","protected":false},"excerpt":{"rendered":"<p>El proyecto \u201cEl Antiguo Egipto\u201d lo elegimos porque es un tema que creemos despierta un gran inter\u00e9s en nuestros ni\u00f1os\/as, y hace volar su imaginaci\u00f3n. Lo planteamos con el prop\u00f3sito de acercarles a civilizaciones y costumbres diferentes y trabajar la lectoescritura a trav\u00e9s de los jerogl\u00edficos, trabajar en equipo a trav\u00e9s de la superaci\u00f3n de [&hellip;]<\/p>\n","protected":false},"author":16498,"featured_media":0,"parent":0,"menu_order":0,"comment_status":"closed","ping_status":"closed","template":"","meta":{"_et_pb_use_builder":"","_et_pb_old_content":"","_et_gb_content_width":"","ngg_post_thumbnail":0,"footnotes":""},"aioseo_notices":[],"_links":{"self":[{"href":"https:\/\/blogsaverroes.juntadeandalucia.es\/ceipcasalcarrillo\/wp-json\/wp\/v2\/pages\/1282"}],"collection":[{"href":"https:\/\/blogsaverroes.juntadeandalucia.es\/ceipcasalcarrillo\/wp-json\/wp\/v2\/pages"}],"about":[{"href":"https:\/\/blogsaverroes.juntadeandalucia.es\/ceipcasalcarrillo\/wp-json\/wp\/v2\/types\/page"}],"author":[{"embeddable":true,"href":"https:\/\/blogsaverroes.juntadeandalucia.es\/ceipcasalcarrillo\/wp-json\/wp\/v2\/users\/16498"}],"replies":[{"embeddable":true,"href":"https:\/\/blogsaverroes.juntadeandalucia.es\/ceipcasalcarrillo\/wp-json\/wp\/v2\/comments?post=1282"}],"version-history":[{"count":5,"href":"https:\/\/blogsaverroes.juntadeandalucia.es\/ceipcasalcarrillo\/wp-json\/wp\/v2\/pages\/1282\/revisions"}],"predecessor-version":[{"id":2230,"href":"https:\/\/blogsaverroes.juntadeandalucia.es\/ceipcasalcarrillo\/wp-json\/wp\/v2\/pages\/1282\/revisions\/2230"}],"wp:attachment":[{"href":"https:\/\/blogsaverroes.juntadeandalucia.es\/ceipcasalcarrillo\/wp-json\/wp\/v2\/media?parent=1282"}],"curies":[{"name":"wp","href":"https:\/\/api.w.org\/{rel}","templated":true}]}}