{"id":1356,"date":"2023-02-09T20:43:44","date_gmt":"2023-02-09T19:43:44","guid":{"rendered":"https:\/\/blogsaverroes.juntadeandalucia.es\/ceipcasalcarrillo\/?page_id=1356"},"modified":"2023-02-09T20:43:44","modified_gmt":"2023-02-09T19:43:44","slug":"proyecto-los-dinosaurios","status":"publish","type":"page","link":"https:\/\/blogsaverroes.juntadeandalucia.es\/ceipcasalcarrillo\/proyecto-los-dinosaurios\/","title":{"rendered":"Proyecto Los Dinosaurios"},"content":{"rendered":"<p><span style=\"font-size: 14pt\">El tema de este proyecto ha sido elegido por la curiosidad que estos particulares habitantes de la Tierra de hace millones de a\u00f1os despiertan en los ni\u00f1os y ni\u00f1as. <\/span><span style=\"font-size: 14pt\">El mundo de lo desconocido, de lo posiblemente \u201cmiedoso\u201d, de lo lejano y casi fant\u00e1stico\u2026\u2026.es un mundo que despierta mucho inter\u00e9s en los m\u00e1s peque\u00f1os\/as.<\/span><\/p>\nngg_shortcode_0_placeholder\n","protected":false},"excerpt":{"rendered":"<p>El tema de este proyecto ha sido elegido por la curiosidad que estos particulares habitantes de la Tierra de hace millones de a\u00f1os despiertan en los ni\u00f1os y ni\u00f1as. El mundo de lo desconocido, de lo posiblemente \u201cmiedoso\u201d, de lo lejano y casi fant\u00e1stico\u2026\u2026.es un mundo que despierta mucho inter\u00e9s en los m\u00e1s peque\u00f1os\/as.<\/p>\n","protected":false},"author":16498,"featured_media":0,"parent":0,"menu_order":0,"comment_status":"closed","ping_status":"closed","template":"","meta":{"_et_pb_use_builder":"","_et_pb_old_content":"","_et_gb_content_width":"","ngg_post_thumbnail":0,"footnotes":""},"aioseo_notices":[],"_links":{"self":[{"href":"https:\/\/blogsaverroes.juntadeandalucia.es\/ceipcasalcarrillo\/wp-json\/wp\/v2\/pages\/1356"}],"collection":[{"href":"https:\/\/blogsaverroes.juntadeandalucia.es\/ceipcasalcarrillo\/wp-json\/wp\/v2\/pages"}],"about":[{"href":"https:\/\/blogsaverroes.juntadeandalucia.es\/ceipcasalcarrillo\/wp-json\/wp\/v2\/types\/page"}],"author":[{"embeddable":true,"href":"https:\/\/blogsaverroes.juntadeandalucia.es\/ceipcasalcarrillo\/wp-json\/wp\/v2\/users\/16498"}],"replies":[{"embeddable":true,"href":"https:\/\/blogsaverroes.juntadeandalucia.es\/ceipcasalcarrillo\/wp-json\/wp\/v2\/comments?post=1356"}],"version-history":[{"count":1,"href":"https:\/\/blogsaverroes.juntadeandalucia.es\/ceipcasalcarrillo\/wp-json\/wp\/v2\/pages\/1356\/revisions"}],"predecessor-version":[{"id":1364,"href":"https:\/\/blogsaverroes.juntadeandalucia.es\/ceipcasalcarrillo\/wp-json\/wp\/v2\/pages\/1356\/revisions\/1364"}],"wp:attachment":[{"href":"https:\/\/blogsaverroes.juntadeandalucia.es\/ceipcasalcarrillo\/wp-json\/wp\/v2\/media?parent=1356"}],"curies":[{"name":"wp","href":"https:\/\/api.w.org\/{rel}","templated":true}]}}