{"id":1705,"date":"2023-02-12T12:37:50","date_gmt":"2023-02-12T11:37:50","guid":{"rendered":"https:\/\/blogsaverroes.juntadeandalucia.es\/ceipcasalcarrillo\/?page_id=1705"},"modified":"2023-02-13T08:26:45","modified_gmt":"2023-02-13T07:26:45","slug":"secretaria-virtual","status":"publish","type":"page","link":"https:\/\/blogsaverroes.juntadeandalucia.es\/ceipcasalcarrillo\/secretaria-virtual\/","title":{"rendered":"Secretar\u00eda"},"content":{"rendered":"<p>[et_pb_section fb_built=&#8221;1&#8243; admin_label=&#8221;section&#8221; _builder_version=&#8221;3.22&#8243; global_colors_info=&#8221;{}&#8221;][et_pb_row admin_label=&#8221;row&#8221; _builder_version=&#8221;3.25&#8243; background_size=&#8221;initial&#8221; background_position=&#8221;top_left&#8221; background_repeat=&#8221;repeat&#8221; global_colors_info=&#8221;{}&#8221;][et_pb_column type=&#8221;4_4&#8243; _builder_version=&#8221;3.25&#8243; custom_padding=&#8221;|||&#8221; global_colors_info=&#8221;{}&#8221; custom_padding__hover=&#8221;|||&#8221;][et_pb_text admin_label=&#8221;Text&#8221; _builder_version=&#8221;4.14.5&#8243; background_size=&#8221;initial&#8221; background_position=&#8221;top_left&#8221; background_repeat=&#8221;repeat&#8221; hover_enabled=&#8221;0&#8243; global_colors_info=&#8221;{}&#8221; sticky_enabled=&#8221;0&#8243;]<\/p>\n<h3><img loading=\"lazy\" decoding=\"async\" class=\"wp-image-1834 aligncenter size-full\" src=\"https:\/\/blogsaverroes.juntadeandalucia.es\/ceipcasalcarrillo\/files\/2023\/02\/te-esperamos-gif-11.gif\" alt=\"\" width=\"442\" height=\"185\"><\/h3>\n<h3 class=\"post-title entry-title\"><span style=\"color: #ff00ff;font-size: 18pt\"><strong>SECRETAR\u00cdA VIRTUAL<\/strong><\/span><\/h3>\n<div id=\"post-body-4673121794885707069\" class=\"post-body entry-content\">\n<p><span style=\"text-decoration: underline\"><span style=\"font-size: 14pt\">ADMISI\u00d3N Y ESCOLARIZACI\u00d3N&nbsp;<\/span><\/span><\/p>\n<p><span style=\"font-size: 14pt\">Acceso a toda la informaci\u00f3n:<\/span><\/p>\n<p><span style=\"font-size: 18pt;color: #ff0000\"><a style=\"color: #ff0000\" href=\"https:\/\/www.juntadeandalucia.es\/educacion\/portals\/web\/escolarizacion\" target=\"_blank\" rel=\"noopener noreferrer\">https:\/\/www.juntadeandalucia.es\/educacion\/portals\/web\/escolarizacion<\/a><\/span><\/p>\n<p><span style=\"font-size: 14pt\">Puede d<span style=\"font-size: 18pt\">escargar el&nbsp;<\/span><b><span style=\"font-size: 18pt\">IMPRES<\/span>O&nbsp;<\/b>de solicitud pulsando <span style=\"font-size: 18pt;color: #ff0000\">\ud83d\udc49<b><a style=\"color: #ff0000\" href=\"https:\/\/drive.google.com\/file\/d\/1-ay7Ik3nTrzLTKUsYvS0_cv7Ft6Zm3Zs\/view?usp=sharing\" target=\"_blank\" rel=\"noopener noreferrer\">AQU\u00cd<\/a>\ud83d\udc48<\/b><\/span><\/span><\/p>\n<p><span style=\"font-size: 14pt\">Y remitirlo al correo<span style=\"font-size: 18pt\"><span style=\"color: #ff0000\"> <strong><a class=\"text-break\" style=\"color: #ff0000\" href=\"mailto:11007272.edu@juntadeandalucia.es\" target=\"_blank\" rel=\"noopener noreferrer\">11007272.edu@juntadeandalucia.es<\/a><\/strong><\/span>&nbsp;j<\/span>unto con el resto de documentaci\u00f3n:<\/span><\/p>\n<ul>\n<li><span style=\"font-size: 14pt\">Fotocopia del DNI de la madre y el padre del solicitante<\/span><\/li>\n<li><span style=\"font-size: 14pt\">Fotocopia del Libro de Familia de la p\u00e1gina donde est\u00e9 inscrito el solicitante<\/span><\/li>\n<li><span style=\"font-size: 14pt\">Padr\u00f3n emitido por el Ayuntamiento<\/span><\/li>\n<li><span style=\"font-size: 14pt\">T\u00edtulo de familia numerosa<\/span><\/li>\n<\/ul>\n<\/div>\n<p>[\/et_pb_text][\/et_pb_column][\/et_pb_row][\/et_pb_section]<\/p>\n","protected":false},"excerpt":{"rendered":"<p>SECRETAR\u00cdA VIRTUAL ADMISI\u00d3N Y ESCOLARIZACI\u00d3N&nbsp; Acceso a toda la informaci\u00f3n: https:\/\/www.juntadeandalucia.es\/educacion\/portals\/web\/escolarizacion Puede descargar el&nbsp;IMPRESO&nbsp;de solicitud pulsando \ud83d\udc49AQU\u00cd\ud83d\udc48 Y remitirlo al correo 11007272.edu@juntadeandalucia.es&nbsp;junto con el resto de documentaci\u00f3n: Fotocopia del DNI de la madre y el padre del solicitante Fotocopia del Libro de Familia de la p\u00e1gina donde est\u00e9 inscrito el solicitante Padr\u00f3n emitido por el [&hellip;]<\/p>\n","protected":false},"author":16498,"featured_media":1707,"parent":0,"menu_order":0,"comment_status":"closed","ping_status":"closed","template":"","meta":{"_et_pb_use_builder":"on","_et_pb_old_content":"<h3 class=\"post-title entry-title\"><span style=\"color: #ff00ff;font-size: 18pt\"><strong>SECRETAR\u00cdA VIRTUAL<\/strong><\/span><\/h3>\r\n<div id=\"post-body-4673121794885707069\" class=\"post-body entry-content\">\r\n\r\n<span style=\"text-decoration: underline\"><span style=\"font-size: 14pt\">ADMISI\u00d3N Y ESCOLARIZACI\u00d3N\u00a0<\/span><\/span>\r\n\r\n<span style=\"font-size: 14pt\">Acceso a toda la informaci\u00f3n:<\/span>\r\n\r\n<span style=\"font-size: 18pt;color: #ff0000\"><a style=\"color: #ff0000\" href=\"https:\/\/www.juntadeandalucia.es\/educacion\/portals\/web\/escolarizacion\" target=\"_blank\" rel=\"noopener noreferrer\">https:\/\/www.juntadeandalucia.es\/educacion\/portals\/web\/escolarizacion<\/a><\/span>\r\n\r\n<span style=\"font-size: 14pt\">Puede d<span style=\"font-size: 18pt\">escargar el\u00a0<\/span><b><span style=\"font-size: 18pt\">IMPRES<\/span>O\u00a0<\/b>de solicitud pulsando <span style=\"font-size: 18pt;color: #ff0000\">\ud83d\udc49<b><a style=\"color: #ff0000\" href=\"https:\/\/drive.google.com\/file\/d\/1-ay7Ik3nTrzLTKUsYvS0_cv7Ft6Zm3Zs\/view?usp=sharing\" target=\"_blank\" rel=\"noopener noreferrer\">AQU\u00cd<\/a>\ud83d\udc48<\/b><\/span><\/span>\r\n\r\n<span style=\"font-size: 14pt\">Y remitirlo al correo<span style=\"font-size: 18pt\"><span style=\"color: #ff0000\"> <strong><a class=\"text-break\" style=\"color: #ff0000\" href=\"mailto:11007272.edu@juntadeandalucia.es\" target=\"_blank\" rel=\"noopener noreferrer\">11007272.edu@juntadeandalucia.es<\/a><\/strong><\/span>\u00a0j<\/span>unto con el resto de documentaci\u00f3n:<\/span>\r\n<ul>\r\n \t<li><span style=\"font-size: 14pt\">Fotocopia del DNI de la madre y el padre del solicitante<\/span><\/li>\r\n \t<li><span style=\"font-size: 14pt\">Fotocopia del Libro de Familia de la p\u00e1gina donde est\u00e9 inscrito el solicitante<\/span><\/li>\r\n \t<li><span style=\"font-size: 14pt\">Padr\u00f3n emitido por el Ayuntamiento<\/span><\/li>\r\n \t<li><span style=\"font-size: 14pt\">T\u00edtulo de familia numerosa<\/span><\/li>\r\n<\/ul>\r\n<\/div>","_et_gb_content_width":"","ngg_post_thumbnail":0,"footnotes":""},"aioseo_notices":[],"_links":{"self":[{"href":"https:\/\/blogsaverroes.juntadeandalucia.es\/ceipcasalcarrillo\/wp-json\/wp\/v2\/pages\/1705"}],"collection":[{"href":"https:\/\/blogsaverroes.juntadeandalucia.es\/ceipcasalcarrillo\/wp-json\/wp\/v2\/pages"}],"about":[{"href":"https:\/\/blogsaverroes.juntadeandalucia.es\/ceipcasalcarrillo\/wp-json\/wp\/v2\/types\/page"}],"author":[{"embeddable":true,"href":"https:\/\/blogsaverroes.juntadeandalucia.es\/ceipcasalcarrillo\/wp-json\/wp\/v2\/users\/16498"}],"replies":[{"embeddable":true,"href":"https:\/\/blogsaverroes.juntadeandalucia.es\/ceipcasalcarrillo\/wp-json\/wp\/v2\/comments?post=1705"}],"version-history":[{"count":8,"href":"https:\/\/blogsaverroes.juntadeandalucia.es\/ceipcasalcarrillo\/wp-json\/wp\/v2\/pages\/1705\/revisions"}],"predecessor-version":[{"id":1835,"href":"https:\/\/blogsaverroes.juntadeandalucia.es\/ceipcasalcarrillo\/wp-json\/wp\/v2\/pages\/1705\/revisions\/1835"}],"wp:featuredmedia":[{"embeddable":true,"href":"https:\/\/blogsaverroes.juntadeandalucia.es\/ceipcasalcarrillo\/wp-json\/wp\/v2\/media\/1707"}],"wp:attachment":[{"href":"https:\/\/blogsaverroes.juntadeandalucia.es\/ceipcasalcarrillo\/wp-json\/wp\/v2\/media?parent=1705"}],"curies":[{"name":"wp","href":"https:\/\/api.w.org\/{rel}","templated":true}]}}