{"id":1799,"date":"2023-02-12T23:53:58","date_gmt":"2023-02-12T22:53:58","guid":{"rendered":"https:\/\/blogsaverroes.juntadeandalucia.es\/ceipcasalcarrillo\/?page_id=1799"},"modified":"2025-05-28T20:08:31","modified_gmt":"2025-05-28T19:08:31","slug":"hemeroteca","status":"publish","type":"page","link":"https:\/\/blogsaverroes.juntadeandalucia.es\/ceipcasalcarrillo\/hemeroteca\/","title":{"rendered":"HEMEROTECA"},"content":{"rendered":"<p style=\"text-align: center\"><img loading=\"lazy\" decoding=\"async\" class=\"aligncenter wp-image-1807\" src=\"https:\/\/blogsaverroes.juntadeandalucia.es\/ceipcasalcarrillo\/files\/2023\/02\/giamportone180900378.jpg\" alt=\"\" width=\"225\" height=\"108\" srcset=\"https:\/\/blogsaverroes.juntadeandalucia.es\/ceipcasalcarrillo\/files\/2023\/02\/giamportone180900378.jpg 450w, https:\/\/blogsaverroes.juntadeandalucia.es\/ceipcasalcarrillo\/files\/2023\/02\/giamportone180900378-300x144.jpg 300w\" sizes=\"(max-width: 225px) 100vw, 225px\" \/><span style=\"font-size: 18pt;color: #ff0000\">EN LA IMAGEN PARA VER EL ART\u00cdCULO<\/span><\/p>\n<table style=\"border-collapse: collapse;width: 100%;height: 698px\">\n<tbody>\n<tr>\n<td style=\"width: 49.7908%\">\n<p style=\"text-align: center\"><a href=\"https:\/\/www.diariodecadiz.es\/sanfernando\/San-Fernando-premios-mejores-expedientes-academicos-cursos-pandemia_0_1777323770.html\" target=\"_blank\" rel=\"noopener noreferrer\"><img loading=\"lazy\" decoding=\"async\" class=\"aligncenter wp-image-2474\" src=\"https:\/\/blogsaverroes.juntadeandalucia.es\/ceipcasalcarrillo\/files\/2023\/03\/MAR\u00cdA.jpg\" alt=\"\" width=\"351\" height=\"234\" srcset=\"https:\/\/blogsaverroes.juntadeandalucia.es\/ceipcasalcarrillo\/files\/2023\/03\/MAR\u00cdA.jpg 1024w, https:\/\/blogsaverroes.juntadeandalucia.es\/ceipcasalcarrillo\/files\/2023\/03\/MAR\u00cdA-300x200.jpg 300w, https:\/\/blogsaverroes.juntadeandalucia.es\/ceipcasalcarrillo\/files\/2023\/03\/MAR\u00cdA-768x512.jpg 768w, https:\/\/blogsaverroes.juntadeandalucia.es\/ceipcasalcarrillo\/files\/2023\/03\/MAR\u00cdA-980x653.jpg 980w, https:\/\/blogsaverroes.juntadeandalucia.es\/ceipcasalcarrillo\/files\/2023\/03\/MAR\u00cdA-480x320.jpg 480w\" sizes=\"(max-width: 351px) 100vw, 351px\" \/><\/a><a href=\"https:\/\/www.diariodecadiz.es\/sanfernando\/San-Fernando-premios-mejores-expedientes-academicos-cursos-pandemia_0_1777323770.html\" target=\"_blank\" rel=\"noopener noreferrer\"><span style=\"font-size: 18pt\">Saldada una deuda pendiente en San Fernando: entregados los premios a los mejores expedientes acad\u00e9micos de los cursos de la pandemia<\/span><\/a><\/p>\n<\/td>\n<td style=\"width: 50.1046%\">\n<h1 class=\"pg-bkn-headline\"><a href=\"https:\/\/www.diariodecadiz.es\/cadiz\/CEIP-Padre-Carrillo-Fernando-Diario_3_1778852105.html#slide-1\" target=\"_blank\" rel=\"noopener noreferrer\"><strong><img loading=\"lazy\" decoding=\"async\" class=\"aligncenter wp-image-2480\" src=\"https:\/\/blogsaverroes.juntadeandalucia.es\/ceipcasalcarrillo\/files\/2023\/03\/CEIP-Padre-Carrillo-Fernando-Diario_1778832651_180156202_1024x768.jpg\" alt=\"\" width=\"305\" height=\"229\"><\/strong><\/a>El CEIP Padre Jos\u00e9 Casal Carrillo de San Fernando visita Diario de C\u00e1diz<\/h1>\n<\/td>\n<\/tr>\n<tr>\n<td style=\"width: 49.7908%\"><a href=\"https:\/\/www.rtvsol.es\/noticias\/andalucia\/la-junta-entrega-los-premios-del-concurso-que-es-para-ti-el-112-en-la-provincia-de-cadiz\" target=\"_blank\" rel=\"noopener noreferrer\"><img loading=\"lazy\" decoding=\"async\" class=\"aligncenter wp-image-2359\" src=\"https:\/\/blogsaverroes.juntadeandalucia.es\/ceipcasalcarrillo\/files\/2023\/03\/1122.jpg\" alt=\"\" width=\"388\" height=\"291\"><\/a><\/p>\n<h2 class=\"itemTitle\"><a href=\"https:\/\/www.rtvsol.es\/noticias\/andalucia\/la-junta-entrega-los-premios-del-concurso-que-es-para-ti-el-112-en-la-provincia-de-cadiz\" target=\"_blank\" rel=\"noopener noreferrer\">La Junta entrega los premios del concurso \u00bfQu\u00e9 es para ti el 112? en la provincia de C\u00e1diz<\/a><\/h2>\n<\/td>\n<td style=\"width: 50.1046%\">\n<h1 class=\"pg-bkn-headline\"><a href=\"https:\/\/www.diariodecadiz.es\/sanfernando\/colegio-Casal-Carrillo-San-Fernando-proyecto-medios-comunicacion_0_1775523057.html?utm_source=whatsapp.com&amp;utm_medium=socialshare&amp;utm_campaign=mobile_web\" target=\"_blank\" rel=\"noopener noreferrer\">El colegio Casal Carrillo de San Fernando desarrolla este curso un proyecto sobre medios de comunicaci\u00f3n<\/a><\/h1>\n<p><a href=\"https:\/\/www.diariodecadiz.es\/sanfernando\/colegio-Casal-Carrillo-San-Fernando-proyecto-medios-comunicacion_0_1775523057.html?utm_source=whatsapp.com&amp;utm_medium=socialshare&amp;utm_campaign=mobile_web\" target=\"_blank\" rel=\"noopener noreferrer\"><img loading=\"lazy\" decoding=\"async\" class=\"wp-image-2435 aligncenter\" src=\"https:\/\/blogsaverroes.juntadeandalucia.es\/ceipcasalcarrillo\/files\/2023\/03\/Mirian-Peralta-Reporterismo-Express-Carrillo_1775532821_179341486_667x375.jpg\" alt=\"\" width=\"321\" height=\"180\"><\/a><\/td>\n<\/tr>\n<tr style=\"height: 485px\">\n<td style=\"width: 49.7908%;text-align: center;height: 485px\">\n<p><div id=\"attachment_1800\" style=\"width: 369px\" class=\"wp-caption aligncenter\"><a href=\"https:\/\/www.europapress.es\/andalucia\/educacion-00651\/noticia-ceip-padre-jose-casal-carrillo-cadiz-celebra-dia-mujer-nina-ciencia-20220210184333.html\" target=\"_blank\" rel=\"noopener noreferrer\"><img loading=\"lazy\" decoding=\"async\" aria-describedby=\"caption-attachment-1800\" class=\" wp-image-1800\" src=\"https:\/\/blogsaverroes.juntadeandalucia.es\/ceipcasalcarrillo\/files\/2023\/02\/fotonoticia_20220210184333_1200.jpg\" alt=\"\" width=\"359\" height=\"270\"><\/a><p id=\"caption-attachment-1800\" class=\"wp-caption-text\"><span style=\"font-size: 18pt\"><strong>El CEIP Padre Jos\u00e9 Casal Carrillo (C\u00e1diz) celebra el D\u00eda de la Mujer y la Ni\u00f1a en la Ciencia<\/strong><\/span><\/p><\/div><\/td>\n<td style=\"width: 50.1046%;text-align: center;height: 485px\">\n<h2 class=\"\"><span class=\"strong_underline\">Cient\u00edficas de la UCA acercan su trabajo y experiencias investigadoras a escolares de San Fernando<\/span><\/h2>\n<p><a href=\"https:\/\/www.uca.es\/noticia\/cientificas-de-la-uca-acercan-su-trabajo-y-experiencias-investigadoras-a-escolares-de-san-fernando\/\" target=\"_blank\" rel=\"noopener noreferrer\"><img loading=\"lazy\" decoding=\"async\" class=\"aligncenter wp-image-1801\" src=\"https:\/\/blogsaverroes.juntadeandalucia.es\/ceipcasalcarrillo\/files\/2023\/02\/infaciencia4.jpg\" alt=\"\" width=\"476\" height=\"222\"><\/a><\/td>\n<\/tr>\n<tr style=\"height: 27px\">\n<td style=\"width: 49.7908%;height: 27px;text-align: center\"><a href=\"https:\/\/andaluciainformacion.es\/san-fernando\/741786\/entrega-de-premios-del-concurso-del-cortometrajes-del-casal-carrillo\/\" target=\"_blank\" rel=\"noopener noreferrer\"><img loading=\"lazy\" decoding=\"async\" class=\"aligncenter wp-image-1802\" src=\"https:\/\/blogsaverroes.juntadeandalucia.es\/ceipcasalcarrillo\/files\/2023\/02\/articulos-617750.jpg\" alt=\"\" width=\"382\" height=\"255\"><\/a><\/p>\n<h1>Entrega de premios del Concurso del Cortometrajes del Casal Carrillo<\/h1>\n<\/td>\n<td style=\"width: 50.1046%;height: 27px;text-align: center\">\n<h1>Descubren una placa en honor de Jos\u00e9 Casal Carrillo en el colegio que lleva el nombre del sacerdote<\/h1>\n<p><a href=\"https:\/\/andaluciainformacion.es\/san-fernando\/263401\/descubren-una-placa-en-honor-de-jose-casal-carrillo-en-el-colegio-que-lleva-el-nombre-del-sacerdote\/\" target=\"_blank\" rel=\"noopener noreferrer\"><img loading=\"lazy\" decoding=\"async\" class=\"aligncenter wp-image-1803\" src=\"https:\/\/blogsaverroes.juntadeandalucia.es\/ceipcasalcarrillo\/files\/2023\/02\/articulos-150495.jpg\" alt=\"\" width=\"403\" height=\"268\"><\/a><\/td>\n<\/tr>\n<tr style=\"height: 23px\">\n<td style=\"width: 49.7908%;height: 23px;text-align: center\"><a href=\"https:\/\/www.diariodecadiz.es\/sanfernando\/colegio-Casal-Carrillo-San-Fernando-encuentro-mujeres-cientificas_0_1655234864.html\" target=\"_blank\" rel=\"noopener noreferrer\"><img loading=\"lazy\" decoding=\"async\" class=\"aligncenter wp-image-1804\" src=\"https:\/\/blogsaverroes.juntadeandalucia.es\/ceipcasalcarrillo\/files\/2023\/02\/Decoracion-trabajos-cientificas-Casal-Carrillo_1655245018_151714886_667x375.jpg\" alt=\"\" width=\"372\" height=\"209\"><\/a><\/p>\n<h1 class=\"pg-bkn-headline\">El colegio Casal Carrillo de San Fernando acoge un encuentro de mujeres cient\u00edficas<\/h1>\n<\/td>\n<td style=\"width: 50.1046%;height: 23px;text-align: center\">\n<h1 class=\"qt-caption qt-spacer-s\">EL CEIP CASAL CARRILLO SE LLENA DE FLAMENCO DURANTE TODA LA SEMANA<\/h1>\n<p><a href=\"https:\/\/radiolaisla.com\/noticias\/el-ceip-casal-carrillo-se-llena-de-flamenco-durante-toda-la-semana\/\" target=\"_blank\" rel=\"noopener noreferrer\"><img loading=\"lazy\" decoding=\"async\" class=\"aligncenter wp-image-1805\" src=\"https:\/\/blogsaverroes.juntadeandalucia.es\/ceipcasalcarrillo\/files\/2023\/02\/FLAMENCO-768x576-1.jpg\" alt=\"\" width=\"264\" height=\"198\"><\/a><\/td>\n<\/tr>\n<tr style=\"height: 23px\">\n<td style=\"width: 49.7908%;height: 23px;text-align: center\"><a href=\"https:\/\/informacionpuentegenil.es\/san-fernando\/787645\/el-arte-flamenco-se-cuela-en-las-aulas-del-colegio-casal-carrillo\/\" target=\"_blank\" rel=\"noopener noreferrer\"><img loading=\"lazy\" decoding=\"async\" class=\"aligncenter size-full wp-image-1806\" src=\"https:\/\/blogsaverroes.juntadeandalucia.es\/ceipcasalcarrillo\/files\/2023\/02\/descarga.jpg\" alt=\"\" width=\"275\" height=\"183\"><\/a><\/p>\n<h2>El arte flamenco se cuela en las aulas del colegio Casal Carrillo<\/h2>\n<\/td>\n<td style=\"width: 50.1046%;height: 23px;text-align: center\"><a href=\"https:\/\/andaluciainformacion.es\/san-fernando\/738384\/el-colegio-casal-carrillo-inaugura-su-huerto-escolar\/\" target=\"_blank\" rel=\"noopener noreferrer\"><img loading=\"lazy\" decoding=\"async\" class=\"aligncenter wp-image-1808\" src=\"https:\/\/blogsaverroes.juntadeandalucia.es\/ceipcasalcarrillo\/files\/2023\/02\/articulos-612666.jpg\" alt=\"\" width=\"312\" height=\"208\"><\/a><\/p>\n<h1>El colegio Casal Carrillo inaugura su huerto escolar<\/h1>\n<\/td>\n<\/tr>\n<tr style=\"height: 25px\">\n<td style=\"width: 49.7908%;height: 25px;text-align: center\"><a href=\"https:\/\/www.diariodecadiz.es\/sanfernando\/Parque-Certamen-Villancicos-Escuela-Publica-San-Fernando_0_1748825534.html\" target=\"_blank\" rel=\"noopener noreferrer\"><img loading=\"lazy\" decoding=\"async\" class=\"aligncenter wp-image-1809\" src=\"https:\/\/blogsaverroes.juntadeandalucia.es\/ceipcasalcarrillo\/files\/2023\/02\/Aspecto-presentaba-certamen-villancicos-colegios_1308479502_92387693_667x375.jpg\" alt=\"\" width=\"358\" height=\"201\"><\/a><\/p>\n<h1 class=\"pg-bkn-headline\">El Parque acoger\u00e1 este martes el IV Certamen de Villancicos de la Escuela P\u00fablica de San Fernando<\/h1>\n<\/td>\n<td style=\"width: 50.1046%;height: 25px;text-align: center\">\n<h1>500 estudiantes participar\u00e1n en el IV Certamen de Villancicos de la Escuela P\u00fablica<\/h1>\n<p><a href=\"https:\/\/www.diariodecadiz.es\/sanfernando\/Parque-Certamen-Villancicos-Escuela-Publica-San-Fernando_0_1748825534.html\" target=\"_blank\" rel=\"noopener noreferrer\"><img loading=\"lazy\" decoding=\"async\" class=\"aligncenter wp-image-1810\" src=\"https:\/\/blogsaverroes.juntadeandalucia.es\/ceipcasalcarrillo\/files\/2023\/02\/articulos-1077144.jpg\" alt=\"\" width=\"334\" height=\"188\"><\/a><\/td>\n<\/tr>\n<tr style=\"height: 23px\">\n<td style=\"width: 49.7908%;height: 23px;text-align: center\"><a href=\"https:\/\/www.diariodecadiz.es\/sanfernando\/San-Fernando-colegio-Casal-Carrillo-despide-su-policia-barrio_0_1506749564.html\" target=\"_blank\" rel=\"noopener noreferrer\"><img loading=\"lazy\" decoding=\"async\" class=\"aligncenter wp-image-1811\" src=\"https:\/\/blogsaverroes.juntadeandalucia.es\/ceipcasalcarrillo\/files\/2023\/02\/Despedida-colegio-Casal-Carrillo-policia_1506759635_126347489_667x375.jpg\" alt=\"\" width=\"345\" height=\"194\"><\/a><\/p>\n<h1 class=\"pg-bkn-headline\">El colegio Casal Carrillo despide a su polic\u00eda de barrio<\/h1>\n<\/td>\n<td style=\"width: 50.1046%;height: 23px;text-align: center\">\n<h2>El CEIP Casal Carrillo abre una intensa semana dedicada al flamenco<\/h2>\n<p><a href=\"https:\/\/www.elcastillodesanfernando.es\/2018\/11\/el-ceip-casal-carrillo-abre-una-intensa-semana-dedicada-al-flamenco\/\" target=\"_blank\" rel=\"noopener noreferrer\"><img loading=\"lazy\" decoding=\"async\" class=\"aligncenter size-full wp-image-1812\" src=\"https:\/\/blogsaverroes.juntadeandalucia.es\/ceipcasalcarrillo\/files\/2023\/02\/descarga-1.jpg\" alt=\"\" width=\"275\" height=\"183\"><\/a><\/td>\n<\/tr>\n<tr style=\"height: 23px\">\n<td style=\"width: 49.7908%;height: 23px;text-align: center\"><a href=\"https:\/\/www.deportedelaisla.com\/2022-11-04\/san-fernando-cd\/galeria-fotos-visita-san-fernando-cd-colegio-casal-carrillo\" target=\"_blank\" rel=\"noopener noreferrer\"><img loading=\"lazy\" decoding=\"async\" class=\"aligncenter wp-image-1813\" src=\"https:\/\/blogsaverroes.juntadeandalucia.es\/ceipcasalcarrillo\/files\/2023\/02\/1667516400-08.jpg\" alt=\"\" width=\"372\" height=\"240\"><\/a><\/p>\n<h1 class=\"pg-bkn-headline\">Galer\u00eda de fotos visita CD San Fernando<\/h1>\n<\/td>\n<td style=\"width: 50.1046%;height: 23px;text-align: center\">\n<h1>El colegio Casal Carrillo homenajea al cantaor Jes\u00fas Castilla<\/h1>\n<p><a href=\"https:\/\/andaluciainformacion.es\/san-fernando\/860150\/el-colegio-casal-carrillo-homenajea-al-cantaor-jesus-castilla\/\" target=\"_blank\" rel=\"noopener noreferrer\"><img loading=\"lazy\" decoding=\"async\" class=\"aligncenter wp-image-1814\" src=\"https:\/\/blogsaverroes.juntadeandalucia.es\/ceipcasalcarrillo\/files\/2023\/02\/1911121431_jornada-flamenco-casal-carrillo.00002.jpg\" alt=\"\" width=\"320\" height=\"180\"><\/a><\/td>\n<\/tr>\n<tr style=\"height: 23px\">\n<td style=\"width: 49.7908%;height: 23px;text-align: center\"><a href=\"https:\/\/www.diariodecadiz.es\/sanfernando\/semana-flamenco-colegio-casal-carrillo-San-Fernando_0_1409259331.html\" target=\"_blank\" rel=\"noopener noreferrer\"><img loading=\"lazy\" decoding=\"async\" class=\"aligncenter wp-image-1815\" src=\"https:\/\/blogsaverroes.juntadeandalucia.es\/ceipcasalcarrillo\/files\/2023\/02\/Jesus-Castilla-actuacion-Casal-Carrillo_1409269296_112499518_1200x675.jpg\" alt=\"\" width=\"391\" height=\"220\"><\/a><\/p>\n<h1 class=\"pg-bkn-headline\">De las clases de guitarra a las Alegr\u00edas del Casal Carrillo<\/h1>\n<\/td>\n<td style=\"width: 50.1046%;height: 23px;text-align: center\">\n<h1 class=\"pg-bkn-headline\">&#8216;And the winner is&#8230;&#8217; el colegio Casal Carrillo<\/h1>\n<p><a href=\"https:\/\/www.diariodecadiz.es\/sanfernando\/And-winner-colegio-Casal-Carrillo_0_1226577907.html\" target=\"_blank\" rel=\"noopener noreferrer\"><img loading=\"lazy\" decoding=\"async\" class=\"aligncenter wp-image-1816\" src=\"https:\/\/blogsaverroes.juntadeandalucia.es\/ceipcasalcarrillo\/files\/2023\/02\/gimnasio-Casal-Carrillo-decorado-preparados_1226587683_81947514_667x375.jpg\" alt=\"\" width=\"364\" height=\"205\"><\/a><\/td>\n<\/tr>\n<tr style=\"height: 23px\">\n<td style=\"width: 49.7908%;height: 23px;text-align: center\"><a href=\"https:\/\/www.asociacionmuseke.org\/index.php\/noticias-museke\/198-sensibilizacion-en-san-fernando\" target=\"_blank\" rel=\"noopener noreferrer\"><img loading=\"lazy\" decoding=\"async\" class=\"aligncenter wp-image-1818\" src=\"https:\/\/blogsaverroes.juntadeandalucia.es\/ceipcasalcarrillo\/files\/2023\/02\/proyectos_atencion_infancia.jpg\" alt=\"\" width=\"329\" height=\"219\"><\/a><\/p>\n<h2>Sensibilizaci\u00f3n en San Fernando<\/h2>\n<\/td>\n<td style=\"width: 50.1046%;height: 23px;text-align: center\">\n<h1>Cinco centros con aulas espec\u00edficas en el encuentro del Casal Carrillo<\/h1>\n<p><a href=\"https:\/\/andaluciainformacion.es\/san-fernando\/756708\/cinco-centros-con-aulas-especificas-en-el-encuentro-del-casal-carrillo\/\" target=\"_blank\" rel=\"noopener noreferrer\"><img loading=\"lazy\" decoding=\"async\" class=\"aligncenter wp-image-1819\" src=\"https:\/\/blogsaverroes.juntadeandalucia.es\/ceipcasalcarrillo\/files\/2023\/02\/1805242206_aulas-especiales.2.jpg\" alt=\"\" width=\"317\" height=\"178\" srcset=\"https:\/\/blogsaverroes.juntadeandalucia.es\/ceipcasalcarrillo\/files\/2023\/02\/1805242206_aulas-especiales.2.jpg 460w, https:\/\/blogsaverroes.juntadeandalucia.es\/ceipcasalcarrillo\/files\/2023\/02\/1805242206_aulas-especiales.2-300x168.jpg 300w\" sizes=\"(max-width: 317px) 100vw, 317px\" \/><\/a><\/td>\n<\/tr>\n<tr style=\"height: 23px\">\n<td style=\"width: 49.7908%;height: 23px;text-align: center\"><a href=\"https:\/\/www.europasur.es\/noticias-provincia-cadiz\/Sandra-Doval-investigadora-numeros-explican-procesos-cerebrales-complejos_0_1655835835.html\" target=\"_blank\" rel=\"noopener noreferrer\"><img loading=\"lazy\" decoding=\"async\" class=\"aligncenter wp-image-1820\" src=\"https:\/\/blogsaverroes.juntadeandalucia.es\/ceipcasalcarrillo\/files\/2023\/02\/Sandra-Doval-bienvenida-Casal-Carrillo_1655845810_151875692_667x375.jpg\" alt=\"\" width=\"360\" height=\"202\"><\/a><\/p>\n<h1 class=\"pg-bkn-headline\">Sandra Doval, investigadora: &#8220;Con n\u00fameros se pueden explicar procesos cerebrales complejos&#8221;<\/h1>\n<\/td>\n<td style=\"width: 50.1046%;height: 23px;text-align: center\"><a href=\"https:\/\/www.portaldecadiz.com\/provinciacadiz\/80004-la-junta-entrega-los-premios-del-concurso-que-es-para-ti-el-112-en-la-provincia-de-cadiz\" target=\"_blank\" rel=\"noopener noreferrer\"><img loading=\"lazy\" decoding=\"async\" class=\"aligncenter wp-image-2320\" src=\"https:\/\/blogsaverroes.juntadeandalucia.es\/ceipcasalcarrillo\/files\/2023\/03\/fotografia_concurso_112.jpg\" alt=\"\" width=\"481\" height=\"235\" srcset=\"https:\/\/blogsaverroes.juntadeandalucia.es\/ceipcasalcarrillo\/files\/2023\/03\/fotografia_concurso_112.jpg 481w, https:\/\/blogsaverroes.juntadeandalucia.es\/ceipcasalcarrillo\/files\/2023\/03\/fotografia_concurso_112-480x234.jpg 480w\" sizes=\"(min-width: 0px) and (max-width: 480px) 480px, (min-width: 481px) 481px, 100vw\" \/><\/a><\/p>\n<h2><a href=\"https:\/\/www.portaldecadiz.com\/provinciacadiz\/80004-la-junta-entrega-los-premios-del-concurso-que-es-para-ti-el-112-en-la-provincia-de-cadiz\">La Junta entrega los premios del concurso \u00bfQu\u00e9 es para ti el 112? en la provincia de C\u00e1diz<\/a><\/h2>\n<\/td>\n<\/tr>\n<tr>\n<td style=\"width: 49.7908%;text-align: center\"><a href=\"https:\/\/www.diariodecadiz.es\/sanfernando\/Dia-Flamenco-homenaje-Jesus-Castilla-Casal-Carrillo-San-Fernando-video_0_1848416300.html\" target=\"_blank\" rel=\"noopener noreferrer\"><img loading=\"lazy\" decoding=\"async\" class=\"aligncenter size-full wp-image-3658\" src=\"https:\/\/blogsaverroes.juntadeandalucia.es\/ceipcasalcarrillo\/files\/2023\/11\/11.jpeg\" alt=\"\" width=\"1918\" height=\"886\" srcset=\"https:\/\/blogsaverroes.juntadeandalucia.es\/ceipcasalcarrillo\/files\/2023\/11\/11.jpeg 1918w, https:\/\/blogsaverroes.juntadeandalucia.es\/ceipcasalcarrillo\/files\/2023\/11\/11-1280x591.jpeg 1280w, https:\/\/blogsaverroes.juntadeandalucia.es\/ceipcasalcarrillo\/files\/2023\/11\/11-980x453.jpeg 980w, https:\/\/blogsaverroes.juntadeandalucia.es\/ceipcasalcarrillo\/files\/2023\/11\/11-480x222.jpeg 480w\" sizes=\"(min-width: 0px) and (max-width: 480px) 480px, (min-width: 481px) and (max-width: 980px) 980px, (min-width: 981px) and (max-width: 1280px) 1280px, (min-width: 1281px) 1918px, 100vw\" \/><\/a><\/p>\n<h1 class=\"pg-bkn-headline\">El D\u00eda del Flamenco triunfa en la celebraci\u00f3n con homenaje a Jes\u00fas Castilla del colegio Casal Carrillo<\/h1>\n<\/td>\n<td style=\"width: 50.1046%;text-align: center\">\n<h1 class=\"pg-bkn-headline\">San Fernando celebra el D\u00eda de la Paz con marchas y actividades solidarias en los colegios<a href=\"https:\/\/www.diariodecadiz.es\/sanfernando\/San-Fernando-Dia-Paz-marchas-actividades-solidarias-colegios-video_0_1870914716.html\" target=\"_blank\" rel=\"noopener noreferrer\"><img loading=\"lazy\" decoding=\"async\" class=\"aligncenter wp-image-4435\" src=\"https:\/\/blogsaverroes.juntadeandalucia.es\/ceipcasalcarrillo\/files\/2024\/02\/c40.jpg\" alt=\"\" width=\"447\" height=\"269\"><\/a><\/h1>\n<\/td>\n<\/tr>\n<tr>\n<td style=\"width: 49.7908%;text-align: center\">\n<h1><a href=\"https:\/\/informacionsanfernando.es\/san-fernando\/1563720\/los-pasacalles-escolares-llenan-de-alegria-y-serpentinas-las-calles-de-san-fernando\/\" target=\"_blank\" rel=\"noopener noreferrer\"><img loading=\"lazy\" decoding=\"async\" class=\"aligncenter wp-image-4544\" src=\"https:\/\/blogsaverroes.juntadeandalucia.es\/ceipcasalcarrillo\/files\/2024\/02\/Imagen-de-WhatsApp-2024-02-16-a-las-15.56.47_3bad8fff.jpg\" alt=\"\" width=\"357\" height=\"268\"><\/a><a href=\"https:\/\/informacionsanfernando.es\/san-fernando\/1563720\/los-pasacalles-escolares-llenan-de-alegria-y-serpentinas-las-calles-de-san-fernando\/\" target=\"_blank\" rel=\"noopener noreferrer\">Los pasacalles escolares llenan de alegr\u00eda y serpentinas las calles de San Fernando<\/a><\/h1>\n<h1 class=\"pg-bkn-headline\">&nbsp;<\/h1>\n<p>&nbsp;<\/td>\n<td style=\"width: 50.1046%;text-align: center\">\n<h1 class=\"pg-bkn-headline\">El colegio Casal Carrillo de San Fernando retoma su Encuentro de Aulas Espec\u00edficas<\/h1>\n<p><a href=\"https:\/\/www.diariodecadiz.es\/sanfernando\/colegio-Casal-Carrillo-San-Fernando-Encuentro-Aulas-Especificas_0_1877814211.html\" target=\"_blank\" rel=\"noopener noreferrer\"><img loading=\"lazy\" decoding=\"async\" class=\"aligncenter wp-image-4625\" src=\"https:\/\/blogsaverroes.juntadeandalucia.es\/ceipcasalcarrillo\/files\/2024\/02\/DSC_6447-scaled-e1708643272225.jpg\" alt=\"\" width=\"195\" height=\"197\"><\/a><\/td>\n<\/tr>\n<tr>\n<td style=\"width: 49.7908%;text-align: center\">\n<h1 class=\"titular\">El CEIP Casal Carrillo de San Fernando (C\u00e1diz) celebra su gala de los Oscars con premios a su alumnado<\/h1>\n<p><a href=\"El CEIP Casal Carrillo de San Fernando (C\u00e1diz) celebra su gala de los Oscars con premios a su alumnado\" target=\"_blank\" rel=\"noopener\"><img loading=\"lazy\" decoding=\"async\" class=\"aligncenter size-full wp-image-5324\" src=\"https:\/\/blogsaverroes.juntadeandalucia.es\/ceipcasalcarrillo\/files\/2024\/05\/2-e1716404448971.jpg\" alt=\"\" width=\"300\" height=\"139\"><\/a><\/p>\n<h1>&nbsp;<\/h1>\n<\/td>\n<td style=\"width: 50.1046%;text-align: center\">\n<h1 class=\"pg-bkn-headline\">El colegio Casal Carrillo hace gala de innovaci\u00f3n educativa con sus Premios \u00d3scar<\/h1>\n<h1 class=\"pg-bkn-headline\"><a href=\"https:\/\/www.diariodecadiz.es\/sanfernando\/colegio-Casal-Carrillo-Premios-Oscars-innovacion-educativa-San-Fernando-video_0_1905110445.html\" target=\"_blank\" rel=\"noopener\"><img loading=\"lazy\" decoding=\"async\" class=\"aligncenter size-full wp-image-5325\" src=\"https:\/\/blogsaverroes.juntadeandalucia.es\/ceipcasalcarrillo\/files\/2024\/05\/3-e1716404558666.jpg\" alt=\"\" width=\"300\" height=\"139\"><\/a><\/h1>\n<\/td>\n<\/tr>\n<tr>\n<td style=\"width: 49.7908%;text-align: center\">\n<h1>Las peque\u00f1as estrellas del Casal Carrillo brillan en su propia gala de los Oscar<\/h1>\n<p><a href=\"https:\/\/informacionsanfernando.es\/san-fernando\/1665851\/las-pequenas-estrellas-del-casal-carrillo-brillan-en-su-propia-gala-de-los-oscar\/\" target=\"_blank\" rel=\"noopener\"><img loading=\"lazy\" decoding=\"async\" class=\"aligncenter wp-image-5326\" src=\"https:\/\/blogsaverroes.juntadeandalucia.es\/ceipcasalcarrillo\/files\/2024\/05\/4-e1716404726758.jpg\" alt=\"\" width=\"147\" height=\"174\"><\/a><\/td>\n<td style=\"width: 50.1046%;text-align: center\">\n<h1 class=\"pg-bkn-headline\"><a href=\"https:\/\/www.diariodecadiz.es\/sanfernando\/cole-fogones-chefs-casal-carrillo_0_2004030318.html\" target=\"_blank\" rel=\"noopener\"><img loading=\"lazy\" decoding=\"async\" class=\"aligncenter  wp-image-6059\" src=\"https:\/\/blogsaverroes.juntadeandalucia.es\/ceipcasalcarrillo\/files\/2025\/05\/chef-1.png\" alt=\"\" width=\"282\" height=\"159\"><\/a><\/h1>\n<h1 class=\"headline-atom B-700-500-100-N B-850-500-150-N--md\"><a href=\"los chefs del Casal Carrillo de San Fernando\" target=\"_blank\" rel=\"noopener\">Del cole a los fogones: los chefs del Casal Carrillo de San Fernando<\/a><\/h1>\n<\/td>\n<\/tr>\n<\/tbody>\n<\/table>\n<p>&nbsp;<\/p>\n","protected":false},"excerpt":{"rendered":"<p>EN LA IMAGEN PARA VER EL ART\u00cdCULO Saldada una deuda pendiente en San Fernando: entregados los premios a los mejores expedientes acad\u00e9micos de los cursos de la pandemia El CEIP Padre Jos\u00e9 Casal Carrillo de San Fernando visita Diario de C\u00e1diz La Junta entrega los premios del concurso \u00bfQu\u00e9 es para ti el 112? en [&hellip;]<\/p>\n","protected":false},"author":16498,"featured_media":1822,"parent":0,"menu_order":0,"comment_status":"closed","ping_status":"closed","template":"","meta":{"_et_pb_use_builder":"","_et_pb_old_content":"","_et_gb_content_width":"","ngg_post_thumbnail":0,"footnotes":""},"aioseo_notices":[],"_links":{"self":[{"href":"https:\/\/blogsaverroes.juntadeandalucia.es\/ceipcasalcarrillo\/wp-json\/wp\/v2\/pages\/1799"}],"collection":[{"href":"https:\/\/blogsaverroes.juntadeandalucia.es\/ceipcasalcarrillo\/wp-json\/wp\/v2\/pages"}],"about":[{"href":"https:\/\/blogsaverroes.juntadeandalucia.es\/ceipcasalcarrillo\/wp-json\/wp\/v2\/types\/page"}],"author":[{"embeddable":true,"href":"https:\/\/blogsaverroes.juntadeandalucia.es\/ceipcasalcarrillo\/wp-json\/wp\/v2\/users\/16498"}],"replies":[{"embeddable":true,"href":"https:\/\/blogsaverroes.juntadeandalucia.es\/ceipcasalcarrillo\/wp-json\/wp\/v2\/comments?post=1799"}],"version-history":[{"count":15,"href":"https:\/\/blogsaverroes.juntadeandalucia.es\/ceipcasalcarrillo\/wp-json\/wp\/v2\/pages\/1799\/revisions"}],"predecessor-version":[{"id":6060,"href":"https:\/\/blogsaverroes.juntadeandalucia.es\/ceipcasalcarrillo\/wp-json\/wp\/v2\/pages\/1799\/revisions\/6060"}],"wp:featuredmedia":[{"embeddable":true,"href":"https:\/\/blogsaverroes.juntadeandalucia.es\/ceipcasalcarrillo\/wp-json\/wp\/v2\/media\/1822"}],"wp:attachment":[{"href":"https:\/\/blogsaverroes.juntadeandalucia.es\/ceipcasalcarrillo\/wp-json\/wp\/v2\/media?parent=1799"}],"curies":[{"name":"wp","href":"https:\/\/api.w.org\/{rel}","templated":true}]}}